{"id":10584,"date":"2023-07-22T10:27:06","date_gmt":"2023-07-22T10:27:06","guid":{"rendered":"http:\/\/www.efleawatch.com\/?page_id=10584"},"modified":"2024-07-26T09:00:02","modified_gmt":"2024-07-26T09:00:02","slug":"services-why-eflea-2","status":"publish","type":"page","link":"https:\/\/www.efleawatch.com\/en\/services-pourquoi-eflea\/","title":{"rendered":"Services Why Eflea"},"content":{"rendered":"<section class=\"section dark\" id=\"section_1466836404\">\n\t\t<div class=\"bg section-bg fill bg-fill\" >\n\n\t\t\t\n\t\t\t<div class=\"section-bg-overlay absolute fill\"><\/div>\n\t\t\t\n\n\t\t<\/div>\n\n\t\t\n\n\t\t<div class=\"section-content relative\">\n\t\t\t\n\n<div class=\"row\"  id=\"row-1171241071\">\n\n\n\t<div id=\"col-1069356287\" class=\"col medium-10 small-12 large-6\"  >\n\t\t\t\t<div class=\"col-inner text-center\"  >\n\t\t\t\n\t\t\t\n\n<h6>Eflea watch<\/h6>\n<h1><span style=\"font-size: 120%;\">Thanks to the eflea watch, you'll be safe wherever you are!<\/span><\/h1>\n<p>With the eflea connected watch, you'll always be connected to your loved ones, wherever they are,<br \/>you are !<\/p>\n<a href=\"https:\/\/www.efleawatch.com\/en\/product\/watch-4\/\" class=\"button success\"  style=\"border-radius:99px;padding:15px 30px 15px 30px;\">\n    <span>Place your order<\/span>\n  <i class=\"icon-angle-right\" aria-hidden=\"true\" ><\/i><\/a>\n\n\n\n\t\t<\/div>\n\t\t\t\t\t<\/div>\n\n\t\n\n<\/div>\n\n\t\t<\/div>\n\n\t\t\n<style>\n#section_1466836404 {\n  padding-top: 30px;\n  padding-bottom: 30px;\n  min-height: 600px;\n}\n#section_1466836404 .section-bg-overlay {\n  background-color: rgba(0,0,0,.5);\n}\n#section_1466836404 .section-bg.bg-loaded {\n  background-image: url(https:\/\/www.efleawatch.com\/wp-content\/uploads\/2024\/07\/2.jpg);\n}\n#section_1466836404 .section-bg {\n  background-position: 25% 41%;\n}\n<\/style>\n\t<\/section>\n\t\n\t<section class=\"section\" id=\"section_99315226\">\n\t\t<div class=\"bg section-bg fill bg-fill  bg-loaded\" >\n\n\t\t\t\n\t\t\t\n\t\t\t\n\n\t\t<\/div>\n\n\t\t\n\n\t\t<div class=\"section-content relative\">\n\t\t\t\n\n<div class=\"row align-center\" style=\"max-width:1400px\" id=\"row-1193763666\">\n\n\n\t<div id=\"col-394661066\" class=\"col medium-9 small-12 large-9\"  >\n\t\t\t\t<div class=\"col-inner text-center\" style=\"background-color:rgb(255,255,255);\" >\n\t\t\t\n\t\t\t\n\n<h6>Eflea watch <\/p>\n<\/h6>\n<h2>BENEFITS<\/h2>\n<p>For greater security, the eflea watch uses all cellular telephone networks, so it always communicates with the best telephone network in your region or locality.<\/p>\n\t<div id=\"gap-688509679\" class=\"gap-element clearfix\" style=\"display:block; height:auto;\">\n\t\t\n<style>\n#gap-688509679 {\n  padding-top: 30px;\n}\n<\/style>\n\t<\/div>\n\t\n\n<div class=\"row row-collapse\"  id=\"row-1681011300\">\n\n\n\t<div id=\"col-628745968\" class=\"col medium-10 small-12 large-10\"  >\n\t\t\t\t<div class=\"col-inner\"  >\n\t\t\t\n\t\t\t\n\n<div class=\"row row-large row-divided\"  id=\"row-1439356374\">\n\n\n\t<div id=\"col-341077265\" class=\"col medium-4 small-12 large-4\"  >\n\t\t\t\t<div class=\"col-inner\"  >\n\t\t\t\n\t\t\t\n\n\n\t\t<div class=\"icon-box featured-box icon-box-center text-center\"  >\n\t\t\t\t<div class=\"icon-box-text last-reset\">\n\t\t\t\t\t\t\t\t\t\n\n<h4>Fees <\/h4>\n<p>No service interruption fees.<\/p>\n\n\t\t<\/div>\n\t<\/div>\n\t\n\t\n\n\t\t<\/div>\n\t\t\t\t\t<\/div>\n\n\t\n\n\t<div id=\"col-1845064152\" class=\"col medium-4 small-12 large-4\"  >\n\t\t\t\t<div class=\"col-inner\"  >\n\t\t\t\n\t\t\t\n\n\n\t\t<div class=\"icon-box featured-box icon-box-center text-center\"  >\n\t\t\t\t<div class=\"icon-box-text last-reset\">\n\t\t\t\t\t\t\t\t\t\n\n<h4>Worldwide<\/p>\n<\/h4>\n<p>Operates in over 150 countries worldwide.<\/p>\n\n\t\t<\/div>\n\t<\/div>\n\t\n\t\n\n\t\t<\/div>\n\t\t\t\t\t<\/div>\n\n\t\n\n\t<div id=\"col-520504246\" class=\"col medium-4 small-12 large-4\"  >\n\t\t\t\t<div class=\"col-inner\"  >\n\t\t\t\n\t\t\t\n\n\n\t\t<div class=\"icon-box featured-box icon-box-center text-center\"  >\n\t\t\t\t<div class=\"icon-box-text last-reset\">\n\t\t\t\t\t\t\t\t\t\n\n<h4>Contract<\/h4>\n<p>No local telephone contract required for eflea watch<\/p>\n\n\t\t<\/div>\n\t<\/div>\n\t\n\t\n\n\t\t<\/div>\n\t\t\t\t\t<\/div>\n\n\t\n\n<\/div>\n\n\t\t<\/div>\n\t\t\t\t\t<\/div>\n\n\t\n\n<\/div>\n\n\t\t<\/div>\n\t\t\t\t\n<style>\n#col-394661066 > .col-inner {\n  padding: 80px 20px 80px 20px;\n  margin: -80px 0px 0px 0px;\n}\n<\/style>\n\t<\/div>\n\n\t\n\n<\/div>\n\t<div id=\"gap-130459164\" class=\"gap-element clearfix\" style=\"display:block; height:auto;\">\n\t\t\n<style>\n#gap-130459164 {\n  padding-top: 80px;\n}\n<\/style>\n\t<\/div>\n\t\n\n<div class=\"row row-large align-middle\"  id=\"row-550141741\">\n\n\n\t<div id=\"col-2116953079\" class=\"col medium-12 small-12 large-6\"  >\n\t\t\t\t<div class=\"col-inner\"  >\n\t\t\t\n\t\t\t\n\n<h2>GUARANTEE<\/h2>\n<p>12-month parts and labor warranty. Option to add 3-year ECare insurance available.<\/p>\n<a href=\"http:\/\/www.efleawatch.com\/en\/the-ecareprotection-plan-2\/\" class=\"button primary is-link\"  >\n    <span>See ECare information<\/span>\n  <i class=\"icon-angle-right\" aria-hidden=\"true\" ><\/i><\/a>\n\n\n\n\t\t<\/div>\n\t\t\t\t\t<\/div>\n\n\t\n\n\t<div id=\"col-2034376927\" class=\"col medium-12 small-12 large-6 medium-col-first\"  >\n\t\t\t\t<div class=\"col-inner\"  >\n\t\t\t\n\t\t\t\n\n<div class=\"row row-small\"  id=\"row-1670402140\">\n\n\n\t<div id=\"col-258811330\" class=\"col small-12 large-12\"  >\n\t\t\t\t<div class=\"col-inner\"  >\n\t\t\t\n\t\t\t\n\n\t<div class=\"img has-hover raduis22 x md-x lg-x y md-y lg-y\" id=\"image_1194295763\">\n\t\t\t\t\t\t\t\t<div class=\"img-inner dark\" >\n\t\t\t<img loading=\"lazy\" decoding=\"async\" width=\"800\" height=\"600\" src=\"https:\/\/www.efleawatch.com\/wp-content\/uploads\/2024\/07\/Eflea-la-montre.jpg\" class=\"attachment-large size-large\" alt=\"\" srcset=\"https:\/\/www.efleawatch.com\/wp-content\/uploads\/2024\/07\/Eflea-la-montre.jpg 800w, https:\/\/www.efleawatch.com\/wp-content\/uploads\/2024\/07\/Eflea-la-montre-533x400.jpg 533w, https:\/\/www.efleawatch.com\/wp-content\/uploads\/2024\/07\/Eflea-la-montre-768x576.jpg 768w, https:\/\/www.efleawatch.com\/wp-content\/uploads\/2024\/07\/Eflea-la-montre-16x12.jpg 16w, https:\/\/www.efleawatch.com\/wp-content\/uploads\/2024\/07\/Eflea-la-montre-600x450.jpg 600w\" sizes=\"auto, (max-width: 800px) 100vw, 800px\" \/>\t\t\t\t\t\t\n\t\t\t\t\t<\/div>\n\t\t\t\t\t\t\t\t\n<style>\n#image_1194295763 {\n  width: 100%;\n}\n<\/style>\n\t<\/div>\n\t\n\n\n\t\t<\/div>\n\t\t\t\t\t<\/div>\n\n\t\n\n<\/div>\n\n\t\t<\/div>\n\t\t\t\t\t<\/div>\n\n\t\n\n<\/div>\n\t<div id=\"gap-1118992313\" class=\"gap-element clearfix\" style=\"display:block; height:auto;\">\n\t\t\n<style>\n#gap-1118992313 {\n  padding-top: 80px;\n}\n<\/style>\n\t<\/div>\n\t\n\n<div class=\"row row-large align-middle\"  id=\"row-868497839\">\n\n\n\t<div id=\"col-2036459832\" class=\"col medium-12 small-12 large-6 medium-col-first\"  >\n\t\t\t\t<div class=\"col-inner\"  >\n\t\t\t\n\t\t\t\n\n<div class=\"row row-small\"  id=\"row-1079839133\">\n\n\n\t<div id=\"col-1237234740\" class=\"col medium-6 small-6 large-6\"  >\n\t\t\t\t<div class=\"col-inner\"  >\n\t\t\t\n\t\t\t\n\n\n  <div class=\"banner has-hover\" id=\"banner-898178462\">\n          <div class=\"banner-inner fill\">\n        <div class=\"banner-bg fill\" >\n            <div class=\"bg fill bg-fill\"><\/div>\n                                    \n                    <\/div>\n\t\t\n        <div class=\"banner-layers container\">\n            <div class=\"fill banner-link\"><\/div>            \n\n\n        <\/div>\n      <\/div>\n\n            \n<style>\n#banner-898178462 {\n  padding-top: 99.99%;\n  background-color: #2eb45b;\n}\n#banner-898178462 .bg.bg-loaded {\n  background-image: url(https:\/\/www.efleawatch.com\/wp-content\/uploads\/2024\/07\/efleawatch-1.jpg);\n}\n#banner-898178462 .bg {\n  background-position: 39% 97%;\n}\n@media (min-width:550px) {\n  #banner-898178462 {\n    padding-top: 250px;\n  }\n}\n@media (min-width:850px) {\n  #banner-898178462 {\n    padding-top: 300px;\n  }\n}\n<\/style>\n  <\/div>\n\n\n\n\t\t<\/div>\n\t\t\t\t\t<\/div>\n\n\t\n\n\t<div id=\"col-1249727933\" class=\"col medium-6 small-6 large-6\"  >\n\t\t\t\t<div class=\"col-inner\"  >\n\t\t\t\n\t\t\t\n\n\n  <div class=\"banner has-hover\" id=\"banner-1479181151\">\n          <div class=\"banner-inner fill\">\n        <div class=\"banner-bg fill\" >\n            <div class=\"bg fill bg-fill\"><\/div>\n                                    \n                    <\/div>\n\t\t\n        <div class=\"banner-layers container\">\n            <div class=\"fill banner-link\"><\/div>            \n\n\n        <\/div>\n      <\/div>\n\n            \n<style>\n#banner-1479181151 {\n  padding-top: 99.99%;\n  background-color: #9bcc51;\n}\n#banner-1479181151 .bg.bg-loaded {\n  background-image: url(https:\/\/www.efleawatch.com\/wp-content\/uploads\/2024\/07\/Watch-face-11-690x800.jpg);\n}\n#banner-1479181151 .bg {\n  background-position: 89% 95%;\n}\n@media (min-width:550px) {\n  #banner-1479181151 {\n    padding-top: 250px;\n  }\n}\n@media (min-width:850px) {\n  #banner-1479181151 {\n    padding-top: 300px;\n  }\n}\n<\/style>\n  <\/div>\n\n\n\n\t\t<\/div>\n\t\t\t\t\t<\/div>\n\n\t\n\n<\/div>\n\n\t\t<\/div>\n\t\t\t\t\t<\/div>\n\n\t\n\n\t<div id=\"col-1598074772\" class=\"col medium-12 small-12 large-6\"  >\n\t\t\t\t<div class=\"col-inner\"  >\n\t\t\t\n\t\t\t\n\n<h2>Our platform<\/h2>\n<p>With the eflea connect platform, alert management is at your fingertips.<\/p>\n<p>Share and invite family members to participate in the monitoring network.<\/p>\n<p>Monitor movements, alert history and much more!<\/p>\n\n\t\t<\/div>\n\t\t\t\t\t<\/div>\n\n\t\n\n<\/div>\n\t<div id=\"gap-1365137842\" class=\"gap-element clearfix\" style=\"display:block; height:auto;\">\n\t\t\n<style>\n#gap-1365137842 {\n  padding-top: 80px;\n}\n<\/style>\n\t<\/div>\n\t\n\n<div class=\"row row-large align-middle\"  id=\"row-1185063856\">\n\n\n\t<div id=\"col-1704225013\" class=\"col medium-12 small-12 large-6\"  >\n\t\t\t\t<div class=\"col-inner text-left\"  >\n\t\t\t\n\t\t\t\n\n<h2>Always on the safe side<\/h2>\n<p>In case of trouble, you'll be safe wherever you are! No more worries with our fall detection system: the eflea watch automatically calls for help and shares your GPS position, anywhere in the world!<\/p>\n<p>With the eflea connected watch, you'll be able to be connected to your loved ones all the time, wherever you are! The eflea watch offers you the latest 4G LTE technology, so you can be constantly connected to your loved ones, wherever you are in the world.<\/p>\n\n\t\t<\/div>\n\t\t\t\t\t<\/div>\n\n\t\n\n\t<div id=\"col-415062679\" class=\"col medium-12 small-12 large-6 medium-col-first\"  >\n\t\t\t\t<div class=\"col-inner\"  >\n\t\t\t\n\t\t\t\n\n\t<div class=\"img has-hover raduis22 x md-x lg-x y md-y lg-y\" id=\"image_1181033341\">\n\t\t\t\t\t\t\t\t<div class=\"img-inner dark\" >\n\t\t\t<img loading=\"lazy\" decoding=\"async\" width=\"800\" height=\"800\" src=\"https:\/\/www.efleawatch.com\/wp-content\/uploads\/2024\/07\/eflea-watch.png\" class=\"attachment-large size-large\" alt=\"\" srcset=\"https:\/\/www.efleawatch.com\/wp-content\/uploads\/2024\/07\/eflea-watch.png 800w, https:\/\/www.efleawatch.com\/wp-content\/uploads\/2024\/07\/eflea-watch-400x400.png 400w, https:\/\/www.efleawatch.com\/wp-content\/uploads\/2024\/07\/eflea-watch-280x280.png 280w, https:\/\/www.efleawatch.com\/wp-content\/uploads\/2024\/07\/eflea-watch-768x768.png 768w, https:\/\/www.efleawatch.com\/wp-content\/uploads\/2024\/07\/eflea-watch-12x12.png 12w, https:\/\/www.efleawatch.com\/wp-content\/uploads\/2024\/07\/eflea-watch-300x300.png 300w, https:\/\/www.efleawatch.com\/wp-content\/uploads\/2024\/07\/eflea-watch-600x600.png 600w, https:\/\/www.efleawatch.com\/wp-content\/uploads\/2024\/07\/eflea-watch-100x100.png 100w\" sizes=\"auto, (max-width: 800px) 100vw, 800px\" \/>\t\t\t\t\t\t\n\t\t\t\t\t<\/div>\n\t\t\t\t\t\t\t\t\n<style>\n#image_1181033341 {\n  width: 100%;\n}\n<\/style>\n\t<\/div>\n\t\n\n\n\t\t<\/div>\n\t\t\t\t\t<\/div>\n\n\t\n\n<\/div>\n\t<div id=\"gap-1846252463\" class=\"gap-element clearfix\" style=\"display:block; height:auto;\">\n\t\t\n<style>\n#gap-1846252463 {\n  padding-top: 34px;\n}\n<\/style>\n\t<\/div>\n\t\n\n\n\t\t<\/div>\n\n\t\t\n<style>\n#section_99315226 {\n  padding-top: 30px;\n  padding-bottom: 30px;\n  background-color: rgb(237, 241, 247);\n}\n<\/style>\n\t<\/section>\n\t\n\t<section class=\"section dark\" id=\"section_573355968\">\n\t\t<div class=\"bg section-bg fill bg-fill\" >\n\n\t\t\t\n\t\t\t<div class=\"section-bg-overlay absolute fill\"><\/div>\n\t\t\t\n\n\t\t<\/div>\n\n\t\t\n\n\t\t<div class=\"section-content relative\">\n\t\t\t\n\n<div class=\"row align-center\"  id=\"row-707681626\">\n\n\n\t<div id=\"col-274320869\" class=\"col medium-8 small-12 large-8\"  >\n\t\t\t\t<div class=\"col-inner text-center\"  >\n\t\t\t\n\t\t\t\n\n<div class=\"video-button-wrapper\" ><a href=\"https:\/\/vimeo.com\/852163512\" class=\"button open-video icon circle is-outline is-xlarge\"><i class=\"icon-play\" style=\"font-size:1.5em;\" ><\/i><\/a><\/div>\n\n\t<div id=\"text-671890857\" class=\"text\">\n\t\t\n\n<h2>Eflea watch<br \/>\n<\/h2>\n<p>The eflea watch is the benchmark in security technology and offers the best value in the industry.<\/p>\n\t\t\n<style>\n#text-671890857 {\n  font-size: 1.25rem;\n}\n<\/style>\n\t<\/div>\n\t\n\n\t\t<\/div>\n\t\t\t\t\n<style>\n#col-274320869 > .col-inner {\n  padding: 30px 0px 0px 0px;\n}\n<\/style>\n\t<\/div>\n\n\t\n\n<\/div>\n\n\t\t<\/div>\n\n\t\t\n<style>\n#section_573355968 {\n  padding-top: 30px;\n  padding-bottom: 30px;\n  min-height: 400px;\n}\n#section_573355968 .section-bg-overlay {\n  background-color: rgba(0,0,0,.5);\n}\n#section_573355968 .section-bg.bg-loaded {\n  background-image: url(https:\/\/www.efleawatch.com\/wp-content\/uploads\/2024\/07\/efleawatch-1.jpg);\n}\n#section_573355968 .section-bg {\n  background-position: 60% 56%;\n}\n@media (min-width:850px) {\n  #section_573355968 {\n    min-height: 400px;\n  }\n}\n<\/style>\n\t<\/section>\n\t\n\n\t<section class=\"section\" id=\"section_1240813265\">\n\t\t<div class=\"bg section-bg fill bg-fill  bg-loaded\" >\n\n\t\t\t\n\t\t\t\n\t\t\t\n\n\t\t<\/div>\n\n\t\t\n\n\t\t<div class=\"section-content relative\">\n\t\t\t\n\n\t<div id=\"gap-1429068478\" class=\"gap-element clearfix\" style=\"display:block; height:auto;\">\n\t\t\n<style>\n#gap-1429068478 {\n  padding-top: 40px;\n}\n<\/style>\n\t<\/div>\n\t\n\n<div class=\"row\"  id=\"row-1404702381\">\n\n\n\t<div id=\"col-1758464860\" class=\"col small-12 large-12\"  >\n\t\t\t\t<div class=\"col-inner text-center\"  >\n\t\t\t\n\t\t\t\n\n<h6> Testimonials<\/h6>\n<h1>Over 25,000 satisfied customers<\/h1>\n  <div class=\"icon-box testimonial-box icon-box-center text-center\">\n                <div class=\"icon-box-text p-last-0\">\n          <div class=\"star-rating\"><span style=\"width:75%\"><strong class=\"rating\"><\/strong><\/span><\/div>  \t\t\t\t<div class=\"testimonial-text line-height-small italic test_text first-reset last-reset is-italic\">\n            \n\n<p>4.8 stars from 163 reviews<\/p>\n\n          <\/div>\n          <div class=\"testimonial-meta pt-half\">\n             <strong class=\"testimonial-name test_name\"><\/strong>\n                          <span class=\"testimonial-company test_company\"><\/span>\n          <\/div>\n        <\/div>\n  <\/div>\n\n  \n\t<div id=\"gap-1172580394\" class=\"gap-element clearfix\" style=\"display:block; height:auto;\">\n\t\t\n<style>\n#gap-1172580394 {\n  padding-top: 60px;\n}\n<\/style>\n\t<\/div>\n\t\n\n<div class=\"row\"  id=\"row-376432919\">\n\n\n\t<div id=\"col-363408119\" class=\"col medium-4 small-12 large-4\"  >\n\t\t\t\t<div class=\"col-inner\"  >\n\t\t\t\n\t\t\t\n\n\t<div class=\"box has-hover   has-hover box-default box-text-bottom\" >\n\n\t\t<div class=\"box-image\" style=\"border-radius:5%;width:30%;\">\n\t\t\t\t\t\t<div class=\"\" >\n\t\t\t\t<img loading=\"lazy\" decoding=\"async\" width=\"800\" height=\"800\" src=\"https:\/\/www.efleawatch.com\/wp-content\/uploads\/2023\/07\/5-1.png\" class=\"attachment- size-\" alt=\"\" srcset=\"https:\/\/www.efleawatch.com\/wp-content\/uploads\/2023\/07\/5-1.png 800w, https:\/\/www.efleawatch.com\/wp-content\/uploads\/2023\/07\/5-1-400x400.png 400w, https:\/\/www.efleawatch.com\/wp-content\/uploads\/2023\/07\/5-1-280x280.png 280w, https:\/\/www.efleawatch.com\/wp-content\/uploads\/2023\/07\/5-1-768x768.png 768w, https:\/\/www.efleawatch.com\/wp-content\/uploads\/2023\/07\/5-1-300x300.png 300w, https:\/\/www.efleawatch.com\/wp-content\/uploads\/2023\/07\/5-1-600x600.png 600w, https:\/\/www.efleawatch.com\/wp-content\/uploads\/2023\/07\/5-1-100x100.png 100w\" sizes=\"auto, (max-width: 800px) 100vw, 800px\" \/>\t\t\t\t\t\t\t\t\t\t\t<\/div>\n\t\t\t\t\t<\/div>\n\n\t\t<div class=\"box-text text-center\" style=\"padding:20px 0px 0px 0px;\">\n\t\t\t<div class=\"box-text-inner\">\n\t\t\t\t\n\n<p>I took a little more risk than usual: I would have gone out with the cane to go outside and here I went out without the cane. I went just like that, I took a chance.<\/p>\n<div class=\"is-divider divider clearfix\" style=\"margin-top:5px;margin-bottom:5px;\"><\/div>\n\n<p><strong>Lucille (Laval, Quebec, Canada)<\/strong><\/p>\n\n\t\t\t<\/div>\n\t\t<\/div>\n\t<\/div>\n\t\n\n\t\t<\/div>\n\t\t\t\t\t<\/div>\n\n\t\n\n\t<div id=\"col-1070512800\" class=\"col medium-4 small-12 large-4\"  >\n\t\t\t\t<div class=\"col-inner\"  >\n\t\t\t\n\t\t\t\n\n\t<div class=\"box has-hover   has-hover box-default box-text-bottom\" >\n\n\t\t<div class=\"box-image\" style=\"border-radius:5%;width:30%;\">\n\t\t\t\t\t\t<div class=\"\" >\n\t\t\t\t<img loading=\"lazy\" decoding=\"async\" width=\"800\" height=\"800\" src=\"https:\/\/www.efleawatch.com\/wp-content\/uploads\/2023\/07\/1-3.png\" class=\"attachment- size-\" alt=\"\" srcset=\"https:\/\/www.efleawatch.com\/wp-content\/uploads\/2023\/07\/1-3.png 800w, https:\/\/www.efleawatch.com\/wp-content\/uploads\/2023\/07\/1-3-400x400.png 400w, https:\/\/www.efleawatch.com\/wp-content\/uploads\/2023\/07\/1-3-280x280.png 280w, https:\/\/www.efleawatch.com\/wp-content\/uploads\/2023\/07\/1-3-768x768.png 768w, https:\/\/www.efleawatch.com\/wp-content\/uploads\/2023\/07\/1-3-300x300.png 300w, https:\/\/www.efleawatch.com\/wp-content\/uploads\/2023\/07\/1-3-600x600.png 600w, https:\/\/www.efleawatch.com\/wp-content\/uploads\/2023\/07\/1-3-100x100.png 100w\" sizes=\"auto, (max-width: 800px) 100vw, 800px\" \/>\t\t\t\t\t\t\t\t\t\t\t<\/div>\n\t\t\t\t\t<\/div>\n\n\t\t<div class=\"box-text text-center\" style=\"padding:20px 0px 0px 0px;\">\n\t\t\t<div class=\"box-text-inner\">\n\t\t\t\t\n\n<p>\"I accepted in my head that there was some kind of surveillance. Big Brother is watching us, whether I'm at the supermarket or if I'm at a 'sports club'.<br \/>It's an object that allows me, in case of a problem, to help myself, which I couldn't do if I were walking alone in a park. It's reassuring, but you have to accept it.\"<\/p>\n<div class=\"is-divider divider clearfix\" style=\"margin-top:5px;margin-bottom:5px;\"><\/div>\n\n<p><strong>Jos\u00e9e (Ste-Foy, Quebec, Canada)<\/strong><\/p>\n\n\t\t\t<\/div>\n\t\t<\/div>\n\t<\/div>\n\t\n\n\t\t<\/div>\n\t\t\t\t\t<\/div>\n\n\t\n\n\t<div id=\"col-1204136968\" class=\"col medium-4 small-12 large-4\"  >\n\t\t\t\t<div class=\"col-inner\"  >\n\t\t\t\n\t\t\t\n\n\t<div class=\"box has-hover   has-hover box-default box-text-bottom\" >\n\n\t\t<div class=\"box-image\" style=\"border-radius:5%;width:30%;\">\n\t\t\t\t\t\t<div class=\"\" >\n\t\t\t\t<img loading=\"lazy\" decoding=\"async\" width=\"800\" height=\"800\" src=\"https:\/\/www.efleawatch.com\/wp-content\/uploads\/2023\/07\/2-3.png\" class=\"attachment- size-\" alt=\"\" srcset=\"https:\/\/www.efleawatch.com\/wp-content\/uploads\/2023\/07\/2-3.png 800w, https:\/\/www.efleawatch.com\/wp-content\/uploads\/2023\/07\/2-3-400x400.png 400w, https:\/\/www.efleawatch.com\/wp-content\/uploads\/2023\/07\/2-3-280x280.png 280w, https:\/\/www.efleawatch.com\/wp-content\/uploads\/2023\/07\/2-3-768x768.png 768w, https:\/\/www.efleawatch.com\/wp-content\/uploads\/2023\/07\/2-3-300x300.png 300w, https:\/\/www.efleawatch.com\/wp-content\/uploads\/2023\/07\/2-3-600x600.png 600w, https:\/\/www.efleawatch.com\/wp-content\/uploads\/2023\/07\/2-3-100x100.png 100w\" sizes=\"auto, (max-width: 800px) 100vw, 800px\" \/>\t\t\t\t\t\t\t\t\t\t\t<\/div>\n\t\t\t\t\t<\/div>\n\n\t\t<div class=\"box-text text-center\" style=\"padding:20px 0px 0px 0px;\">\n\t\t\t<div class=\"box-text-inner\">\n\t\t\t\t\n\n<p>There's no such thing as thinking that something might happen to me. If anything does happen to me, I know I've got the eflea watch, that's a given.<\/p>\n<div class=\"is-divider divider clearfix\" style=\"margin-top:5px;margin-bottom:5px;\"><\/div>\n\n<p><strong>Julien (Gatineau, Quebec, Canada)<\/strong><\/p>\n\n\t\t\t<\/div>\n\t\t<\/div>\n\t<\/div>\n\t\n\n\t\t<\/div>\n\t\t\t\t\t<\/div>\n\n\t\n\n<\/div>\n\n\t\t<\/div>\n\t\t\t\t\t<\/div>\n\n\t\n\n<\/div>\n\n\t\t<\/div>\n\n\t\t\n<style>\n#section_1240813265 {\n  padding-top: 40px;\n  padding-bottom: 40px;\n  background-color: rgb(255, 255, 255);\n}\n<\/style>\n\t<\/section>\n\t\n\t<section class=\"section\" id=\"section_1319460081\">\n\t\t<div class=\"bg section-bg fill bg-fill\" >\n\n\t\t\t\n\t\t\t\n\t\t\t\n\n\t\t<\/div>\n\n\t\t\n\n\t\t<div class=\"section-content relative\">\n\t\t\t\n\n\n\t\t<\/div>\n\n\t\t\n<style>\n#section_1319460081 {\n  padding-top: 30px;\n  padding-bottom: 30px;\n  min-height: 400px;\n}\n#section_1319460081 .section-bg.bg-loaded {\n  background-image: url(https:\/\/www.efleawatch.com\/wp-content\/uploads\/2024\/07\/16.jpg);\n}\n<\/style>\n\t<\/section>\n\t\n<div class=\"row align-center\"  id=\"row-1982324752\">\n\n\n\t<div id=\"col-530477136\" class=\"col medium-10 small-12 large-10\"  >\n\t\t\t\t<div class=\"col-inner text-left\" style=\"background-color:rgb(237, 241, 247);\" >\n\t\t\t\n\t\t\t\n\n<div class=\"row\"  id=\"row-2021658435\">\n\n\n\t<div id=\"col-650500717\" class=\"col small-12 large-12\"  >\n\t\t\t\t<div class=\"col-inner text-center\"  >\n\t\t\t\n\t\t\t\n\n<h6> FAQ <\/h6>\n<h1>Frequently asked questions <\/h1>\n\n\t\t<\/div>\n\t\t\t\t\t<\/div>\n\n\t\n\n<\/div>\n<div class=\"accordion\">\n\n\t<div id=\"accordion-2958845254\" class=\"accordion-item\">\n\t\t<a id=\"accordion-2958845254-label\" class=\"accordion-title plain\" href=\"#accordion-item-je-dois-signer-un-contrat?\" aria-expanded=\"false\" aria-controls=\"accordion-2958845254-content\" >\n\t\t\t<button class=\"toggle\" aria-label=\"Toggle\"><i class=\"icon-angle-down\"><\/i><\/button>\n\t\t\t<span>Do I have to sign a contract?<\/span>\n\t\t<\/a>\n\t\t<div id=\"accordion-2958845254-content\" class=\"accordion-inner\" aria-labelledby=\"accordion-2958845254-label\" >\n\t\t\t\n\n<p>NO, there is no contract with the eflea watch, no credit check.<\/p>\n\n\t\t<\/div>\n\t<\/div>\n\t\n\t<div id=\"accordion-1166652796\" class=\"accordion-item\">\n\t\t<a id=\"accordion-1166652796-label\" class=\"accordion-title plain\" href=\"#accordion-item-puis-je-interrompre-le-service?\" aria-expanded=\"false\" aria-controls=\"accordion-1166652796-content\" >\n\t\t\t<button class=\"toggle\" aria-label=\"Toggle\"><i class=\"icon-angle-down\"><\/i><\/button>\n\t\t\t<span>Can I interrupt the service?<\/span>\n\t\t<\/a>\n\t\t<div id=\"accordion-1166652796-content\" class=\"accordion-inner\" aria-labelledby=\"accordion-1166652796-label\" >\n\t\t\t\n\n<p>YES, you can interrupt and resume the service at any time, free of charge.<\/p>\n\n\t\t<\/div>\n\t<\/div>\n\t\n\t<div id=\"accordion-2046121154\" class=\"accordion-item\">\n\t\t<a id=\"accordion-2046121154-label\" class=\"accordion-title plain\" href=\"#accordion-item-quel-r\u00e9seau-cellulaire-utilise-le-t\u00e9l\u00e9phone-eflea-watch?\" aria-expanded=\"false\" aria-controls=\"accordion-2046121154-content\" >\n\t\t\t<button class=\"toggle\" aria-label=\"Toggle\"><i class=\"icon-angle-down\"><\/i><\/button>\n\t\t\t<span>Which cellular network does the eflea watch phone use?<\/span>\n\t\t<\/a>\n\t\t<div id=\"accordion-2046121154-content\" class=\"accordion-inner\" aria-labelledby=\"accordion-2046121154-label\" >\n\t\t\t\n\n<p>The eflea watch uses the vast majority of cellular networks in your region, using the best network available in the local area. If you change area, the eflea watch migrates to the best available network in that area.<\/p>\n\n\t\t<\/div>\n\t<\/div>\n\t\n\t<div id=\"accordion-1550718842\" class=\"accordion-item\">\n\t\t<a id=\"accordion-1550718842-label\" class=\"accordion-title plain\" href=\"#accordion-item-la-montre-eflea-est-il-r\u00e9sistant-\u00e0-l\u2019eau?\" aria-expanded=\"false\" aria-controls=\"accordion-1550718842-content\" >\n\t\t\t<button class=\"toggle\" aria-label=\"Toggle\"><i class=\"icon-angle-down\"><\/i><\/button>\n\t\t\t<span>Is the eflea watch water-resistant?<\/span>\n\t\t<\/a>\n\t\t<div id=\"accordion-1550718842-content\" class=\"accordion-inner\" aria-labelledby=\"accordion-1550718842-label\" >\n\t\t\t\n\n<p>YES, the eflea watch is water-resistant, with IP67 certification.<\/p>\n\n\t\t<\/div>\n\t<\/div>\n\t\n\n<\/div>\n<div class=\"row row-collapse\"  id=\"row-231681205\">\n\n\n\t<div id=\"col-1827641220\" class=\"col small-12 large-12\"  >\n\t\t\t\t<div class=\"col-inner text-center\"  >\n\t\t\t\n\t\t\t\n\n<a href=\"https:\/\/www.efleawatch.com\/en\/faq\/\" class=\"button primary is-outline\"  style=\"border-radius:99px;\">\n    <span>View all FAQs<\/span>\n  <\/a>\n\n\n\n\t\t<\/div>\n\t\t\t\t\n<style>\n#col-1827641220 > .col-inner {\n  padding: 30px 0px 0px 0px;\n}\n<\/style>\n\t<\/div>\n\n\t\n\n<\/div>\n\n\t\t<\/div>\n\t\t\t\t\n<style>\n#col-530477136 > .col-inner {\n  margin: -60px 0px 60px 0px;\n  border-radius: 10px;\n}\n<\/style>\n\t<\/div>\n\n\t\n\n\n<style>\n#row-1982324752 > .col > .col-inner {\n  padding: 60px 60px 60px 60px;\n}\n<\/style>\n<\/div>","protected":false},"excerpt":{"rendered":"","protected":false},"author":1,"featured_media":0,"parent":0,"menu_order":0,"comment_status":"closed","ping_status":"closed","template":"page-blank.php","meta":{"footnotes":""},"class_list":["post-10584","page","type-page","status-publish","hentry"],"_links":{"self":[{"href":"https:\/\/www.efleawatch.com\/en\/wp-json\/wp\/v2\/pages\/10584","targetHints":{"allow":["GET"]}}],"collection":[{"href":"https:\/\/www.efleawatch.com\/en\/wp-json\/wp\/v2\/pages"}],"about":[{"href":"https:\/\/www.efleawatch.com\/en\/wp-json\/wp\/v2\/types\/page"}],"author":[{"embeddable":true,"href":"https:\/\/www.efleawatch.com\/en\/wp-json\/wp\/v2\/users\/1"}],"replies":[{"embeddable":true,"href":"https:\/\/www.efleawatch.com\/en\/wp-json\/wp\/v2\/comments?post=10584"}],"version-history":[{"count":17,"href":"https:\/\/www.efleawatch.com\/en\/wp-json\/wp\/v2\/pages\/10584\/revisions"}],"predecessor-version":[{"id":11284,"href":"https:\/\/www.efleawatch.com\/en\/wp-json\/wp\/v2\/pages\/10584\/revisions\/11284"}],"wp:attachment":[{"href":"https:\/\/www.efleawatch.com\/en\/wp-json\/wp\/v2\/media?parent=10584"}],"curies":[{"name":"wp","href":"https:\/\/api.w.org\/{rel}","templated":true}]}}