{"id":10584,"date":"2023-07-22T10:27:06","date_gmt":"2023-07-22T10:27:06","guid":{"rendered":"http:\/\/www.efleawatch.com\/?page_id=10584"},"modified":"2024-07-26T09:00:02","modified_gmt":"2024-07-26T09:00:02","slug":"servicios-por-que-eflea","status":"publish","type":"page","link":"https:\/\/www.efleawatch.com\/es\/services-pourquoi-eflea\/","title":{"rendered":"Services Pourquoi Eflea"},"content":{"rendered":"<section class=\"section dark\" id=\"section_1683567323\">\n\t\t<div class=\"bg section-bg fill bg-fill\" >\n\n\t\t\t\n\t\t\t<div class=\"section-bg-overlay absolute fill\"><\/div>\n\t\t\t\n\n\t\t<\/div>\n\n\t\t\n\n\t\t<div class=\"section-content relative\">\n\t\t\t\n\n<div class=\"row\"  id=\"row-230802686\">\n\n\n\t<div id=\"col-409618691\" class=\"col medium-10 small-12 large-6\"  >\n\t\t\t\t<div class=\"col-inner text-center\"  >\n\t\t\t\n\t\t\t\n\n<h6>Eflea el reloj<\/h6>\n<h1><span style=\"font-size: 120%;\">Gracias al reloj eflea, \u00a1estar\u00e1s seguro est\u00e9s donde est\u00e9s!<\/span><\/h1>\n<p>Con el reloj conectado eflea, siempre estar\u00e1 en contacto con sus seres queridos, est\u00e9n donde est\u00e9n.<br \/>lo eres.<\/p>\n<a href=\"https:\/\/www.efleawatch.com\/es\/producto\/ver\/\" class=\"button success\"  style=\"border-radius:99px;padding:15px 30px 15px 30px;\">\n    <span>Haga su pedido<\/span>\n  <i class=\"icon-angle-right\" aria-hidden=\"true\" ><\/i><\/a>\n\n\n\n\t\t<\/div>\n\t\t\t\t\t<\/div>\n\n\t\n\n<\/div>\n\n\t\t<\/div>\n\n\t\t\n<style>\n#section_1683567323 {\n  padding-top: 30px;\n  padding-bottom: 30px;\n  min-height: 600px;\n}\n#section_1683567323 .section-bg-overlay {\n  background-color: rgba(0,0,0,.5);\n}\n#section_1683567323 .section-bg.bg-loaded {\n  background-image: url(https:\/\/www.efleawatch.com\/wp-content\/uploads\/2024\/07\/2.jpg);\n}\n#section_1683567323 .section-bg {\n  background-position: 25% 41%;\n}\n<\/style>\n\t<\/section>\n\t\n\t<section class=\"section\" id=\"section_1549933434\">\n\t\t<div class=\"bg section-bg fill bg-fill  bg-loaded\" >\n\n\t\t\t\n\t\t\t\n\t\t\t\n\n\t\t<\/div>\n\n\t\t\n\n\t\t<div class=\"section-content relative\">\n\t\t\t\n\n<div class=\"row align-center\" style=\"max-width:1400px\" id=\"row-204673454\">\n\n\n\t<div id=\"col-1908573727\" class=\"col medium-9 small-12 large-9\"  >\n\t\t\t\t<div class=\"col-inner text-center\" style=\"background-color:rgb(255,255,255);\" >\n\t\t\t\n\t\t\t\n\n<h6>El reloj eflea <\/p>\n<\/h6>\n<h2>PRESTACIONES<\/h2>\n<p>Para mayor seguridad, el reloj eflea utiliza todas las redes de telefon\u00eda m\u00f3vil, por lo que siempre se comunica con la mejor red telef\u00f3nica de su regi\u00f3n o localidad.<\/p>\n\t<div id=\"gap-1616525306\" class=\"gap-element clearfix\" style=\"display:block; height:auto;\">\n\t\t\n<style>\n#gap-1616525306 {\n  padding-top: 30px;\n}\n<\/style>\n\t<\/div>\n\t\n\n<div class=\"row row-collapse\"  id=\"row-734118299\">\n\n\n\t<div id=\"col-559990760\" class=\"col medium-10 small-12 large-10\"  >\n\t\t\t\t<div class=\"col-inner\"  >\n\t\t\t\n\t\t\t\n\n<div class=\"row row-large row-divided\"  id=\"row-687874510\">\n\n\n\t<div id=\"col-1195208527\" class=\"col medium-4 small-12 large-4\"  >\n\t\t\t\t<div class=\"col-inner\"  >\n\t\t\t\n\t\t\t\n\n\n\t\t<div class=\"icon-box featured-box icon-box-center text-center\"  >\n\t\t\t\t<div class=\"icon-box-text last-reset\">\n\t\t\t\t\t\t\t\t\t\n\n<h4>Tarifas <\/h4>\n<p>Sin gastos por interrupci\u00f3n del servicio.<\/p>\n\n\t\t<\/div>\n\t<\/div>\n\t\n\t\n\n\t\t<\/div>\n\t\t\t\t\t<\/div>\n\n\t\n\n\t<div id=\"col-686147386\" class=\"col medium-4 small-12 large-4\"  >\n\t\t\t\t<div class=\"col-inner\"  >\n\t\t\t\n\t\t\t\n\n\n\t\t<div class=\"icon-box featured-box icon-box-center text-center\"  >\n\t\t\t\t<div class=\"icon-box-text last-reset\">\n\t\t\t\t\t\t\t\t\t\n\n<h4>En todo el mundo<\/p>\n<\/h4>\n<p>Opera en m\u00e1s de 150 pa\u00edses de todo el mundo.<\/p>\n\n\t\t<\/div>\n\t<\/div>\n\t\n\t\n\n\t\t<\/div>\n\t\t\t\t\t<\/div>\n\n\t\n\n\t<div id=\"col-1462088739\" class=\"col medium-4 small-12 large-4\"  >\n\t\t\t\t<div class=\"col-inner\"  >\n\t\t\t\n\t\t\t\n\n\n\t\t<div class=\"icon-box featured-box icon-box-center text-center\"  >\n\t\t\t\t<div class=\"icon-box-text last-reset\">\n\t\t\t\t\t\t\t\t\t\n\n<h4>Contrato<\/h4>\n<p>El reloj eflea no requiere contrato telef\u00f3nico con un proveedor local<\/p>\n\n\t\t<\/div>\n\t<\/div>\n\t\n\t\n\n\t\t<\/div>\n\t\t\t\t\t<\/div>\n\n\t\n\n<\/div>\n\n\t\t<\/div>\n\t\t\t\t\t<\/div>\n\n\t\n\n<\/div>\n\n\t\t<\/div>\n\t\t\t\t\n<style>\n#col-1908573727 > .col-inner {\n  padding: 80px 20px 80px 20px;\n  margin: -80px 0px 0px 0px;\n}\n<\/style>\n\t<\/div>\n\n\t\n\n<\/div>\n\t<div id=\"gap-1655823373\" class=\"gap-element clearfix\" style=\"display:block; height:auto;\">\n\t\t\n<style>\n#gap-1655823373 {\n  padding-top: 80px;\n}\n<\/style>\n\t<\/div>\n\t\n\n<div class=\"row row-large align-middle\"  id=\"row-500129282\">\n\n\n\t<div id=\"col-1603047363\" class=\"col medium-12 small-12 large-6\"  >\n\t\t\t\t<div class=\"col-inner\"  >\n\t\t\t\n\t\t\t\n\n<h2>GARANT\u00cdA<\/h2>\n<p>Garant\u00eda de 12 meses en piezas y mano de obra. Opci\u00f3n de a\u00f1adir un seguro ECare de 3 a\u00f1os.<\/p>\n<a href=\"http:\/\/www.efleawatch.com\/es\/el-plan-ecareprotection\/\" class=\"button primary is-link\"  >\n    <span>Ver informaci\u00f3n sobre ECare<\/span>\n  <i class=\"icon-angle-right\" aria-hidden=\"true\" ><\/i><\/a>\n\n\n\n\t\t<\/div>\n\t\t\t\t\t<\/div>\n\n\t\n\n\t<div id=\"col-1418604631\" class=\"col medium-12 small-12 large-6 medium-col-first\"  >\n\t\t\t\t<div class=\"col-inner\"  >\n\t\t\t\n\t\t\t\n\n<div class=\"row row-small\"  id=\"row-1379062761\">\n\n\n\t<div id=\"col-1186016289\" class=\"col small-12 large-12\"  >\n\t\t\t\t<div class=\"col-inner\"  >\n\t\t\t\n\t\t\t\n\n\t<div class=\"img has-hover raduis22 x md-x lg-x y md-y lg-y\" id=\"image_1153633678\">\n\t\t\t\t\t\t\t\t<div class=\"img-inner dark\" >\n\t\t\t<img loading=\"lazy\" decoding=\"async\" width=\"800\" height=\"600\" src=\"https:\/\/www.efleawatch.com\/wp-content\/uploads\/2024\/07\/Eflea-la-montre.jpg\" class=\"attachment-large size-large\" alt=\"\" srcset=\"https:\/\/www.efleawatch.com\/wp-content\/uploads\/2024\/07\/Eflea-la-montre.jpg 800w, https:\/\/www.efleawatch.com\/wp-content\/uploads\/2024\/07\/Eflea-la-montre-533x400.jpg 533w, https:\/\/www.efleawatch.com\/wp-content\/uploads\/2024\/07\/Eflea-la-montre-768x576.jpg 768w, https:\/\/www.efleawatch.com\/wp-content\/uploads\/2024\/07\/Eflea-la-montre-16x12.jpg 16w, https:\/\/www.efleawatch.com\/wp-content\/uploads\/2024\/07\/Eflea-la-montre-600x450.jpg 600w\" sizes=\"auto, (max-width: 800px) 100vw, 800px\" \/>\t\t\t\t\t\t\n\t\t\t\t\t<\/div>\n\t\t\t\t\t\t\t\t\n<style>\n#image_1153633678 {\n  width: 100%;\n}\n<\/style>\n\t<\/div>\n\t\n\n\n\t\t<\/div>\n\t\t\t\t\t<\/div>\n\n\t\n\n<\/div>\n\n\t\t<\/div>\n\t\t\t\t\t<\/div>\n\n\t\n\n<\/div>\n\t<div id=\"gap-2016897459\" class=\"gap-element clearfix\" style=\"display:block; height:auto;\">\n\t\t\n<style>\n#gap-2016897459 {\n  padding-top: 80px;\n}\n<\/style>\n\t<\/div>\n\t\n\n<div class=\"row row-large align-middle\"  id=\"row-871155900\">\n\n\n\t<div id=\"col-2105490774\" class=\"col medium-12 small-12 large-6 medium-col-first\"  >\n\t\t\t\t<div class=\"col-inner\"  >\n\t\t\t\n\t\t\t\n\n<div class=\"row row-small\"  id=\"row-1272670612\">\n\n\n\t<div id=\"col-652135778\" class=\"col medium-6 small-6 large-6\"  >\n\t\t\t\t<div class=\"col-inner\"  >\n\t\t\t\n\t\t\t\n\n\n  <div class=\"banner has-hover\" id=\"banner-205401582\">\n          <div class=\"banner-inner fill\">\n        <div class=\"banner-bg fill\" >\n            <div class=\"bg fill bg-fill\"><\/div>\n                                    \n                    <\/div>\n\t\t\n        <div class=\"banner-layers container\">\n            <div class=\"fill banner-link\"><\/div>            \n\n\n        <\/div>\n      <\/div>\n\n            \n<style>\n#banner-205401582 {\n  padding-top: 99.99%;\n  background-color: #2eb45b;\n}\n#banner-205401582 .bg.bg-loaded {\n  background-image: url(https:\/\/www.efleawatch.com\/wp-content\/uploads\/2024\/07\/efleawatch-1.jpg);\n}\n#banner-205401582 .bg {\n  background-position: 39% 97%;\n}\n@media (min-width:550px) {\n  #banner-205401582 {\n    padding-top: 250px;\n  }\n}\n@media (min-width:850px) {\n  #banner-205401582 {\n    padding-top: 300px;\n  }\n}\n<\/style>\n  <\/div>\n\n\n\n\t\t<\/div>\n\t\t\t\t\t<\/div>\n\n\t\n\n\t<div id=\"col-1266069902\" class=\"col medium-6 small-6 large-6\"  >\n\t\t\t\t<div class=\"col-inner\"  >\n\t\t\t\n\t\t\t\n\n\n  <div class=\"banner has-hover\" id=\"banner-1192261629\">\n          <div class=\"banner-inner fill\">\n        <div class=\"banner-bg fill\" >\n            <div class=\"bg fill bg-fill\"><\/div>\n                                    \n                    <\/div>\n\t\t\n        <div class=\"banner-layers container\">\n            <div class=\"fill banner-link\"><\/div>            \n\n\n        <\/div>\n      <\/div>\n\n            \n<style>\n#banner-1192261629 {\n  padding-top: 99.99%;\n  background-color: #9bcc51;\n}\n#banner-1192261629 .bg.bg-loaded {\n  background-image: url(https:\/\/www.efleawatch.com\/wp-content\/uploads\/2024\/07\/Watch-face-11-690x800.jpg);\n}\n#banner-1192261629 .bg {\n  background-position: 89% 95%;\n}\n@media (min-width:550px) {\n  #banner-1192261629 {\n    padding-top: 250px;\n  }\n}\n@media (min-width:850px) {\n  #banner-1192261629 {\n    padding-top: 300px;\n  }\n}\n<\/style>\n  <\/div>\n\n\n\n\t\t<\/div>\n\t\t\t\t\t<\/div>\n\n\t\n\n<\/div>\n\n\t\t<\/div>\n\t\t\t\t\t<\/div>\n\n\t\n\n\t<div id=\"col-995428406\" class=\"col medium-12 small-12 large-6\"  >\n\t\t\t\t<div class=\"col-inner\"  >\n\t\t\t\n\t\t\t\n\n<h2>Nuestra plataforma<\/h2>\n<p>Con la plataforma eflea connect, la gesti\u00f3n de alertas est\u00e1 al alcance de su mano.<\/p>\n<p>Comparte e invita a los miembros de tu familia a participar en la red de vigilancia.<\/p>\n<p>Controla los movimientos y el historial de alertas, \u00a1y mucho m\u00e1s!<\/p>\n\n\t\t<\/div>\n\t\t\t\t\t<\/div>\n\n\t\n\n<\/div>\n\t<div id=\"gap-223340542\" class=\"gap-element clearfix\" style=\"display:block; height:auto;\">\n\t\t\n<style>\n#gap-223340542 {\n  padding-top: 80px;\n}\n<\/style>\n\t<\/div>\n\t\n\n<div class=\"row row-large align-middle\"  id=\"row-1812302528\">\n\n\n\t<div id=\"col-1609991350\" class=\"col medium-12 small-12 large-6\"  >\n\t\t\t\t<div class=\"col-inner text-left\"  >\n\t\t\t\n\t\t\t\n\n<h2>Siempre seguro<\/h2>\n<p>En caso de problema, \u00a1estar\u00e1s seguro est\u00e9s donde est\u00e9s! No te preocupes, con nuestro sistema de detecci\u00f3n de ca\u00eddas, el reloj eflea enviar\u00e1 autom\u00e1ticamente una llamada de auxilio y compartir\u00e1 tu posici\u00f3n GPS, \u00a1en cualquier parte del mundo!<\/p>\n<p>Con el reloj conectado eflea, podr\u00e1 estar siempre conectado con sus seres queridos, \u00a1est\u00e9 donde est\u00e9! El reloj eflea le ofrece la \u00faltima tecnolog\u00eda 4G LTE, lo que le permite estar constantemente conectado con sus seres queridos, est\u00e9 donde est\u00e9 en el mundo.<\/p>\n\n\t\t<\/div>\n\t\t\t\t\t<\/div>\n\n\t\n\n\t<div id=\"col-2012024728\" class=\"col medium-12 small-12 large-6 medium-col-first\"  >\n\t\t\t\t<div class=\"col-inner\"  >\n\t\t\t\n\t\t\t\n\n\t<div class=\"img has-hover raduis22 x md-x lg-x y md-y lg-y\" id=\"image_836423736\">\n\t\t\t\t\t\t\t\t<div class=\"img-inner dark\" >\n\t\t\t<img loading=\"lazy\" decoding=\"async\" width=\"800\" height=\"800\" src=\"https:\/\/www.efleawatch.com\/wp-content\/uploads\/2024\/07\/eflea-watch.png\" class=\"attachment-large size-large\" alt=\"\" srcset=\"https:\/\/www.efleawatch.com\/wp-content\/uploads\/2024\/07\/eflea-watch.png 800w, https:\/\/www.efleawatch.com\/wp-content\/uploads\/2024\/07\/eflea-watch-400x400.png 400w, https:\/\/www.efleawatch.com\/wp-content\/uploads\/2024\/07\/eflea-watch-280x280.png 280w, https:\/\/www.efleawatch.com\/wp-content\/uploads\/2024\/07\/eflea-watch-768x768.png 768w, https:\/\/www.efleawatch.com\/wp-content\/uploads\/2024\/07\/eflea-watch-12x12.png 12w, https:\/\/www.efleawatch.com\/wp-content\/uploads\/2024\/07\/eflea-watch-300x300.png 300w, https:\/\/www.efleawatch.com\/wp-content\/uploads\/2024\/07\/eflea-watch-600x600.png 600w, https:\/\/www.efleawatch.com\/wp-content\/uploads\/2024\/07\/eflea-watch-100x100.png 100w\" sizes=\"auto, (max-width: 800px) 100vw, 800px\" \/>\t\t\t\t\t\t\n\t\t\t\t\t<\/div>\n\t\t\t\t\t\t\t\t\n<style>\n#image_836423736 {\n  width: 100%;\n}\n<\/style>\n\t<\/div>\n\t\n\n\n\t\t<\/div>\n\t\t\t\t\t<\/div>\n\n\t\n\n<\/div>\n\t<div id=\"gap-1238895731\" class=\"gap-element clearfix\" style=\"display:block; height:auto;\">\n\t\t\n<style>\n#gap-1238895731 {\n  padding-top: 34px;\n}\n<\/style>\n\t<\/div>\n\t\n\n\n\t\t<\/div>\n\n\t\t\n<style>\n#section_1549933434 {\n  padding-top: 30px;\n  padding-bottom: 30px;\n  background-color: rgb(237, 241, 247);\n}\n<\/style>\n\t<\/section>\n\t\n\t<section class=\"section dark\" id=\"section_1807237784\">\n\t\t<div class=\"bg section-bg fill bg-fill\" >\n\n\t\t\t\n\t\t\t<div class=\"section-bg-overlay absolute fill\"><\/div>\n\t\t\t\n\n\t\t<\/div>\n\n\t\t\n\n\t\t<div class=\"section-content relative\">\n\t\t\t\n\n<div class=\"row align-center\"  id=\"row-466259477\">\n\n\n\t<div id=\"col-1171175396\" class=\"col medium-8 small-12 large-8\"  >\n\t\t\t\t<div class=\"col-inner text-center\"  >\n\t\t\t\n\t\t\t\n\n<div class=\"video-button-wrapper\" ><a href=\"https:\/\/vimeo.com\/852163512\" class=\"button open-video icon circle is-outline is-xlarge\"><i class=\"icon-play\" style=\"font-size:1.5em;\" ><\/i><\/a><\/div>\n\n\t<div id=\"text-4056643855\" class=\"text\">\n\t\t\n\n<h2>El reloj eflea<br \/>\n<\/h2>\n<p>El reloj eflea es la referencia en tecnolog\u00eda de seguridad y ofrece la mejor relaci\u00f3n calidad-precio del sector.<\/p>\n\t\t\n<style>\n#text-4056643855 {\n  font-size: 1.25rem;\n}\n<\/style>\n\t<\/div>\n\t\n\n\t\t<\/div>\n\t\t\t\t\n<style>\n#col-1171175396 > .col-inner {\n  padding: 30px 0px 0px 0px;\n}\n<\/style>\n\t<\/div>\n\n\t\n\n<\/div>\n\n\t\t<\/div>\n\n\t\t\n<style>\n#section_1807237784 {\n  padding-top: 30px;\n  padding-bottom: 30px;\n  min-height: 400px;\n}\n#section_1807237784 .section-bg-overlay {\n  background-color: rgba(0,0,0,.5);\n}\n#section_1807237784 .section-bg.bg-loaded {\n  background-image: url(https:\/\/www.efleawatch.com\/wp-content\/uploads\/2024\/07\/efleawatch-1.jpg);\n}\n#section_1807237784 .section-bg {\n  background-position: 60% 56%;\n}\n@media (min-width:850px) {\n  #section_1807237784 {\n    min-height: 400px;\n  }\n}\n<\/style>\n\t<\/section>\n\t\n\n\t<section class=\"section\" id=\"section_679426041\">\n\t\t<div class=\"bg section-bg fill bg-fill  bg-loaded\" >\n\n\t\t\t\n\t\t\t\n\t\t\t\n\n\t\t<\/div>\n\n\t\t\n\n\t\t<div class=\"section-content relative\">\n\t\t\t\n\n\t<div id=\"gap-743158606\" class=\"gap-element clearfix\" style=\"display:block; height:auto;\">\n\t\t\n<style>\n#gap-743158606 {\n  padding-top: 40px;\n}\n<\/style>\n\t<\/div>\n\t\n\n<div class=\"row\"  id=\"row-1570446927\">\n\n\n\t<div id=\"col-1105464694\" class=\"col small-12 large-12\"  >\n\t\t\t\t<div class=\"col-inner text-center\"  >\n\t\t\t\n\t\t\t\n\n<h6> Testimonios<\/h6>\n<h1>M\u00e1s de 25.000 clientes satisfechos<\/h1>\n  <div class=\"icon-box testimonial-box icon-box-center text-center\">\n                <div class=\"icon-box-text p-last-0\">\n          <div class=\"star-rating\"><span style=\"width:75%\"><strong class=\"rating\"><\/strong><\/span><\/div>  \t\t\t\t<div class=\"testimonial-text line-height-small italic test_text first-reset last-reset is-italic\">\n            \n\n<p>4,8 estrellas de 163 opiniones<\/p>\n\n          <\/div>\n          <div class=\"testimonial-meta pt-half\">\n             <strong class=\"testimonial-name test_name\"><\/strong>\n                          <span class=\"testimonial-company test_company\"><\/span>\n          <\/div>\n        <\/div>\n  <\/div>\n\n  \n\t<div id=\"gap-1600969827\" class=\"gap-element clearfix\" style=\"display:block; height:auto;\">\n\t\t\n<style>\n#gap-1600969827 {\n  padding-top: 60px;\n}\n<\/style>\n\t<\/div>\n\t\n\n<div class=\"row\"  id=\"row-576102612\">\n\n\n\t<div id=\"col-674071535\" class=\"col medium-4 small-12 large-4\"  >\n\t\t\t\t<div class=\"col-inner\"  >\n\t\t\t\n\t\t\t\n\n\t<div class=\"box has-hover   has-hover box-default box-text-bottom\" >\n\n\t\t<div class=\"box-image\" style=\"border-radius:5%;width:30%;\">\n\t\t\t\t\t\t<div class=\"\" >\n\t\t\t\t<img loading=\"lazy\" decoding=\"async\" width=\"800\" height=\"800\" src=\"https:\/\/www.efleawatch.com\/wp-content\/uploads\/2023\/07\/5-1.png\" class=\"attachment- size-\" alt=\"\" srcset=\"https:\/\/www.efleawatch.com\/wp-content\/uploads\/2023\/07\/5-1.png 800w, https:\/\/www.efleawatch.com\/wp-content\/uploads\/2023\/07\/5-1-400x400.png 400w, https:\/\/www.efleawatch.com\/wp-content\/uploads\/2023\/07\/5-1-280x280.png 280w, https:\/\/www.efleawatch.com\/wp-content\/uploads\/2023\/07\/5-1-768x768.png 768w, https:\/\/www.efleawatch.com\/wp-content\/uploads\/2023\/07\/5-1-300x300.png 300w, https:\/\/www.efleawatch.com\/wp-content\/uploads\/2023\/07\/5-1-600x600.png 600w, https:\/\/www.efleawatch.com\/wp-content\/uploads\/2023\/07\/5-1-100x100.png 100w\" sizes=\"auto, (max-width: 800px) 100vw, 800px\" \/>\t\t\t\t\t\t\t\t\t\t\t<\/div>\n\t\t\t\t\t<\/div>\n\n\t\t<div class=\"box-text text-center\" style=\"padding:20px 0px 0px 0px;\">\n\t\t\t<div class=\"box-text-inner\">\n\t\t\t\t\n\n<p>Me arriesgu\u00e9 un poco m\u00e1s de lo habitual: habr\u00eda salido con el bast\u00f3n para salir a la calle y aqu\u00ed sal\u00ed sin el bast\u00f3n. Fui as\u00ed, me arriesgu\u00e9.<\/p>\n<div class=\"is-divider divider clearfix\" style=\"margin-top:5px;margin-bottom:5px;\"><\/div>\n\n<p><strong>Lucille (Laval, Quebec, Canad\u00e1)<\/strong><\/p>\n\n\t\t\t<\/div>\n\t\t<\/div>\n\t<\/div>\n\t\n\n\t\t<\/div>\n\t\t\t\t\t<\/div>\n\n\t\n\n\t<div id=\"col-1871140052\" class=\"col medium-4 small-12 large-4\"  >\n\t\t\t\t<div class=\"col-inner\"  >\n\t\t\t\n\t\t\t\n\n\t<div class=\"box has-hover   has-hover box-default box-text-bottom\" >\n\n\t\t<div class=\"box-image\" style=\"border-radius:5%;width:30%;\">\n\t\t\t\t\t\t<div class=\"\" >\n\t\t\t\t<img loading=\"lazy\" decoding=\"async\" width=\"800\" height=\"800\" src=\"https:\/\/www.efleawatch.com\/wp-content\/uploads\/2023\/07\/1-3.png\" class=\"attachment- size-\" alt=\"\" srcset=\"https:\/\/www.efleawatch.com\/wp-content\/uploads\/2023\/07\/1-3.png 800w, https:\/\/www.efleawatch.com\/wp-content\/uploads\/2023\/07\/1-3-400x400.png 400w, https:\/\/www.efleawatch.com\/wp-content\/uploads\/2023\/07\/1-3-280x280.png 280w, https:\/\/www.efleawatch.com\/wp-content\/uploads\/2023\/07\/1-3-768x768.png 768w, https:\/\/www.efleawatch.com\/wp-content\/uploads\/2023\/07\/1-3-300x300.png 300w, https:\/\/www.efleawatch.com\/wp-content\/uploads\/2023\/07\/1-3-600x600.png 600w, https:\/\/www.efleawatch.com\/wp-content\/uploads\/2023\/07\/1-3-100x100.png 100w\" sizes=\"auto, (max-width: 800px) 100vw, 800px\" \/>\t\t\t\t\t\t\t\t\t\t\t<\/div>\n\t\t\t\t\t<\/div>\n\n\t\t<div class=\"box-text text-center\" style=\"padding:20px 0px 0px 0px;\">\n\t\t\t<div class=\"box-text-inner\">\n\t\t\t\t\n\n<p>\"Acept\u00e9 en mi cabeza que hab\u00eda una especie de vigilancia. El Gran Hermano nos vigila, tanto si estoy en el supermercado como en un club deportivo.<br \/>Es un objeto que me permite, en caso de problema, ayudarme a m\u00ed misma, cosa que no podr\u00eda hacer si caminara sola por un parque; es tranquilizador, pero hay que aceptarlo\".<\/p>\n<div class=\"is-divider divider clearfix\" style=\"margin-top:5px;margin-bottom:5px;\"><\/div>\n\n<p><strong>Jos\u00e9e (Ste-Foy, Quebec, Canad\u00e1)<\/strong><\/p>\n\n\t\t\t<\/div>\n\t\t<\/div>\n\t<\/div>\n\t\n\n\t\t<\/div>\n\t\t\t\t\t<\/div>\n\n\t\n\n\t<div id=\"col-106150789\" class=\"col medium-4 small-12 large-4\"  >\n\t\t\t\t<div class=\"col-inner\"  >\n\t\t\t\n\t\t\t\n\n\t<div class=\"box has-hover   has-hover box-default box-text-bottom\" >\n\n\t\t<div class=\"box-image\" style=\"border-radius:5%;width:30%;\">\n\t\t\t\t\t\t<div class=\"\" >\n\t\t\t\t<img loading=\"lazy\" decoding=\"async\" width=\"800\" height=\"800\" src=\"https:\/\/www.efleawatch.com\/wp-content\/uploads\/2023\/07\/2-3.png\" class=\"attachment- size-\" alt=\"\" srcset=\"https:\/\/www.efleawatch.com\/wp-content\/uploads\/2023\/07\/2-3.png 800w, https:\/\/www.efleawatch.com\/wp-content\/uploads\/2023\/07\/2-3-400x400.png 400w, https:\/\/www.efleawatch.com\/wp-content\/uploads\/2023\/07\/2-3-280x280.png 280w, https:\/\/www.efleawatch.com\/wp-content\/uploads\/2023\/07\/2-3-768x768.png 768w, https:\/\/www.efleawatch.com\/wp-content\/uploads\/2023\/07\/2-3-300x300.png 300w, https:\/\/www.efleawatch.com\/wp-content\/uploads\/2023\/07\/2-3-600x600.png 600w, https:\/\/www.efleawatch.com\/wp-content\/uploads\/2023\/07\/2-3-100x100.png 100w\" sizes=\"auto, (max-width: 800px) 100vw, 800px\" \/>\t\t\t\t\t\t\t\t\t\t\t<\/div>\n\t\t\t\t\t<\/div>\n\n\t\t<div class=\"box-text text-center\" style=\"padding:20px 0px 0px 0px;\">\n\t\t\t<div class=\"box-text-inner\">\n\t\t\t\t\n\n<p>No hay que pensar que me pueda pasar algo. Si me pasa algo, s\u00e9 que tengo el reloj eflea, eso es un hecho.<\/p>\n<div class=\"is-divider divider clearfix\" style=\"margin-top:5px;margin-bottom:5px;\"><\/div>\n\n<p><strong>Julien (Gatineau, Quebec, Canad\u00e1)<\/strong><\/p>\n\n\t\t\t<\/div>\n\t\t<\/div>\n\t<\/div>\n\t\n\n\t\t<\/div>\n\t\t\t\t\t<\/div>\n\n\t\n\n<\/div>\n\n\t\t<\/div>\n\t\t\t\t\t<\/div>\n\n\t\n\n<\/div>\n\n\t\t<\/div>\n\n\t\t\n<style>\n#section_679426041 {\n  padding-top: 40px;\n  padding-bottom: 40px;\n  background-color: rgb(255, 255, 255);\n}\n<\/style>\n\t<\/section>\n\t\n\t<section class=\"section\" id=\"section_1255206050\">\n\t\t<div class=\"bg section-bg fill bg-fill\" >\n\n\t\t\t\n\t\t\t\n\t\t\t\n\n\t\t<\/div>\n\n\t\t\n\n\t\t<div class=\"section-content relative\">\n\t\t\t\n\n\n\t\t<\/div>\n\n\t\t\n<style>\n#section_1255206050 {\n  padding-top: 30px;\n  padding-bottom: 30px;\n  min-height: 400px;\n}\n#section_1255206050 .section-bg.bg-loaded {\n  background-image: url(https:\/\/www.efleawatch.com\/wp-content\/uploads\/2024\/07\/16.jpg);\n}\n<\/style>\n\t<\/section>\n\t\n<div class=\"row align-center\"  id=\"row-465555355\">\n\n\n\t<div id=\"col-476237054\" class=\"col medium-10 small-12 large-10\"  >\n\t\t\t\t<div class=\"col-inner text-left\" style=\"background-color:rgb(237, 241, 247);\" >\n\t\t\t\n\t\t\t\n\n<div class=\"row\"  id=\"row-241444000\">\n\n\n\t<div id=\"col-1983872920\" class=\"col small-12 large-12\"  >\n\t\t\t\t<div class=\"col-inner text-center\"  >\n\t\t\t\n\t\t\t\n\n<h6> PREGUNTAS FRECUENTES <\/h6>\n<h1>Preguntas m\u00e1s frecuentes <\/h1>\n\n\t\t<\/div>\n\t\t\t\t\t<\/div>\n\n\t\n\n<\/div>\n<div class=\"accordion\">\n\n\t<div id=\"accordion-962152141\" class=\"accordion-item\">\n\t\t<a id=\"accordion-962152141-label\" class=\"accordion-title plain\" href=\"#accordion-item-je-dois-signer-un-contrat?\" aria-expanded=\"false\" aria-controls=\"accordion-962152141-content\" >\n\t\t\t<button class=\"toggle\" aria-label=\"Toggle\"><i class=\"icon-angle-down\"><\/i><\/button>\n\t\t\t<span>\u00bfTengo que firmar un contrato?<\/span>\n\t\t<\/a>\n\t\t<div id=\"accordion-962152141-content\" class=\"accordion-inner\" aria-labelledby=\"accordion-962152141-label\" >\n\t\t\t\n\n<p>NO, no hay contrato con el reloj eflea, ni verificaci\u00f3n de cr\u00e9dito.<\/p>\n\n\t\t<\/div>\n\t<\/div>\n\t\n\t<div id=\"accordion-3230042824\" class=\"accordion-item\">\n\t\t<a id=\"accordion-3230042824-label\" class=\"accordion-title plain\" href=\"#accordion-item-puis-je-interrompre-le-service?\" aria-expanded=\"false\" aria-controls=\"accordion-3230042824-content\" >\n\t\t\t<button class=\"toggle\" aria-label=\"Toggle\"><i class=\"icon-angle-down\"><\/i><\/button>\n\t\t\t<span>\u00bfPuedo interrumpir el servicio?<\/span>\n\t\t<\/a>\n\t\t<div id=\"accordion-3230042824-content\" class=\"accordion-inner\" aria-labelledby=\"accordion-3230042824-label\" >\n\t\t\t\n\n<p>S\u00cd, puede interrumpir y reanudar el servicio en cualquier momento, de forma gratuita.<\/p>\n\n\t\t<\/div>\n\t<\/div>\n\t\n\t<div id=\"accordion-4027204834\" class=\"accordion-item\">\n\t\t<a id=\"accordion-4027204834-label\" class=\"accordion-title plain\" href=\"#accordion-item-quel-r\u00e9seau-cellulaire-utilise-le-t\u00e9l\u00e9phone-eflea-watch?\" aria-expanded=\"false\" aria-controls=\"accordion-4027204834-content\" >\n\t\t\t<button class=\"toggle\" aria-label=\"Toggle\"><i class=\"icon-angle-down\"><\/i><\/button>\n\t\t\t<span>\u00bfQu\u00e9 red celular utiliza el tel\u00e9fono del reloj eflea?<\/span>\n\t\t<\/a>\n\t\t<div id=\"accordion-4027204834-content\" class=\"accordion-inner\" aria-labelledby=\"accordion-4027204834-label\" >\n\t\t\t\n\n<p>El reloj eflea utiliza la gran mayor\u00eda de redes celulares de su regi\u00f3n, utiliza la mejor red disponible en el \u00e1rea local. Si cambia de zona, el reloj eflea migrar\u00e1 a la mejor red disponible en dicha zona.<\/p>\n\n\t\t<\/div>\n\t<\/div>\n\t\n\t<div id=\"accordion-2486952767\" class=\"accordion-item\">\n\t\t<a id=\"accordion-2486952767-label\" class=\"accordion-title plain\" href=\"#accordion-item-la-montre-eflea-est-il-r\u00e9sistant-\u00e0-l\u2019eau?\" aria-expanded=\"false\" aria-controls=\"accordion-2486952767-content\" >\n\t\t\t<button class=\"toggle\" aria-label=\"Toggle\"><i class=\"icon-angle-down\"><\/i><\/button>\n\t\t\t<span>\u00bfEs el reloj eflea resistente al agua?<\/span>\n\t\t<\/a>\n\t\t<div id=\"accordion-2486952767-content\" class=\"accordion-inner\" aria-labelledby=\"accordion-2486952767-label\" >\n\t\t\t\n\n<p>S\u00cd, el reloj eflea es resistente al agua, tiene certificaci\u00f3n IP67.<\/p>\n\n\t\t<\/div>\n\t<\/div>\n\t\n\n<\/div>\n<div class=\"row row-collapse\"  id=\"row-1641958424\">\n\n\n\t<div id=\"col-1256191677\" class=\"col small-12 large-12\"  >\n\t\t\t\t<div class=\"col-inner text-center\"  >\n\t\t\t\n\t\t\t\n\n<a href=\"https:\/\/www.efleawatch.com\/es\/faq\/\" class=\"button primary is-outline\"  style=\"border-radius:99px;\">\n    <span>Ver todas las preguntas frecuentes<\/span>\n  <\/a>\n\n\n\n\t\t<\/div>\n\t\t\t\t\n<style>\n#col-1256191677 > .col-inner {\n  padding: 30px 0px 0px 0px;\n}\n<\/style>\n\t<\/div>\n\n\t\n\n<\/div>\n\n\t\t<\/div>\n\t\t\t\t\n<style>\n#col-476237054 > .col-inner {\n  margin: -60px 0px 60px 0px;\n  border-radius: 10px;\n}\n<\/style>\n\t<\/div>\n\n\t\n\n\n<style>\n#row-465555355 > .col > .col-inner {\n  padding: 60px 60px 60px 60px;\n}\n<\/style>\n<\/div>","protected":false},"excerpt":{"rendered":"","protected":false},"author":1,"featured_media":0,"parent":0,"menu_order":0,"comment_status":"closed","ping_status":"closed","template":"page-blank.php","meta":{"footnotes":""},"class_list":["post-10584","page","type-page","status-publish","hentry"],"_links":{"self":[{"href":"https:\/\/www.efleawatch.com\/es\/wp-json\/wp\/v2\/pages\/10584","targetHints":{"allow":["GET"]}}],"collection":[{"href":"https:\/\/www.efleawatch.com\/es\/wp-json\/wp\/v2\/pages"}],"about":[{"href":"https:\/\/www.efleawatch.com\/es\/wp-json\/wp\/v2\/types\/page"}],"author":[{"embeddable":true,"href":"https:\/\/www.efleawatch.com\/es\/wp-json\/wp\/v2\/users\/1"}],"replies":[{"embeddable":true,"href":"https:\/\/www.efleawatch.com\/es\/wp-json\/wp\/v2\/comments?post=10584"}],"version-history":[{"count":17,"href":"https:\/\/www.efleawatch.com\/es\/wp-json\/wp\/v2\/pages\/10584\/revisions"}],"predecessor-version":[{"id":11284,"href":"https:\/\/www.efleawatch.com\/es\/wp-json\/wp\/v2\/pages\/10584\/revisions\/11284"}],"wp:attachment":[{"href":"https:\/\/www.efleawatch.com\/es\/wp-json\/wp\/v2\/media?parent=10584"}],"curies":[{"name":"wp","href":"https:\/\/api.w.org\/{rel}","templated":true}]}}