{"id":10627,"date":"2023-07-25T09:57:24","date_gmt":"2023-07-25T09:57:24","guid":{"rendered":"http:\/\/www.efleawatch.com\/?page_id=10627"},"modified":"2023-07-25T15:55:37","modified_gmt":"2023-07-25T15:55:37","slug":"el-plan-ecareprotection","status":"publish","type":"page","link":"https:\/\/www.efleawatch.com\/es\/le-plan-ecareprotection\/","title":{"rendered":"Protecci\u00f3n ECare"},"content":{"rendered":"<div id=\"page-header-1233902669\" class=\"page-header-wrapper\">\n  <div class=\"page-title dark featured-title\">\n\n    \n    <div class=\"page-title-inner container align-center flex-row medium-flex-wrap\" >\n              <div class=\"title-wrapper flex-col text-left medium-text-center\">\n          <h1 class=\"entry-title mb-0\">\n            El Plan de Protecci\u00f3n ECare          <\/h1>\n        <\/div>\n                    <div class=\"title-content flex-col flex-right text-right medium-text-center\">\n        <div class=\"title-breadcrumbs pb-half pt-half\"><nav class=\"woocommerce-breadcrumb breadcrumbs uppercase\" data-no-translation=\"\" data-trp-gettext=\"\">Inicio<\/nav><\/div>      <\/div>\n    <\/div>\n\n       <\/div>\n    <\/div>\n  \n\n<div class=\"row\"  id=\"row-1595121578\">\n\n\n\t<div id=\"col-345643641\" class=\"col small-12 large-12\"  >\n\t\t\t\t<div class=\"col-inner\"  >\n\t\t\t\n\t\t\t\n\n\t<div id=\"gap-936691350\" class=\"gap-element clearfix\" style=\"display:block; height:auto;\">\n\t\t\n<style>\n#gap-936691350 {\n  padding-top: 50px;\n}\n<\/style>\n\t<\/div>\n\t\n\n<h4><strong>Aplicabilidad de los derechos de los consumidores en relaci\u00f3n con este plan<\/strong><\/h4>\n<p>PARA LOS CLIENTES QUE RESIDAN EN JURISDICCIONES SUJETAS A LEYES O REGLAMENTOS DE PROTECCI\u00d3N AL CONSUMIDOR, LOS BENEFICIOS DE LOS PLANES ANTERIORES SE SUMAN A LOS DERECHOS Y RECURSOS QUE LE CORRESPONDAN EN VIRTUD DE DICHAS LEYES Y REGLAMENTOS. NADA DE LO DISPUESTO EN ESTE PLAN AFECTA A LOS DERECHOS DE LOS CONSUMIDORES EN VIRTUD DE LA LEGISLACI\u00d3N APLICABLE, INCLUIDO EL DERECHO DE LOS CONSUMIDORES A RECURSOS EN VIRTUD DE UNA GARANT\u00cdA LEGAL Y A DA\u00d1OS Y PERJUICIOS EN CASO DE INCUMPLIMIENTO TOTAL O PARCIAL O DE CUMPLIMIENTO INADECUADO POR PARTE DE APPLE DE SUS OBLIGACIONES CONTRACTUALES.<\/p>\n<h3>1. El plan<\/h3>\n<p>El presente contrato regula los servicios de reparaci\u00f3n de hardware y de asistencia t\u00e9cnica que eflea le ofrece en virtud del plan mencionado anteriormente (conjuntamente, el \u00abPlan\u00bb) para su producto de la marca eflea y sus accesorios de la marca eflea incluidos en el embalaje original (el \u00abHardware cubierto\u00bb) que figuran en su documento de prueba de cobertura (la \u00abConfirmaci\u00f3n del Plan\u00bb). Las condiciones del plan son las mismas tanto si se paga de una sola vez (\u00abplan de pago \u00fanico\u00bb) como si se paga mensualmente (\u00abplan de pago mensual\u00bb), a menos que se indique lo contrario. Su Plan puede ser pagado por usted o por un tercero que financie o pague de otro modo su Plan (un \u00abProveedor de Pago del Plan\u00bb).<\/p>\n<h3>2. Inicio y fin de la cobertura<\/h3>\n<p>La cobertura comienza cuando adquiere el plan y finaliza en la fecha indicada en su confirmaci\u00f3n del plan (el \u00abPeriodo de cobertura\u00bb). Para obtener su confirmaci\u00f3n del plan, registre su equipo cubierto y su n\u00famero de registro del plan (\u00abn\u00famero de contrato del plan\u00bb) en eflea. Si se ofrece la opci\u00f3n de registro autom\u00e1tico, es posible que reciba una confirmaci\u00f3n del plan por separado. Si se ofrece la opci\u00f3n de registro autom\u00e1tico y no recibe una confirmaci\u00f3n del plan por separado, su factura original sustituir\u00e1 a la confirmaci\u00f3n del plan. Las condiciones del plan, la factura original del plan y la confirmaci\u00f3n del plan forman parte de su contrato de servicio. El precio del plan figura en la factura original proporcionada por eflea, el vendedor al que usted adquiri\u00f3 su plan (un \u00abrevendedor\u00bb) o su proveedor de pago del plan. La cobertura de reparaci\u00f3n de equipos y asistencia t\u00e9cnica de este plan es adicional a la cobertura proporcionada por la garant\u00eda del fabricante del equipo y la asistencia t\u00e9cnica gratuita.<\/p>\n\n\t\t<\/div>\n\t\t\t\t\t<\/div>\n\n\t\n\n<\/div>","protected":false},"excerpt":{"rendered":"","protected":false},"author":1,"featured_media":0,"parent":0,"menu_order":0,"comment_status":"closed","ping_status":"closed","template":"page-blank.php","meta":{"footnotes":""},"class_list":["post-10627","page","type-page","status-publish","hentry"],"_links":{"self":[{"href":"https:\/\/www.efleawatch.com\/es\/wp-json\/wp\/v2\/pages\/10627","targetHints":{"allow":["GET"]}}],"collection":[{"href":"https:\/\/www.efleawatch.com\/es\/wp-json\/wp\/v2\/pages"}],"about":[{"href":"https:\/\/www.efleawatch.com\/es\/wp-json\/wp\/v2\/types\/page"}],"author":[{"embeddable":true,"href":"https:\/\/www.efleawatch.com\/es\/wp-json\/wp\/v2\/users\/1"}],"replies":[{"embeddable":true,"href":"https:\/\/www.efleawatch.com\/es\/wp-json\/wp\/v2\/comments?post=10627"}],"version-history":[{"count":0,"href":"https:\/\/www.efleawatch.com\/es\/wp-json\/wp\/v2\/pages\/10627\/revisions"}],"wp:attachment":[{"href":"https:\/\/www.efleawatch.com\/es\/wp-json\/wp\/v2\/media?parent=10627"}],"curies":[{"name":"wp","href":"https:\/\/api.w.org\/{rel}","templated":true}]}}