{"id":11327,"date":"2024-11-09T09:12:56","date_gmt":"2024-11-09T09:12:56","guid":{"rendered":"https:\/\/www.efleawatch.com\/?page_id=11327"},"modified":"2025-12-17T15:49:03","modified_gmt":"2025-12-17T15:49:03","slug":"instalacion-para-su-reloj-eflea","status":"publish","type":"page","link":"https:\/\/www.efleawatch.com\/es\/installation-pour-votre-montre-eflea\/","title":{"rendered":"installation pour votre montre Eflea"},"content":{"rendered":"<section class=\"section dark\" id=\"section_1093205990\">\n\t\t<div class=\"bg section-bg fill bg-fill\" >\n\n\t\t\t\n\t\t\t<button class=\"scroll-for-more z-5 icon absolute bottom h-center\" aria-label=\"Despl\u00e1cese para m\u00e1s\"><i class=\"icon-angle-down\" style=\"font-size:42px;\" ><\/i><\/button>\n\t\t\t\n\n\t\t<\/div>\n\n\t\t\n\n\t\t<div class=\"section-content relative\">\n\t\t\t\n\n<div class=\"row row-full-width align-right\"  id=\"row-839736945\">\n\n\n\t<div id=\"col-915564249\" class=\"col medium-7 small-12 large-7\"  >\n\t\t\t\t<div class=\"col-inner text-center\"  >\n\t\t\t\n\t\t\t\n\n\t<div id=\"text-3145441144\" class=\"text\">\n\t\t\n\n<h2>Bienvenido a nuestra herramienta de instalaci\u00f3n para su reloj Eflea.<\/p>\n<\/h2>\n\t\t\n<style>\n#text-3145441144 {\n  font-size: 1.5rem;\n}\n<\/style>\n\t<\/div>\n\t\n\t<div id=\"gap-2118690441\" class=\"gap-element clearfix\" style=\"display:block; height:auto;\">\n\t\t\n<style>\n#gap-2118690441 {\n  padding-top: 30px;\n}\n<\/style>\n\t<\/div>\n\t\n\n\n\t\t<\/div>\n\t\t\t\t\t<\/div>\n\n\t\n\n<\/div>\n\n\t\t<\/div>\n\n\t\t\n<style>\n#section_1093205990 {\n  padding-top: 30px;\n  padding-bottom: 30px;\n  min-height: 400px;\n}\n#section_1093205990 .section-bg.bg-loaded {\n  background-image: url(https:\/\/www.efleawatch.com\/wp-content\/uploads\/2024\/11\/montre-Eflea.jpg);\n}\n#section_1093205990 .section-bg {\n  background-position: 43% 45%;\n}\n<\/style>\n\t<\/section>\n\t\n<div class=\"row row-full-width align-center\"  id=\"row-739376459\">\n\n\n\t<div id=\"col-186750423\" class=\"col medium-7 small-12 large-7\"  >\n\t\t\t\t<div class=\"col-inner\"  >\n\t\t\t\n\t\t\t\n\n\t<div class=\"img has-hover x md-x lg-x y md-y lg-y\" id=\"image_1108018306\">\n\t\t\t\t\t\t\t\t<div class=\"img-inner dark\" >\n\t\t\t<img loading=\"lazy\" decoding=\"async\" width=\"1920\" height=\"1080\" src=\"https:\/\/www.efleawatch.com\/wp-content\/uploads\/2024\/11\/video-2.gif\" class=\"attachment-original size-original\" alt=\"\" \/>\t\t\t\t\t\t\n\t\t\t\t\t<\/div>\n\t\t\t\t\t\t\t\t\n<style>\n#image_1108018306 {\n  width: 100%;\n}\n<\/style>\n\t<\/div>\n\t\n\n\n\t\t<\/div>\n\t\t\t\t\t<\/div>\n\n\t\n\n<\/div>\n\t<section class=\"section\" id=\"section_62526882\">\n\t\t<div class=\"bg section-bg fill bg-fill  bg-loaded\" >\n\n\t\t\t\n\t\t\t\n\t\t\t\n\n\t\t<\/div>\n\n\t\t\n\n\t\t<div class=\"section-content relative\">\n\t\t\t\n\n<div class=\"row align-middle\"  id=\"row-1834975347\">\n\n\n\t<div id=\"col-626041718\" class=\"col medium-5 small-12 large-5\"  >\n\t\t\t\t<div class=\"col-inner text-center\"  >\n\t\t\t\n\t\t\t\n\n\t<div class=\"img has-hover x md-x lg-x y md-y lg-y\" id=\"image_1980818941\">\n\t\t\t\t\t\t\t\t<div class=\"img-inner dark\" >\n\t\t\t<img loading=\"lazy\" decoding=\"async\" width=\"800\" height=\"800\" src=\"https:\/\/www.efleawatch.com\/wp-content\/uploads\/2024\/07\/montre-connectee-app-pharmacie.png\" class=\"attachment-large size-large\" alt=\"\" srcset=\"https:\/\/www.efleawatch.com\/wp-content\/uploads\/2024\/07\/montre-connectee-app-pharmacie.png 800w, https:\/\/www.efleawatch.com\/wp-content\/uploads\/2024\/07\/montre-connectee-app-pharmacie-400x400.png 400w, https:\/\/www.efleawatch.com\/wp-content\/uploads\/2024\/07\/montre-connectee-app-pharmacie-280x280.png 280w, https:\/\/www.efleawatch.com\/wp-content\/uploads\/2024\/07\/montre-connectee-app-pharmacie-768x768.png 768w, https:\/\/www.efleawatch.com\/wp-content\/uploads\/2024\/07\/montre-connectee-app-pharmacie-12x12.png 12w, https:\/\/www.efleawatch.com\/wp-content\/uploads\/2024\/07\/montre-connectee-app-pharmacie-300x300.png 300w, https:\/\/www.efleawatch.com\/wp-content\/uploads\/2024\/07\/montre-connectee-app-pharmacie-600x600.png 600w, https:\/\/www.efleawatch.com\/wp-content\/uploads\/2024\/07\/montre-connectee-app-pharmacie-100x100.png 100w\" sizes=\"auto, (max-width: 800px) 100vw, 800px\" \/>\t\t\t\t\t\t\n\t\t\t\t\t<\/div>\n\t\t\t\t\t\t\t\t\n<style>\n#image_1980818941 {\n  width: 100%;\n}\n<\/style>\n\t<\/div>\n\t\n\n\n\t\t<\/div>\n\t\t\t\t\t<\/div>\n\n\t\n\n\t<div id=\"col-808624782\" class=\"col medium-7 small-12 large-7\"  >\n\t\t\t\t<div class=\"col-inner text-left\"  >\n\t\t\t\n\t\t\t\n\n\t<div id=\"text-3137389796\" class=\"text\">\n\t\t\n\n<h2>Paso 1: Descargar la aplicaci\u00f3n Ewatch<br \/>\n<\/h2>\n\t\t\n<style>\n#text-3137389796 {\n  font-size: 1.4rem;\n}\n<\/style>\n\t<\/div>\n\t\n\t<div id=\"text-1510666504\" class=\"text\">\n\t\t\n\n<p>Empieza descargando la aplicaci\u00f3n Ewatch desde App Store o Google Play. Para facilitar la descarga, puede utilizar el c\u00f3digo QR de su reloj. Lo encontrar\u00e1s en el apartado \"C\u00f3digo QR\". Tambi\u00e9n puedes descargar la aplicaci\u00f3n directamente desde esta p\u00e1gina, utilizando el c\u00f3digo QR de la parte inferior.<\/p>\n\t\t\n<style>\n#text-1510666504 {\n  font-size: 1.2rem;\n}\n<\/style>\n\t<\/div>\n\t\n\n\t\t<\/div>\n\t\t\t\t\t<\/div>\n\n\t\n\n<\/div>\n\n\t\t<\/div>\n\n\t\t\n<style>\n#section_62526882 {\n  padding-top: 60px;\n  padding-bottom: 60px;\n  background-color: rgb(250, 250, 250);\n}\n<\/style>\n\t<\/section>\n\t\n\t<section class=\"section\" id=\"section_627753916\">\n\t\t<div class=\"bg section-bg fill bg-fill  bg-loaded\" >\n\n\t\t\t\n\t\t\t\n\t\t\t\n\n\t\t<\/div>\n\n\t\t\n\n\t\t<div class=\"section-content relative\">\n\t\t\t\n\n<div class=\"row align-middle\"  id=\"row-834027249\">\n\n\n\t<div id=\"col-164083345\" class=\"col medium-4 small-12 large-4\"  >\n\t\t\t\t<div class=\"col-inner text-center\"  >\n\t\t\t\n\t\t\t\n\n\t<div class=\"img has-hover x md-x lg-x y md-y lg-y\" id=\"image_1292600558\">\n\t\t\t\t\t\t\t\t<div class=\"img-inner dark\" >\n\t\t\t<img loading=\"lazy\" decoding=\"async\" width=\"699\" height=\"800\" src=\"https:\/\/www.efleawatch.com\/wp-content\/uploads\/2024\/07\/Watch-face-1-1-699x800.jpg\" class=\"attachment-large size-large\" alt=\"\" srcset=\"https:\/\/www.efleawatch.com\/wp-content\/uploads\/2024\/07\/Watch-face-1-1-699x800.jpg 699w, https:\/\/www.efleawatch.com\/wp-content\/uploads\/2024\/07\/Watch-face-1-1-349x400.jpg 349w, https:\/\/www.efleawatch.com\/wp-content\/uploads\/2024\/07\/Watch-face-1-1-768x879.jpg 768w, https:\/\/www.efleawatch.com\/wp-content\/uploads\/2024\/07\/Watch-face-1-1-10x12.jpg 10w, https:\/\/www.efleawatch.com\/wp-content\/uploads\/2024\/07\/Watch-face-1-1-600x687.jpg 600w, https:\/\/www.efleawatch.com\/wp-content\/uploads\/2024\/07\/Watch-face-1-1.jpg 800w\" sizes=\"auto, (max-width: 699px) 100vw, 699px\" \/>\t\t\t\t\t\t\n\t\t\t\t\t<\/div>\n\t\t\t\t\t\t\t\t\n<style>\n#image_1292600558 {\n  width: 100%;\n}\n<\/style>\n\t<\/div>\n\t\n\n\n\t\t<\/div>\n\t\t\t\t\t<\/div>\n\n\t\n\n\t<div id=\"col-376816123\" class=\"col medium-8 small-12 large-8\"  >\n\t\t\t\t<div class=\"col-inner text-left\"  >\n\t\t\t\n\t\t\t\n\n\t<div id=\"text-1903688345\" class=\"text\">\n\t\t\n\n<h2>Paso 2: Cree su cuenta<\/p>\n<\/h2>\n\t\t\n<style>\n#text-1903688345 {\n  font-size: 1.4rem;\n}\n<\/style>\n\t<\/div>\n\t\n\t<div id=\"text-1566572035\" class=\"text\">\n\t\t\n\n<p>Una vez que haya instalado la aplicaci\u00f3n, siga las instrucciones que aparecen en pantalla para crear su cuenta de usuario. Esto le permitir\u00e1 emparejar su reloj Eflea con la aplicaci\u00f3n.<\/p>\n\t\t\n<style>\n#text-1566572035 {\n  font-size: 1.2rem;\n}\n<\/style>\n\t<\/div>\n\t\n\t<div id=\"text-1996617904\" class=\"text\">\n\t\t\n\n<h3>A\u00f1adir contactos<br \/>\n<\/h3>\n\t\t\n<style>\n#text-1996617904 {\n  font-size: 1.4rem;\n  color: rgb(0,0,0);\n}\n#text-1996617904 > * {\n  color: rgb(0,0,0);\n}\n<\/style>\n\t<\/div>\n\t\n\t<div id=\"text-1145106162\" class=\"text\">\n\t\t\n\n<p>Para a\u00f1adir a familiares o amigos para que se mantengan en contacto a trav\u00e9s del reloj, es necesario utilizar la aplicaci\u00f3n Ewatch. Todos los ajustes de tu reloj se pueden configurar directamente en la app.<\/p>\n\t\t\n<style>\n#text-1145106162 {\n  font-size: 1.2rem;\n}\n<\/style>\n\t<\/div>\n\t\n\n\t\t<\/div>\n\t\t\t\t\t<\/div>\n\n\t\n\n<\/div>\n<div class=\"row\"  id=\"row-625576854\">\n\n\n\t<div id=\"col-518260524\" class=\"col medium-6 small-12 large-6\"  >\n\t\t\t\t<div class=\"col-inner text-center\"  >\n\t\t\t\n\t\t\t\n\n<a href=\"https:\/\/www.efleawatch.com\/wp-content\/uploads\/2024\/11\/PDF-FR-BACK.pdf.pdf\" target=\"_blank\" class=\"button secondary is-large expand\" rel=\"noopener\"  >\n    <span>Descargar el manual de usuario en franc\u00e9s<\/span>\n  <\/a>\n\n\n<a href=\"https:\/\/www.efleawatch.com\/wp-content\/uploads\/2025\/12\/The-user-manual-in-esp.pdf\" target=\"_blank\" class=\"button secondary is-large expand\" rel=\"noopener\"  >\n    <span>Descargar el manual de usuario en espa\u00f1ol<\/span>\n  <\/a>\n\n\n\n\t\t<\/div>\n\t\t\t\t\t<\/div>\n\n\t\n\n\t<div id=\"col-1997898909\" class=\"col medium-6 small-12 large-6\"  >\n\t\t\t\t<div class=\"col-inner text-center\"  >\n\t\t\t\n\t\t\t\n\n<a href=\"https:\/\/www.efleawatch.com\/wp-content\/uploads\/2024\/11\/The-user-manual-in-pdf.pdf\" target=\"_blank\" class=\"button secondary is-large expand\" rel=\"noopener\"  >\n    <span>Descargar el manual de usuario<\/span>\n  <\/a>\n\n\n<a href=\"https:\/\/www.efleawatch.com\/wp-content\/uploads\/2025\/12\/The-user-manual-in-POR.pdf\" target=\"_blank\" class=\"button secondary is-large expand\" rel=\"noopener\"  >\n    <span>Descargar el manual de usuario en portugu\u00e9s<\/span>\n  <\/a>\n\n\n\n\t\t<\/div>\n\t\t\t\t\t<\/div>\n\n\t\n\n<\/div>\n\n\t\t<\/div>\n\n\t\t\n<style>\n#section_627753916 {\n  padding-top: 60px;\n  padding-bottom: 60px;\n  background-color: rgb(255, 255, 255);\n}\n<\/style>\n\t<\/section>\n\t\n\t<section class=\"section\" id=\"section_1065518601\">\n\t\t<div class=\"bg section-bg fill bg-fill  bg-loaded\" >\n\n\t\t\t\n\t\t\t\n\t\t\t\n\n\t\t<\/div>\n\n\t\t\n\n\t\t<div class=\"section-content relative\">\n\t\t\t\n\n<div class=\"row\"  id=\"row-368997236\">\n\n\n\t<div id=\"col-778388620\" class=\"col small-12 large-12\"  >\n\t\t\t\t<div class=\"col-inner text-center\"  >\n\t\t\t\n\t\t\t\n\n\t<div id=\"text-2265810746\" class=\"text\">\n\t\t\n\n<h3>Algunos consejos pr\u00e1cticos:<br \/>\n<\/h3>\n\t\t\n<style>\n#text-2265810746 {\n  font-size: 1.4rem;\n}\n<\/style>\n\t<\/div>\n\t\n\n\t\t<\/div>\n\t\t\t\t\t<\/div>\n\n\t\n\n<\/div>\n<div class=\"row align-equal row-solid\"  id=\"row-8121779\">\n\n\n\t<div id=\"col-1827333491\" class=\"col medium-6 small-12 large-6\"  >\n\t\t\t\t<div class=\"col-inner\"  >\n\t\t\t\n\t\t\t\n\n<h3>Encender y apagar el reloj <\/h3>\n<p><span style=\"font-size: 90%;\"> Para encender su reloj Eflea, pulse el bot\u00f3n de la parte inferior derecha durante 3 segundos. Para apagarlo, vuelva a pulsar el mismo bot\u00f3n durante 3 segundos.<\/span><\/p>\n\n\t\t<\/div>\n\t\t\t\t\t<\/div>\n\n\t\n\n\t<div id=\"col-2106948768\" class=\"col medium-6 small-12 large-6\"  >\n\t\t\t\t<div class=\"col-inner\"  >\n\t\t\t\n\t\t\t\n\n<h3>Cambiar la imagen<\/h3>\n<p><span style=\"font-size: 90%;\">  Para cambiar la apariencia de su reloj, utilice el pulsador rojo situado en la esquina superior izquierda. G\u00edrelo para desplazarse por los elementos visuales y, a continuaci\u00f3n, pulse para confirmar su elecci\u00f3n. Para volver a la p\u00e1gina principal, pulse el bot\u00f3n inferior izquierdo.<\/span><\/p>\n\n\t\t<\/div>\n\t\t\t\t\t<\/div>\n\n\t\n\n\t<div id=\"col-1130641389\" class=\"col medium-6 small-12 large-6\"  >\n\t\t\t\t<div class=\"col-inner\"  >\n\t\t\t\n\t\t\t\n\n<h3>La tarjeta SIM<\/h3>\n<p><span style=\"font-size: 90%;\">La tarjeta SIM se encuentra en el lado izquierdo del reloj.<br \/>\n<\/span><\/p>\n\n\t\t<\/div>\n\t\t\t\t\t<\/div>\n\n\t\n\n\t<div id=\"col-1216037028\" class=\"col medium-6 small-12 large-6\"  >\n\t\t\t\t<div class=\"col-inner\"  >\n\t\t\t\n\t\t\t\n\n<h3>Ver navegaci\u00f3n<\/h3>\n<p><span style=\"font-size: 90%;\"> Para navegar, desliza el dedo por la pantalla hacia la izquierda o la derecha para explorar las distintas opciones.<\/span><\/p>\n\n\t\t<\/div>\n\t\t\t\t\t<\/div>\n\n\t\n\n\t<div id=\"col-139658099\" class=\"col medium-6 small-12 large-6\"  >\n\t\t\t\t<div class=\"col-inner\"  >\n\t\t\t\n\t\t\t\n\n<h3>Acceder a los par\u00e1metros <\/h3>\n<p><span style=\"font-size: 90%;\">  Desde la p\u00e1gina principal, desliza el dedo hacia arriba y hacia abajo para ver informaci\u00f3n sobre la red m\u00f3vil e Internet. Tambi\u00e9n puedes ajustar el brillo y el volumen de tu reloj.<br \/>\n<\/span><\/p>\n\n\t\t<\/div>\n\t\t\t\t\t<\/div>\n\n\t\n\n\t<div id=\"col-608121875\" class=\"col medium-6 small-12 large-6\"  >\n\t\t\t\t<div class=\"col-inner\"  >\n\t\t\t\n\t\t\t\n\n<h3>Detecci\u00f3n de ca\u00eddas<\/h3>\n<p><span style=\"font-size: 90%;\"> Para activar la funci\u00f3n de detecci\u00f3n de ca\u00eddas, es imprescindible habilitarla en la aplicaci\u00f3n de tu tel\u00e9fono. Puedes ajustar el nivel de sensibilidad de 1 a 8, siendo 1 el m\u00e1s sensible y 8 el menos sensible.<br \/>\n<\/span><\/p>\n\n\t\t<\/div>\n\t\t\t\t\t<\/div>\n\n\t\n\n\t<div id=\"col-625484961\" class=\"col small-12 large-12\"  >\n\t\t\t\t<div class=\"col-inner\"  >\n\t\t\t\n\t\t\t\n\n<p><strong>Le recomendamos que consulte nuestro manual de usuario para conocer las normas de uso y otros aspectos importantes de su reloj Eflea.<\/strong><\/p>\n\n\t\t<\/div>\n\t\t\t\t\t<\/div>\n\n\t\n\n\n<style>\n#row-8121779 > .col > .col-inner {\n  padding: 30px 30px 30px 30px;\n}\n<\/style>\n<\/div>\n\n\t\t<\/div>\n\n\t\t\n<style>\n#section_1065518601 {\n  padding-top: 60px;\n  padding-bottom: 60px;\n  background-color: rgb(250, 250, 250);\n}\n<\/style>\n\t<\/section>\n\t\n\t<section class=\"section\" id=\"section_526000348\">\n\t\t<div class=\"bg section-bg fill bg-fill  bg-loaded\" >\n\n\t\t\t\n\t\t\t\n\t\t\t\n\n\t\t<\/div>\n\n\t\t\n\n\t\t<div class=\"section-content relative\">\n\t\t\t\n\n<div class=\"row align-center\"  id=\"row-620230776\">\n\n\n\t<div id=\"col-582580509\" class=\"col medium-9 small-12 large-9\"  >\n\t\t\t\t<div class=\"col-inner text-center dark\" style=\"background-color:#273647;\" >\n\t\t\t\n\t\t\t\n\n<h3> Asistencia<br \/><\/h3>\n<p> Si tiene alguna pregunta sobre nuestro producto, no dude en ponerse en contacto con nuestros agentes, disponibles en nuestro sitio web. Estamos aqu\u00ed para ayudarle.<\/p>\n\n\t\t<\/div>\n\t\t\t\t\n<style>\n#col-582580509 > .col-inner {\n  padding: 40px 40px 40px 40px;\n  margin: 40px 0px 0px 0px;\n  border-radius: 20px;\n}\n<\/style>\n\t<\/div>\n\n\t\n\n<\/div>\n\n\t\t<\/div>\n\n\t\t\n<style>\n#section_526000348 {\n  padding-top: 20px;\n  padding-bottom: 20px;\n}\n<\/style>\n\t<\/section>","protected":false},"excerpt":{"rendered":"","protected":false},"author":1,"featured_media":0,"parent":0,"menu_order":0,"comment_status":"closed","ping_status":"closed","template":"page-blank.php","meta":{"footnotes":""},"class_list":["post-11327","page","type-page","status-publish","hentry"],"_links":{"self":[{"href":"https:\/\/www.efleawatch.com\/es\/wp-json\/wp\/v2\/pages\/11327","targetHints":{"allow":["GET"]}}],"collection":[{"href":"https:\/\/www.efleawatch.com\/es\/wp-json\/wp\/v2\/pages"}],"about":[{"href":"https:\/\/www.efleawatch.com\/es\/wp-json\/wp\/v2\/types\/page"}],"author":[{"embeddable":true,"href":"https:\/\/www.efleawatch.com\/es\/wp-json\/wp\/v2\/users\/1"}],"replies":[{"embeddable":true,"href":"https:\/\/www.efleawatch.com\/es\/wp-json\/wp\/v2\/comments?post=11327"}],"version-history":[{"count":39,"href":"https:\/\/www.efleawatch.com\/es\/wp-json\/wp\/v2\/pages\/11327\/revisions"}],"predecessor-version":[{"id":11444,"href":"https:\/\/www.efleawatch.com\/es\/wp-json\/wp\/v2\/pages\/11327\/revisions\/11444"}],"wp:attachment":[{"href":"https:\/\/www.efleawatch.com\/es\/wp-json\/wp\/v2\/media?parent=11327"}],"curies":[{"name":"wp","href":"https:\/\/api.w.org\/{rel}","templated":true}]}}