{"id":79,"date":"2022-06-11T20:13:42","date_gmt":"2022-06-11T20:13:42","guid":{"rendered":"http:\/\/localhost:8888\/test\/?page_id=545"},"modified":"2024-05-16T11:46:06","modified_gmt":"2024-05-16T11:46:06","slug":"faq","status":"publish","type":"page","link":"https:\/\/www.efleawatch.com\/es\/faq\/","title":{"rendered":"PREGUNTAS FRECUENTES"},"content":{"rendered":"<div id=\"page-header-1458692518\" class=\"page-header-wrapper\">\n  <div class=\"page-title dark featured-title\">\n\n        <div class=\"page-title-bg\">\n      <div class=\"title-bg fill bg-fill\"\n        data-parallax-container=\".page-title\"\n        data-parallax-background\n data-parallax=\"-\">\n      <\/div>\n      <div class=\"title-overlay fill\"><\/div>\n    <\/div>\n    \n    <div class=\"page-title-inner container align-center flex-row medium-flex-wrap\" >\n              <div class=\"title-wrapper flex-col text-left medium-text-center\">\n          <h1 class=\"entry-title mb-0\">\n            PREGUNTAS FRECUENTES          <\/h1>\n        <\/div>\n                    <div class=\"title-content flex-col flex-right text-right medium-text-center\">\n        <div class=\"title-breadcrumbs pb-half pt-half\"><nav class=\"woocommerce-breadcrumb breadcrumbs uppercase\" data-no-translation=\"\" data-trp-gettext=\"\">Inicio<\/nav><\/div>      <\/div>\n    <\/div>\n\n     \n<style>\n#page-header-1458692518 .featured-title {\n  background-color: #404b25;\n}\n<\/style>\n  <\/div>\n    <\/div>\n  \n\n\t<section class=\"section\" id=\"section_2061608467\">\n\t\t<div class=\"bg section-bg fill bg-fill  bg-loaded\" >\n\n\t\t\t\n\t\t\t\n\t\t\t\n\n\t\t<\/div>\n\n\t\t\n\n\t\t<div class=\"section-content relative\">\n\t\t\t\n\n<div class=\"row\"  id=\"row-558139216\">\n\n\n\t<div id=\"col-274508906\" class=\"col small-12 large-12\"  >\n\t\t\t\t<div class=\"col-inner text-center\"  >\n\t\t\t\n\t\t\t\n\n<h2>FAQ eflea Watch <\/h2>\n\n\t\t<\/div>\n\t\t\t\t\t<\/div>\n\n\t\n\n<\/div>\n<div class=\"row align-equal row-solid\"  id=\"row-1673184095\">\n\n\n\t<div id=\"col-1739273246\" class=\"col medium-6 small-12 large-6\"  >\n\t\t\t\t<div class=\"col-inner\"  >\n\t\t\t\n\t\t\t\n\n<h3>\u00bfTengo que firmar un contrato?<\/h3>\n<p>NO, no hay contrato con el reloj eflea, ni verificaci\u00f3n de cr\u00e9dito.<\/p>\n\n\n\t\t<\/div>\n\t\t\t\t\t<\/div>\n\n\t\n\n\t<div id=\"col-1846017818\" class=\"col medium-6 small-12 large-6\"  >\n\t\t\t\t<div class=\"col-inner\"  >\n\t\t\t\n\t\t\t\n\n<h3>\u00bfPuedo interrumpir el servicio?<\/h3>\n<p>S\u00cd, puede interrumpir y reanudar el servicio en cualquier momento, de forma gratuita.<\/p>\n\n\t\t<\/div>\n\t\t\t\t\t<\/div>\n\n\t\n\n\t<div id=\"col-1800111984\" class=\"col medium-6 small-12 large-6\"  >\n\t\t\t\t<div class=\"col-inner\"  >\n\t\t\t\n\t\t\t\n\n<h3>\u00bfQu\u00e9 red celular utiliza el tel\u00e9fono del reloj eflea?<\/h3>\n<p>El reloj eflea utiliza la gran mayor\u00eda de redes celulares de su regi\u00f3n, utiliza la mejor red disponible en el \u00e1rea local. Si cambia de zona, el reloj eflea migrar\u00e1 a la mejor red disponible en dicha zona.<\/p>\n\n\t\t<\/div>\n\t\t\t\t\t<\/div>\n\n\t\n\n\t<div id=\"col-570266173\" class=\"col medium-6 small-12 large-6\"  >\n\t\t\t\t<div class=\"col-inner\"  >\n\t\t\t\n\t\t\t\n\n<h3>\u00bfEs el reloj eflea resistente al agua?<\/h3>\n<p>S\u00cd, el reloj eflea es resistente al agua, tiene certificaci\u00f3n IP67.<\/p>\n\n\n\t\t<\/div>\n\t\t\t\t\t<\/div>\n\n\t\n\n\t<div id=\"col-708828866\" class=\"col medium-6 small-12 large-6\"  >\n\t\t\t\t<div class=\"col-inner\"  >\n\t\t\t\n\t\t\t\n\n<h3>\u00bfC\u00f3mo se comunican conmigo mis familiares y amigos? <\/h3>\n<p>Los miembros de su red deben descargarse la aplicaci\u00f3n eflea Connect, disponible en Apple Store (Apple).<br \/>\n y Google Play (Android).<\/p>\n\n\t\t<\/div>\n\t\t\t\t\t<\/div>\n\n\t\n\n\t<div id=\"col-974538451\" class=\"col medium-6 small-12 large-6\"  >\n\t\t\t\t<div class=\"col-inner\"  >\n\t\t\t\n\t\t\t\n\n<h3>\u00bfPuedo enviar informaci\u00f3n desde mi reloj?<\/h3>\n<p>S\u00cd, una vez que los miembros de su red han sido vinculados por la aplicaci\u00f3n eflea Connect, puede compartir informaci\u00f3n a distancia (frecuencia card\u00edaca, n\u00famero de pasos, temperatura y mucho m\u00e1s).<\/p>\n\n\t\t<\/div>\n\t\t\t\t\t<\/div>\n\n\t\n\n\t<div id=\"col-662476725\" class=\"col medium-6 small-12 large-6\"  >\n\t\t\t\t<div class=\"col-inner\"  >\n\t\t\t\n\t\t\t\n\n<h3>\u00bfPuedo hablar con los miembros de mi red?<\/h3>\n<p>S\u00cd, el reloj te permite hablar, enviar mensajes de voz y hacer videollamadas con los miembros de tu red.<\/p>\n\n\t\t<\/div>\n\t\t\t\t\t<\/div>\n\n\t\n\n\t<div id=\"col-172605066\" class=\"col medium-6 small-12 large-6\"  >\n\t\t\t\t<div class=\"col-inner\"  >\n\t\t\t\n\t\t\t\n\n<h3>\u00bfPuedo comunicarme con mi red fuera del pa\u00eds? <\/h3>\n<p>S\u00cd, el reloj eflea te permite viajar a m\u00e1s de 150 pa\u00edses de todo el mundo sin coste adicional.<\/p>\n\n\t\t<\/div>\n\t\t\t\t\t<\/div>\n\n\t\n\n\t<div id=\"col-681913135\" class=\"col medium-6 small-12 large-6\"  >\n\t\t\t\t<div class=\"col-inner\"  >\n\t\t\t\n\t\t\t\n\n<h3>\u00bfCu\u00e1nto dura la pila del reloj eflea? <\/h3>\n<p>El reloj eflea tiene una autonom\u00eda de m\u00e1s de 2 d\u00edas (dependiendo del uso). <\/p>\n\n\t\t<\/div>\n\t\t\t\t\t<\/div>\n\n\t\n\n\t<div id=\"col-1349258759\" class=\"col medium-6 small-12 large-6\"  >\n\t\t\t\t<div class=\"col-inner\"  >\n\t\t\t\n\t\t\t\n\n<h3>\u00bfEs seguro el reloj eflea para mis datos personales? <\/h3>\n<p>S\u00cd, el reloj eflea es el m\u00e1s seguro del sector y utiliza las tecnolog\u00edas de cifrado m\u00e1s recientes del sector (Blockchain). Como su reloj eflea no utiliza un n\u00famero local, no recibe ninguna comunicaci\u00f3n externa a su red.<\/p>\n\n\t\t<\/div>\n\t\t\t\t\t<\/div>\n\n\t\n\n\t<div id=\"col-115066428\" class=\"col medium-6 small-12 large-6\"  >\n\t\t\t\t<div class=\"col-inner\"  >\n\t\t\t\n\t\t\t\n\n<h3>\u00bfEl reloj eflea tiene garant\u00eda?<\/h3>\n<p>S\u00cd, el reloj eflea tiene una garant\u00eda de 12 meses en piezas y mano de obra. Los da\u00f1os f\u00edsicos no est\u00e1n cubiertos.<\/p>\n\n\t\t<\/div>\n\t\t\t\t\t<\/div>\n\n\t\n\n\t<div id=\"col-1183441917\" class=\"col medium-6 small-12 large-6\"  >\n\t\t\t\t<div class=\"col-inner\"  >\n\t\t\t\n\t\t\t\n\n<h3>\u00bfPuedo estar cubierto contra da\u00f1os f\u00edsicos?<\/h3>\n<p>S\u00cd eflea ofrece una garant\u00eda adicional contra la rotura f\u00edsica, ECare ofrece una garant\u00eda de 3 a\u00f1os (<em><strong><a href=\"http:\/\/www.efleawatch.com\/es\/el-plan-ecareprotection\/\">ver detalles ECare<\/a><\/strong><\/em>).<\/p>\n\n\t\t<\/div>\n\t\t\t\t\t<\/div>\n\n\t\n\n\n<style>\n#row-1673184095 > .col > .col-inner {\n  padding: 30px 30px 30px 30px;\n}\n<\/style>\n<\/div>\n\n\t\t<\/div>\n\n\t\t\n<style>\n#section_2061608467 {\n  padding-top: 60px;\n  padding-bottom: 60px;\n  background-color: rgb(255,255,255);\n}\n<\/style>\n\t<\/section>","protected":false},"excerpt":{"rendered":"","protected":false},"author":1,"featured_media":0,"parent":0,"menu_order":0,"comment_status":"closed","ping_status":"closed","template":"page-blank.php","meta":{"footnotes":""},"class_list":["post-79","page","type-page","status-publish","hentry"],"_links":{"self":[{"href":"https:\/\/www.efleawatch.com\/es\/wp-json\/wp\/v2\/pages\/79","targetHints":{"allow":["GET"]}}],"collection":[{"href":"https:\/\/www.efleawatch.com\/es\/wp-json\/wp\/v2\/pages"}],"about":[{"href":"https:\/\/www.efleawatch.com\/es\/wp-json\/wp\/v2\/types\/page"}],"author":[{"embeddable":true,"href":"https:\/\/www.efleawatch.com\/es\/wp-json\/wp\/v2\/users\/1"}],"replies":[{"embeddable":true,"href":"https:\/\/www.efleawatch.com\/es\/wp-json\/wp\/v2\/comments?post=79"}],"version-history":[{"count":1,"href":"https:\/\/www.efleawatch.com\/es\/wp-json\/wp\/v2\/pages\/79\/revisions"}],"predecessor-version":[{"id":11189,"href":"https:\/\/www.efleawatch.com\/es\/wp-json\/wp\/v2\/pages\/79\/revisions\/11189"}],"wp:attachment":[{"href":"https:\/\/www.efleawatch.com\/es\/wp-json\/wp\/v2\/media?parent=79"}],"curies":[{"name":"wp","href":"https:\/\/api.w.org\/{rel}","templated":true}]}}