{"id":84,"date":"2022-05-11T19:06:15","date_gmt":"2022-05-11T19:06:15","guid":{"rendered":"http:\/\/localhost:8888\/test\/?page_id=520"},"modified":"2025-12-17T08:38:47","modified_gmt":"2025-12-17T08:38:47","slug":"a-propos","status":"publish","type":"page","link":"https:\/\/www.efleawatch.com\/es\/a-propos\/","title":{"rendered":"Qui\u00e9nes somos"},"content":{"rendered":"<div class=\"banner has-hover has-parallax\" id=\"banner-1617586176\">\n          <div class=\"banner-inner fill\">\n        <div class=\"banner-bg fill\" data-parallax=\"-3\" data-parallax-container=\".banner\" data-parallax-background>\n            <div class=\"bg fill bg-fill\"><\/div>\n                        <div class=\"overlay\"><\/div>            \n                    <\/div>\n\t\t\n        <div class=\"banner-layers container\">\n            <div class=\"fill banner-link\"><\/div>            \n\n   <div id=\"text-box-712830207\" class=\"text-box banner-layer x90 md-x80 lg-x80 y70 md-y70 lg-y70 res-text\">\n                                <div class=\"text-box-content text dark\">\n              \n              <div class=\"text-inner text-right\">\n                  \n\n<h1 class=\"lead\">El reloj eflea<\/h1>\n\n              <\/div>\n           <\/div>\n                            \n<style>\n#text-box-712830207 {\n  width: 100%;\n}\n#text-box-712830207 .text-box-content {\n  font-size: 100%;\n}\n@media (min-width:550px) {\n  #text-box-712830207 {\n    width: 64%;\n  }\n}\n<\/style>\n    <\/div>\n \n\n        <\/div>\n      <\/div>\n\n            \n<style>\n#banner-1617586176 {\n  padding-top: 407px;\n}\n#banner-1617586176 .bg.bg-loaded {\n  background-image: url(https:\/\/www.efleawatch.com\/wp-content\/uploads\/2024\/07\/7.jpg);\n}\n#banner-1617586176 .overlay {\n  background-color: rgba(0, 0, 0, 0.49);\n}\n#banner-1617586176 .bg {\n  background-position: 30% 35%;\n}\n<\/style>\n  <\/div>\n\n\n\t<section class=\"section\" id=\"section_192845081\">\n\t\t<div class=\"bg section-bg fill bg-fill  bg-loaded\" >\n\n\t\t\t\n\t\t\t\n\t\t\t\n\n\t\t<\/div>\n\n\t\t\n\n\t\t<div class=\"section-content relative\">\n\t\t\t\n\n\t<div id=\"gap-5965085\" class=\"gap-element clearfix\" style=\"display:block; height:auto;\">\n\t\t\n<style>\n#gap-5965085 {\n  padding-top: 30px;\n}\n<\/style>\n\t<\/div>\n\t\n\n<div class=\"row row-large align-middle\" style=\"max-width:1300px\" id=\"row-888679724\">\n\n\n\t<div id=\"col-313010719\" class=\"col medium-12 small-12 large-6\"  >\n\t\t\t\t<div class=\"col-inner\"  >\n\t\t\t\n\t\t\t\n\n\t<div class=\"img has-hover x md-x lg-x y md-y lg-y\" id=\"image_402467212\">\n\t\t\t\t\t\t\t\t<div class=\"img-inner dark\" >\n\t\t\t<img loading=\"lazy\" decoding=\"async\" width=\"600\" height=\"800\" src=\"https:\/\/www.efleawatch.com\/wp-content\/uploads\/2024\/07\/Watch-1-600x800.jpg\" class=\"attachment-large size-large\" alt=\"\" srcset=\"https:\/\/www.efleawatch.com\/wp-content\/uploads\/2024\/07\/Watch-1-600x800.jpg 600w, https:\/\/www.efleawatch.com\/wp-content\/uploads\/2024\/07\/Watch-1-300x400.jpg 300w, https:\/\/www.efleawatch.com\/wp-content\/uploads\/2024\/07\/Watch-1-768x1024.jpg 768w, https:\/\/www.efleawatch.com\/wp-content\/uploads\/2024\/07\/Watch-1-1152x1536.jpg 1152w, https:\/\/www.efleawatch.com\/wp-content\/uploads\/2024\/07\/Watch-1-9x12.jpg 9w, https:\/\/www.efleawatch.com\/wp-content\/uploads\/2024\/07\/Watch-1.jpg 1512w\" sizes=\"auto, (max-width: 600px) 100vw, 600px\" \/>\t\t\t\t\t\t\n\t\t\t\t\t<\/div>\n\t\t\t\t\t\t\t\t\n<style>\n#image_402467212 {\n  width: 100%;\n}\n<\/style>\n\t<\/div>\n\t\n\n\n\t\t<\/div>\n\t\t\t\t\t<\/div>\n\n\t\n\n\t<div id=\"col-61373122\" class=\"col medium-10 small-12 large-6\"  >\n\t\t\t\t<div class=\"col-inner\"  >\n\t\t\t\n\t\t\t\n\n\t<div id=\"gap-950840190\" class=\"gap-element clearfix\" style=\"display:block; height:auto;\">\n\t\t\n<style>\n#gap-950840190 {\n  padding-top: 30px;\n}\n<\/style>\n\t<\/div>\n\t\n\n\t<div id=\"text-290552338\" class=\"text\">\n\t\t\n\n<h2>Nuestra historia<\/h2>\n\t\t\n<style>\n#text-290552338 {\n  font-size: 1.75rem;\n}\n<\/style>\n\t<\/div>\n\t\n<div class=\"is-divider divider clearfix\" style=\"max-width:100px;height:4px;background-color:rgb(45, 45, 45);\"><\/div>\n\n<p>Llevamos m\u00e1s de 10 a\u00f1os desarrollando servicios de seguridad utilizando las \u00faltimas tecnolog\u00edas en conectividad basada en redes IoT. Junto con nuestros socios, estamos orgullosos de ofrecer nuestras soluciones en toda Norteam\u00e9rica y Europa.<\/p>\n<p>El reloj eflea es la referencia en tecnolog\u00eda de seguridad y ofrece la mejor relaci\u00f3n calidad-precio del sector.<\/p>\n<a href=\"https:\/\/www.efleawatch.com\/es\/pongase-en-contacto-con\/\" class=\"button primary is-outline is-small\"  style=\"border-radius:10px;padding:5px 30px 5px 30px;\">\n    <span>P\u00f3ngase en contacto con nosotros<\/span>\n  <\/a>\n\n\n\n\t\t<\/div>\n\t\t\t\t\n<style>\n#col-61373122 > .col-inner {\n  padding: 0px 0px 0px 0;\n}\n@media (min-width:550px) {\n  #col-61373122 > .col-inner {\n    padding: 0px 0px 0px 30px;\n  }\n}\n<\/style>\n\t<\/div>\n\n\t\n\n<\/div>\n\t<div id=\"gap-785064530\" class=\"gap-element clearfix\" style=\"display:block; height:auto;\">\n\t\t\n<style>\n#gap-785064530 {\n  padding-top: 40px;\n}\n@media (min-width:550px) {\n  #gap-785064530 {\n    padding-top: 80px;\n  }\n}\n<\/style>\n\t<\/div>\n\t\n\n<div class=\"row row-solid\" style=\"max-width:1300px\" id=\"row-1629830027\">\n\n\n\t<div id=\"col-1384844954\" class=\"col medium-6 small-12 large-3\"  >\n\t\t\t\t<div class=\"col-inner\"  >\n\t\t\t\n\t\t\t\n\n\t<div id=\"text-1245881294\" class=\"text\">\n\t\t\n\n<h2><span class=\"count-up\">16<\/span><\/h2>\n\t\t\n<style>\n#text-1245881294 {\n  font-size: 2.5rem;\n  text-align: center;\n}\n<\/style>\n\t<\/div>\n\t\n\t<div id=\"text-3907928262\" class=\"text\">\n\t\t\n\n<p>Precios de las empresas<\/p>\n\t\t\n<style>\n#text-3907928262 {\n  text-align: center;\n}\n<\/style>\n\t<\/div>\n\t\n\n\t\t<\/div>\n\t\t\t\t\t<\/div>\n\n\t\n\n\t<div id=\"col-446773829\" class=\"col medium-6 small-12 large-3\"  >\n\t\t\t\t<div class=\"col-inner\"  >\n\t\t\t\n\t\t\t\n\n\t<div id=\"text-2790202945\" class=\"text\">\n\t\t\n\n<h2><span class=\"count-up\">12<\/span><\/h2>\n\t\t\n<style>\n#text-2790202945 {\n  font-size: 2.5rem;\n  text-align: center;\n}\n<\/style>\n\t<\/div>\n\t\n\t<div id=\"text-2721170789\" class=\"text\">\n\t\t\n\n<p>Miembros del equipo<\/p>\n\t\t\n<style>\n#text-2721170789 {\n  text-align: center;\n}\n<\/style>\n\t<\/div>\n\t\n\n\t\t<\/div>\n\t\t\t\t\t<\/div>\n\n\t\n\n\t<div id=\"col-2086616296\" class=\"col medium-6 small-12 large-3\"  >\n\t\t\t\t<div class=\"col-inner\"  >\n\t\t\t\n\t\t\t\n\n\t<div id=\"text-2329106193\" class=\"text\">\n\t\t\n\n<h2><span class=\"count-up\">64<\/span><\/h2>\n\t\t\n<style>\n#text-2329106193 {\n  font-size: 2.5rem;\n  text-align: center;\n}\n<\/style>\n\t<\/div>\n\t\n\t<div id=\"text-921663672\" class=\"text\">\n\t\t\n\n<p>Sedes en todo el mundo<\/p>\n\t\t\n<style>\n#text-921663672 {\n  text-align: center;\n}\n<\/style>\n\t<\/div>\n\t\n\n\t\t<\/div>\n\t\t\t\t\t<\/div>\n\n\t\n\n\t<div id=\"col-868854657\" class=\"col medium-6 small-12 large-3\"  >\n\t\t\t\t<div class=\"col-inner\"  >\n\t\t\t\n\t\t\t\n\n\t<div id=\"text-3843334234\" class=\"text\">\n\t\t\n\n<h2><span class=\"count-up\">45<\/span><\/h2>\n\t\t\n<style>\n#text-3843334234 {\n  font-size: 2.5rem;\n  text-align: center;\n}\n<\/style>\n\t<\/div>\n\t\n\t<div id=\"text-518425848\" class=\"text\">\n\t\t\n\n<p>Premios empresariales<\/p>\n\t\t\n<style>\n#text-518425848 {\n  text-align: center;\n}\n<\/style>\n\t<\/div>\n\t\n\n\t\t<\/div>\n\t\t\t\t\t<\/div>\n\n\t\n\n<\/div>\n\n\t\t<\/div>\n\n\t\t\n<style>\n#section_192845081 {\n  padding-top: 50px;\n  padding-bottom: 50px;\n}\n@media (min-width:550px) {\n  #section_192845081 {\n    padding-top: 10px;\n    padding-bottom: 10px;\n  }\n}\n<\/style>\n\t<\/section>\n\t\n\t<section class=\"section\" id=\"section_1750371371\">\n\t\t<div class=\"bg section-bg fill bg-fill  bg-loaded\" >\n\n\t\t\t\n\t\t\t\n\t\t\t\n\n\t\t<\/div>\n\n\t\t\n\n\t\t<div class=\"section-content relative\">\n\t\t\t\n\n<div class=\"row align-center\" style=\"max-width:1300px\" id=\"row-412090384\">\n\n\n\t<div id=\"col-1226093247\" class=\"col medium-8 small-12 large-6\"  >\n\t\t\t\t<div class=\"col-inner\"  >\n\t\t\t\n\t\t\t\n\n\t<div id=\"gap-411948100\" class=\"gap-element clearfix\" style=\"display:block; height:auto;\">\n\t\t\n<style>\n#gap-411948100 {\n  padding-top: 55px;\n}\n@media (min-width:550px) {\n  #gap-411948100 {\n    padding-top: 100px;\n  }\n}\n<\/style>\n\t<\/div>\n\t\n\n\t<div id=\"text-882912744\" class=\"text\">\n\t\t\n\n<h2>Nuestros servicios<\/p>\n<\/h2>\n\t\t\n<style>\n#text-882912744 {\n  font-size: 1.75rem;\n  text-align: center;\n  color: rgb(0,0,0);\n}\n#text-882912744 > * {\n  color: rgb(0,0,0);\n}\n<\/style>\n\t<\/div>\n\t\n<div class=\"text-center\"><div class=\"is-divider divider clearfix\" style=\"max-width:100px;height:4px;background-color:rgb(46, 180, 91);\"><\/div><\/div>\n\n\t<div id=\"gap-1702879349\" class=\"gap-element clearfix\" style=\"display:block; height:auto;\">\n\t\t\n<style>\n#gap-1702879349 {\n  padding-top: 40px;\n}\n@media (min-width:550px) {\n  #gap-1702879349 {\n    padding-top: 150px;\n  }\n}\n@media (min-width:850px) {\n  #gap-1702879349 {\n    padding-top: 101px;\n  }\n}\n<\/style>\n\t<\/div>\n\t\n\n\n\t\t<\/div>\n\t\t\t\t\t<\/div>\n\n\t\n\n<\/div>\n<div class=\"row\" style=\"max-width:1300px\" id=\"row-1295430654\">\n\n\n\t<div id=\"col-629480223\" class=\"col small-12 large-12\"  >\n\t\t\t\t<div class=\"col-inner\"  >\n\t\t\t\n\t\t\t\n\n\n  <div class=\"banner has-hover\" id=\"banner-60154094\">\n          <div class=\"banner-inner fill\">\n        <div class=\"banner-bg fill\" >\n            <div class=\"bg fill bg-fill\"><\/div>\n                                    \n                    <\/div>\n\t\t\n        <div class=\"banner-layers container\">\n            <div class=\"fill banner-link\"><\/div>            \n\n\n        <\/div>\n      <\/div>\n\n            \n<style>\n#banner-60154094 {\n  padding-top: 55%;\n  background-color: rgb(224, 224, 224);\n}\n@media (min-width:550px) {\n  #banner-60154094 {\n    padding-top: 350px;\n  }\n}\n@media (min-width:850px) {\n  #banner-60154094 {\n    padding-top: 550px;\n  }\n}\n<\/style>\n  <\/div>\n\n\n\n\t\t<\/div>\n\t\t\t\t\t<\/div>\n\n\t\n\n<\/div>\n<div class=\"row align-center\" style=\"max-width:1300px\" id=\"row-1752704859\">\n\n\n\t<div id=\"col-2136402457\" class=\"col medium-11 small-11 large-9\"  >\n\t\t\t\t<div class=\"col-inner\"  >\n\t\t\t\n\t\t\t\n\n\n\n<div style=\"padding:56.26% 0 0 0;position:relative;\" id=\"videofr\">\n  <iframe src=\"https:\/\/player.vimeo.com\/video\/852164001?h=852164001&#038;color=2eb45b&#038;title=0&#038;byline=0&#038;portrait=0\"\n    style=\"position:absolute;top:0;left:0;width:100%;height:100%;\" frameborder=\"0\"\n    allow=\"autoplay; fullscreen; picture-in-picture\" allowfullscreen>\n  <\/iframe>\n<\/div>\n\n<div style=\"padding:56.26% 0 0 0;position:relative;\" id=\"videoen\" class=\"displaynon\">\n  <iframe src=\"https:\/\/player.vimeo.com\/video\/866806543?h=49147ea944&#038;color=2eb45b&#038;title=0&#038;byline=0&#038;portrait=0\"\n    style=\"position:absolute;top:0;left:0;width:100%;height:100%;\" frameborder=\"0\"\n    allow=\"autoplay; fullscreen; picture-in-picture\" allowfullscreen>\n  <\/iframe>\n<\/div>\n\n<div style=\"padding:56.26% 0 0 0;position:relative;\" id=\"videosp\" class=\"displaynon\">\n  <iframe src=\"https:\/\/player.vimeo.com\/video\/1138868586?h=49147ea944&#038;color=2eb45b&#038;title=0&#038;byline=0&#038;portrait=0\"\n    style=\"position:absolute;top:0;left:0;width:100%;height:100%;\" frameborder=\"0\"\n    allow=\"autoplay; fullscreen; picture-in-picture\" allowfullscreen>\n  <\/iframe>\n<\/div>\n\n<div style=\"padding:56.26% 0 0 0;position:relative;\" id=\"videopor\" class=\"displaynon\">\n  <iframe src=\"https:\/\/player.vimeo.com\/video\/1138873224?h=49147ea944&#038;color=2eb45b&#038;title=0&#038;byline=0&#038;portrait=0\"\n    style=\"position:absolute;top:0;left:0;width:100%;height:100%;\" frameborder=\"0\"\n    allow=\"autoplay; fullscreen; picture-in-picture\" allowfullscreen>\n  <\/iframe>\n<\/div>\n\n<script src=\"https:\/\/player.vimeo.com\/api\/player.js\"><\/script>\n\n\n\t\t<\/div>\n\t\t\t\t\n<style>\n#col-2136402457 > .col-inner {\n  margin: -270px 0px 0px 0px;\n}\n@media (min-width:550px) {\n  #col-2136402457 > .col-inner {\n    margin: -550px 0px 0px 0px;\n  }\n}\n@media (min-width:850px) {\n  #col-2136402457 > .col-inner {\n    margin: -690px 0px 0px 0px;\n  }\n}\n<\/style>\n\t<\/div>\n\n\t\n\n<\/div>\n\n\t\t<\/div>\n\n\t\t\n<style>\n#section_1750371371 {\n  padding-top: 0px;\n  padding-bottom: 0px;\n  background-color: rgb(247, 234, 200);\n}\n<\/style>\n\t<\/section>\n\t\n\t<section class=\"section\" id=\"section_1830026202\">\n\t\t<div class=\"bg section-bg fill bg-fill  bg-loaded\" >\n\n\t\t\t\n\t\t\t\n\t\t\t\n\n\t\t<\/div>\n\n\t\t\n\n\t\t<div class=\"section-content relative\">\n\t\t\t\n\n\t<div id=\"text-2654079104\" class=\"text\">\n\t\t\n\n<h2>Conoce a nuestro equipo<\/h2>\n\t\t\n<style>\n#text-2654079104 {\n  font-size: 1.75rem;\n  text-align: center;\n}\n<\/style>\n\t<\/div>\n\t\n<div class=\"row\"  id=\"row-1196450581\">\n\n\n\t<div id=\"col-1506289730\" class=\"col small-12 large-12\"  >\n\t\t\t\t<div class=\"col-inner\"  >\n\t\t\t\n\t\t\t\n\n<div class=\"row row-collapse align-middle\"  id=\"row-1118639314\">\n\n\n\t<div id=\"col-645828203\" class=\"col medium-5 small-12 large-4\"  >\n\t\t\t\t<div class=\"col-inner\"  >\n\t\t\t\n\t\t\t\n\n\n  <div class=\"banner has-hover\" id=\"banner-1805980580\">\n          <div class=\"banner-inner fill\">\n        <div class=\"banner-bg fill\" >\n            <div class=\"bg fill bg-fill\"><\/div>\n                                    \n                    <\/div>\n\t\t\n        <div class=\"banner-layers container\">\n            <div class=\"fill banner-link\"><\/div>            \n\n\n        <\/div>\n      <\/div>\n\n            \n<style>\n#banner-1805980580 {\n  padding-top: 400px;\n  background-color: rgb(244, 244, 244);\n}\n#banner-1805980580 .bg.bg-loaded {\n  background-image: url(https:\/\/www.efleawatch.com\/wp-content\/uploads\/2023\/09\/IMG_1306-600x800.jpeg);\n}\n@media (min-width:550px) {\n  #banner-1805980580 {\n    padding-top: 500px;\n  }\n}\n<\/style>\n  <\/div>\n\n\n\n\t\t<\/div>\n\t\t\t\t\t<\/div>\n\n\t\n\n\t<div id=\"col-1230815739\" class=\"col team-sorted-info medium-7 small-12 large-8\"  >\n\t\t\t\t<div class=\"col-inner\"  >\n\t\t\t\n\t\t\t\n\n<h2>Pierre Bouillon<br \/>\n<\/h2>\n<h6>DIRECTOR GENERAL<\/h6>\n\t<div id=\"gap-1499685507\" class=\"gap-element clearfix\" style=\"display:block; height:auto;\">\n\t\t\n<style>\n#gap-1499685507 {\n  padding-top: 20px;\n}\n<\/style>\n\t<\/div>\n\t\n\n<p>Apasionados por la investigaci\u00f3n y el desarrollo de nuevas tecnolog\u00edas, comenzamos nuestro trabajo en 2018 para crear eflea. Desde entonces, el reloj eflea se ha convertido en la referencia de los servicios de seguridad.<\/p>\n<p>Con m\u00e1s de 30 a\u00f1os de experiencia en ventas y desarrollo de nuevas tecnolog\u00edas en los sectores de los seguros y la salud, nos hicimos un hueco en 2002 con el despliegue de la primera red de detecci\u00f3n de retinopat\u00edas en Canad\u00e1.<\/p>\n<div class=\"is-divider divider clearfix\" style=\"margin-top:1.2em;margin-bottom:1.2em;max-width:100%;height:2px;background-color:rgba(0, 0, 0, 0.09);\"><\/div>\n\n<div class=\"row row-small\"  id=\"row-397650126\">\n\n\n\t<div id=\"col-1966775549\" class=\"col medium-12 small-12 large-7\"  >\n\t\t\t\t<div class=\"col-inner\"  >\n\t\t\t\n\t\t\t\n\n<div class=\"social-icons follow-icons full-width text-left\" style=\"font-size:90%\"><a href=\"#\" target=\"_blank\" data-label=\"Facebook\" class=\"icon plain facebook tooltip\" title=\"S\u00edguenos en Facebook\" aria-label=\"S\u00edguenos en Facebook\" rel=\"noopener nofollow\" ><i class=\"icon-facebook\" ><\/i><\/a><a href=\"#\" target=\"_blank\" data-label=\"Instagram\" class=\"icon plain instagram tooltip\" title=\"S\u00edguenos en Instagram\" aria-label=\"S\u00edguenos en Instagram\" rel=\"noopener nofollow\" ><i class=\"icon-instagram\" ><\/i><\/a><a href=\"#\" data-label=\"LinkedIn\" target=\"_blank\" class=\"icon plain linkedin tooltip\" title=\"S\u00edguenos en LinkedIn\" aria-label=\"S\u00edguenos en LinkedIn\" rel=\"noopener nofollow\" ><i class=\"icon-linkedin\" ><\/i><\/a><\/div>\n\n\n\t\t<\/div>\n\t\t\t\t\t<\/div>\n\n\t\n\n\t<div id=\"col-909222414\" class=\"col medium-12 small-12 large-5\"  >\n\t\t\t\t<div class=\"col-inner\"  >\n\t\t\t\n\t\t\t\n\n\n\t\t<\/div>\n\t\t\t\t\t<\/div>\n\n\t\n\n<\/div>\n\n\t\t<\/div>\n\t\t\t\t\n<style>\n#col-1230815739 > .col-inner {\n  padding: 40px 40px 40px 40px;\n}\n<\/style>\n\t<\/div>\n\n\t\n\n<\/div>\n\n\t\t<\/div>\n\t\t\t\t\n<style>\n#col-1506289730 > .col-inner {\n  margin: 10px 0px 10px 0px;\n}\n<\/style>\n\t<\/div>\n\n\t\n\n\n<style>\n#row-1196450581 > .col > .col-inner {\n  background-color: rgb(255,255,255);\n}\n<\/style>\n<\/div>\n<div class=\"row\"  id=\"row-1089484899\">\n\n\n\t<div id=\"col-1357712067\" class=\"col small-12 large-12\"  >\n\t\t\t\t<div class=\"col-inner\"  >\n\t\t\t\n\t\t\t\n\n<div class=\"row row-collapse align-middle\"  id=\"row-305371207\">\n\n\n\t<div id=\"col-929401856\" class=\"col team-sorted-info medium-7 small-12 large-8\"  >\n\t\t\t\t<div class=\"col-inner\"  >\n\t\t\t\n\t\t\t\n\n<h2>Jos\u00e9e Quirion<br \/>\n<\/h2>\n\t<div id=\"gap-1355942516\" class=\"gap-element clearfix\" style=\"display:block; height:auto;\">\n\t\t\n<style>\n#gap-1355942516 {\n  padding-top: 20px;\n}\n<\/style>\n\t<\/div>\n\t\n\n<p>Especializada en relaciones B2B y B2C desde hace m\u00e1s de 15 a\u00f1os, es una profesional experimentada en el establecimiento de v\u00ednculos y comunicaciones con veterinarios, farmac\u00e9uticos y residencias de ancianos.<\/p>\n<div class=\"is-divider divider clearfix\" style=\"margin-top:1.2em;margin-bottom:1.2em;max-width:100%;height:2px;background-color:rgba(0, 0, 0, 0.09);\"><\/div>\n\n<div class=\"row row-small\"  id=\"row-1424334763\">\n\n\n\t<div id=\"col-2075665209\" class=\"col medium-12 small-12 large-7\"  >\n\t\t\t\t<div class=\"col-inner\"  >\n\t\t\t\n\t\t\t\n\n<div class=\"social-icons follow-icons full-width text-left\" style=\"font-size:90%\"><a href=\"#\" target=\"_blank\" data-label=\"Facebook\" class=\"icon plain facebook tooltip\" title=\"S\u00edguenos en Facebook\" aria-label=\"S\u00edguenos en Facebook\" rel=\"noopener nofollow\" ><i class=\"icon-facebook\" ><\/i><\/a><a href=\"#\" target=\"_blank\" data-label=\"Instagram\" class=\"icon plain instagram tooltip\" title=\"S\u00edguenos en Instagram\" aria-label=\"S\u00edguenos en Instagram\" rel=\"noopener nofollow\" ><i class=\"icon-instagram\" ><\/i><\/a><a href=\"#\" data-label=\"LinkedIn\" target=\"_blank\" class=\"icon plain linkedin tooltip\" title=\"S\u00edguenos en LinkedIn\" aria-label=\"S\u00edguenos en LinkedIn\" rel=\"noopener nofollow\" ><i class=\"icon-linkedin\" ><\/i><\/a><\/div>\n\n\n\t\t<\/div>\n\t\t\t\t\t<\/div>\n\n\t\n\n\t<div id=\"col-403053084\" class=\"col medium-12 small-12 large-5\"  >\n\t\t\t\t<div class=\"col-inner\"  >\n\t\t\t\n\t\t\t\n\n\n\t\t<\/div>\n\t\t\t\t\t<\/div>\n\n\t\n\n<\/div>\n\n\t\t<\/div>\n\t\t\t\t\n<style>\n#col-929401856 > .col-inner {\n  padding: 40px 40px 40px 40px;\n}\n<\/style>\n\t<\/div>\n\n\t\n\n\t<div id=\"col-1950253878\" class=\"col medium-5 small-12 large-4 small-col-first\"  >\n\t\t\t\t<div class=\"col-inner\"  >\n\t\t\t\n\t\t\t\n\n\n  <div class=\"banner has-hover\" id=\"banner-528866692\">\n          <div class=\"banner-inner fill\">\n        <div class=\"banner-bg fill\" >\n            <div class=\"bg fill bg-fill\"><\/div>\n                                    \n                    <\/div>\n\t\t\n        <div class=\"banner-layers container\">\n            <div class=\"fill banner-link\"><\/div>            \n\n\n        <\/div>\n      <\/div>\n\n            \n<style>\n#banner-528866692 {\n  padding-top: 400px;\n  background-color: rgb(244, 244, 244);\n}\n#banner-528866692 .bg.bg-loaded {\n  background-image: url(https:\/\/www.efleawatch.com\/wp-content\/uploads\/2023\/09\/IMG_1301-600x800.jpeg);\n}\n@media (min-width:550px) {\n  #banner-528866692 {\n    padding-top: 500px;\n  }\n}\n<\/style>\n  <\/div>\n\n\n\n\t\t<\/div>\n\t\t\t\t\t<\/div>\n\n\t\n\n<\/div>\n\n\t\t<\/div>\n\t\t\t\t\n<style>\n#col-1357712067 > .col-inner {\n  margin: 10px 0px 10px 0px;\n}\n<\/style>\n\t<\/div>\n\n\t\n\n\n<style>\n#row-1089484899 > .col > .col-inner {\n  background-color: rgb(255,255,255);\n}\n<\/style>\n<\/div>\n<div class=\"row\"  id=\"row-1987270788\">\n\n\n\t<div id=\"col-1785651210\" class=\"col small-12 large-12\"  >\n\t\t\t\t<div class=\"col-inner\"  >\n\t\t\t\n\t\t\t\n\n<div class=\"row row-collapse align-middle\"  id=\"row-556547394\">\n\n\n\t<div id=\"col-2093463784\" class=\"col medium-5 small-12 large-4\"  >\n\t\t\t\t<div class=\"col-inner\"  >\n\t\t\t\n\t\t\t\n\n\n\t\t<\/div>\n\t\t\t\t\t<\/div>\n\n\t\n\n\t<div id=\"col-1048417763\" class=\"col team-sorted-info medium-7 small-12 large-8\"  >\n\t\t\t\t<div class=\"col-inner\"  >\n\t\t\t\n\t\t\t\n\n<h2>Pierre Petitclerc<br \/>\n<\/h6>\n\t<div id=\"gap-10736955\" class=\"gap-element clearfix\" style=\"display:block; height:auto;\">\n\t\t\n<style>\n#gap-10736955 {\n  padding-top: 20px;\n}\n<\/style>\n\t<\/div>\n\t\n\n<p>Con m\u00e1s de 30 a\u00f1os de experiencia en ventas, ha ocupado diversos puestos, como representante farmac\u00e9utico s\u00e9nior, formador\/coach, director de desarrollo estrat\u00e9gico, director de grandes cuentas y optimiza las ventas utilizando modelos digitales.<\/p>\n<div class=\"is-divider divider clearfix\" style=\"margin-top:1.2em;margin-bottom:1.2em;max-width:100%;height:2px;background-color:rgba(0, 0, 0, 0.09);\"><\/div>\n\n<div class=\"row row-small\"  id=\"row-708037508\">\n\n\n\t<div id=\"col-1701375934\" class=\"col medium-12 small-12 large-7\"  >\n\t\t\t\t<div class=\"col-inner\"  >\n\t\t\t\n\t\t\t\n\n<div class=\"social-icons follow-icons full-width text-left\" style=\"font-size:90%\"><a href=\"#\" target=\"_blank\" data-label=\"Facebook\" class=\"icon plain facebook tooltip\" title=\"S\u00edguenos en Facebook\" aria-label=\"S\u00edguenos en Facebook\" rel=\"noopener nofollow\" ><i class=\"icon-facebook\" ><\/i><\/a><a href=\"#\" target=\"_blank\" data-label=\"Instagram\" class=\"icon plain instagram tooltip\" title=\"S\u00edguenos en Instagram\" aria-label=\"S\u00edguenos en Instagram\" rel=\"noopener nofollow\" ><i class=\"icon-instagram\" ><\/i><\/a><a href=\"#\" data-label=\"LinkedIn\" target=\"_blank\" class=\"icon plain linkedin tooltip\" title=\"S\u00edguenos en LinkedIn\" aria-label=\"S\u00edguenos en LinkedIn\" rel=\"noopener nofollow\" ><i class=\"icon-linkedin\" ><\/i><\/a><\/div>\n\n\n\t\t<\/div>\n\t\t\t\t\t<\/div>\n\n\t\n\n<\/div>\n\n\t\t<\/div>\n\t\t\t\t\n<style>\n#col-1048417763 > .col-inner {\n  padding: 40px 40px 40px 40px;\n}\n<\/style>\n\t<\/div>\n\n\t\n\n<\/div>\n\n\t\t<\/div>\n\t\t\t\t\n<style>\n#col-1785651210 > .col-inner {\n  margin: 10px 0px 10px 0px;\n}\n<\/style>\n\t<\/div>\n\n\t\n\n\n<style>\n#row-1987270788 > .col > .col-inner {\n  background-color: rgb(255,255,255);\n}\n<\/style>\n<\/div>\n\n\t\t<\/div>\n\n\t\t\n<style>\n#section_1830026202 {\n  padding-top: 60px;\n  padding-bottom: 60px;\n  background-color: rgb(228, 228, 228);\n}\n<\/style>\n\t<\/section>\n\t\n\t<section class=\"section has-parallax\" id=\"section_1162150399\">\n\t\t<div class=\"bg section-bg fill bg-fill\" data-parallax-container=\".section\" data-parallax-background data-parallax=\"-3\">\n\n\t\t\t\n\t\t\t<div class=\"section-bg-overlay absolute fill\"><\/div>\n\t\t\t\n\n\t\t<\/div>\n\n\t\t\n\n\t\t<div class=\"section-content relative\">\n\t\t\t\n\n<div class=\"row align-right\" style=\"max-width:1300px\" id=\"row-2094261510\">\n\n\n\t<div id=\"col-1771251982\" class=\"col medium-8 small-12 large-6\"  >\n\t\t\t\t<div class=\"col-inner text-center\"  >\n\t\t\t\n\t\t\t\n\n\t<div id=\"gap-1111880034\" class=\"gap-element clearfix\" style=\"display:block; height:auto;\">\n\t\t\n<style>\n#gap-1111880034 {\n  padding-top: 100px;\n}\n@media (min-width:550px) {\n  #gap-1111880034 {\n    padding-top: 30px;\n  }\n}\n<\/style>\n\t<\/div>\n\t\n\n\t<div id=\"text-626966015\" class=\"text\">\n\t\t\n\n<h3>Gracias al reloj eflea, \u00a1estar\u00e1s seguro est\u00e9s donde est\u00e9s!<\/h3>\n\t\t\n<style>\n#text-626966015 {\n  font-size: 1.2rem;\n  text-align: center;\n  color: rgb(255, 255, 255);\n}\n#text-626966015 > * {\n  color: rgb(255, 255, 255);\n}\n@media (min-width:550px) {\n  #text-626966015 {\n    font-size: 1.75rem;\n  }\n}\n<\/style>\n\t<\/div>\n\t\n<a href=\"https:\/\/www.efleawatch.com\/es\/producto\/ver\/\" class=\"button primary\"  style=\"border-radius:10px;padding:5px 30px 5px 30px;\">\n    <span>Act\u00faa ya<\/span>\n  <\/a>\n\n\n\n\t\t<\/div>\n\t\t\t\t\t<\/div>\n\n\t\n\n<\/div>\n\n\t\t<\/div>\n\n\t\t\n<style>\n#section_1162150399 {\n  padding-top: 50px;\n  padding-bottom: 50px;\n  background-color: #2eb45b;\n}\n#section_1162150399 .section-bg-overlay {\n  background-color: rgba(0,0,0,.5);\n}\n#section_1162150399 .section-bg.bg-loaded {\n  background-image: url(https:\/\/www.efleawatch.com\/wp-content\/uploads\/2024\/07\/4.jpg);\n}\n#section_1162150399 .section-bg {\n  background-position: 81% 56%;\n}\n<\/style>\n\t<\/section>","protected":false},"excerpt":{"rendered":"","protected":false},"author":1,"featured_media":18,"parent":0,"menu_order":0,"comment_status":"closed","ping_status":"closed","template":"page-blank.php","meta":{"footnotes":""},"class_list":["post-84","page","type-page","status-publish","has-post-thumbnail","hentry"],"_links":{"self":[{"href":"https:\/\/www.efleawatch.com\/es\/wp-json\/wp\/v2\/pages\/84","targetHints":{"allow":["GET"]}}],"collection":[{"href":"https:\/\/www.efleawatch.com\/es\/wp-json\/wp\/v2\/pages"}],"about":[{"href":"https:\/\/www.efleawatch.com\/es\/wp-json\/wp\/v2\/types\/page"}],"author":[{"embeddable":true,"href":"https:\/\/www.efleawatch.com\/es\/wp-json\/wp\/v2\/users\/1"}],"replies":[{"embeddable":true,"href":"https:\/\/www.efleawatch.com\/es\/wp-json\/wp\/v2\/comments?post=84"}],"version-history":[{"count":9,"href":"https:\/\/www.efleawatch.com\/es\/wp-json\/wp\/v2\/pages\/84\/revisions"}],"predecessor-version":[{"id":11431,"href":"https:\/\/www.efleawatch.com\/es\/wp-json\/wp\/v2\/pages\/84\/revisions\/11431"}],"wp:featuredmedia":[{"embeddable":true,"href":"https:\/\/www.efleawatch.com\/es\/wp-json\/wp\/v2\/media\/18"}],"wp:attachment":[{"href":"https:\/\/www.efleawatch.com\/es\/wp-json\/wp\/v2\/media?parent=84"}],"curies":[{"name":"wp","href":"https:\/\/api.w.org\/{rel}","templated":true}]}}