{"id":9574,"date":"2023-06-16T13:01:28","date_gmt":"2023-06-16T13:01:28","guid":{"rendered":"http:\/\/www.efleawatch.com\/?page_id=9574"},"modified":"2023-07-05T10:15:39","modified_gmt":"2023-07-05T10:15:39","slug":"expedicion","status":"publish","type":"page","link":"https:\/\/www.efleawatch.com\/es\/expedition\/","title":{"rendered":"Env\u00edo"},"content":{"rendered":"<div id=\"page-header-1730440706\" class=\"page-header-wrapper\">\n  <div class=\"page-title dark featured-title\">\n\n        <div class=\"page-title-bg\">\n      <div class=\"title-bg fill bg-fill\"\n        data-parallax-container=\".page-title\"\n        data-parallax-background\n data-parallax=\"-\">\n      <\/div>\n      <div class=\"title-overlay fill\"><\/div>\n    <\/div>\n    \n    <div class=\"page-title-inner container align-center flex-row medium-flex-wrap\" >\n              <div class=\"title-wrapper flex-col text-left medium-text-center\">\n          <h1 class=\"entry-title mb-0\">\n            Env\u00edo          <\/h1>\n        <\/div>\n                    <div class=\"title-content flex-col flex-right text-right medium-text-center\">\n        <div class=\"title-breadcrumbs pb-half pt-half\"><nav class=\"woocommerce-breadcrumb breadcrumbs uppercase\" data-no-translation=\"\" data-trp-gettext=\"\">Inicio<\/nav><\/div>      <\/div>\n    <\/div>\n\n     \n<style>\n#page-header-1730440706 .title-bg {\n  background-image: 8799;\n}\n<\/style>\n  <\/div>\n    <\/div>\n  \n\n\t<section class=\"section\" id=\"section_1111640618\">\n\t\t<div class=\"bg section-bg fill bg-fill  bg-loaded\" >\n\n\t\t\t\n\t\t\t\n\t\t\t\n\n\t\t<\/div>\n\n\t\t\n\n\t\t<div class=\"section-content relative\">\n\t\t\t\n\n\t<div id=\"gap-1232777792\" class=\"gap-element clearfix\" style=\"display:block; height:auto;\">\n\t\t\n<style>\n#gap-1232777792 {\n  padding-top: 30px;\n}\n<\/style>\n\t<\/div>\n\t\n\n<div class=\"row row-small align-middle\"  id=\"row-1257079695\">\n\n\n\t<div id=\"col-710217388\" class=\"col medium-6 small-12 large-3\"  >\n\t\t\t\t<div class=\"col-inner\"  >\n\t\t\t\n\t\t\t\n\n\n  <div class=\"banner has-hover\" id=\"banner-473759636\">\n          <div class=\"banner-inner fill\">\n        <div class=\"banner-bg fill\" >\n            <div class=\"bg fill bg-fill\"><\/div>\n                                    \n                    <\/div>\n\t\t\n        <div class=\"banner-layers container\">\n            <div class=\"fill banner-link\"><\/div>            \n\n\n        <\/div>\n      <\/div>\n\n            \n<style>\n#banner-473759636 {\n  padding-top: 99.99%;\n  background-color: rgb(255, 255, 255);\n}\n#banner-473759636 .bg.bg-loaded {\n  background-image: 9282;\n}\n#banner-473759636 .bg {\n  background-position: 42% 21%;\n}\n@media (min-width:550px) {\n  #banner-473759636 {\n    padding-top: 400px;\n  }\n}\n@media (min-width:850px) {\n  #banner-473759636 {\n    padding-top: 300px;\n  }\n}\n<\/style>\n  <\/div>\n\n\n\n\t\t<\/div>\n\t\t\t\t\t<\/div>\n\n\t\n\n\t<div id=\"col-1926098096\" class=\"col medium-6 small-12 large-3\"  >\n\t\t\t\t<div class=\"col-inner\"  >\n\t\t\t\n\t\t\t\n\n\n  <div class=\"banner has-hover\" id=\"banner-1665474660\">\n          <div class=\"banner-inner fill\">\n        <div class=\"banner-bg fill\" >\n            <div class=\"bg fill bg-fill\"><\/div>\n                                    \n                    <\/div>\n\t\t\n        <div class=\"banner-layers container\">\n            <div class=\"fill banner-link\"><\/div>            \n\n\n        <\/div>\n      <\/div>\n\n            \n<style>\n#banner-1665474660 {\n  padding-top: 99.99%;\n  background-color: rgb(255, 255, 255);\n}\n#banner-1665474660 .bg.bg-loaded {\n  background-image: 8686;\n}\n#banner-1665474660 .bg {\n  background-position: 73% 83%;\n}\n@media (min-width:550px) {\n  #banner-1665474660 {\n    padding-top: 400px;\n  }\n}\n@media (min-width:850px) {\n  #banner-1665474660 {\n    padding-top: 420px;\n  }\n}\n<\/style>\n  <\/div>\n\n\n\n\t\t<\/div>\n\t\t\t\t\t<\/div>\n\n\t\n\n\t<div id=\"col-1891248032\" class=\"col medium-12 small-12 large-6\"  >\n\t\t\t\t<div class=\"col-inner\"  >\n\t\t\t\n\t\t\t\n\n\t<div id=\"gap-2032878431\" class=\"gap-element clearfix\" style=\"display:block; height:auto;\">\n\t\t\n<style>\n#gap-2032878431 {\n  padding-top: 15px;\n}\n@media (min-width:850px) {\n  #gap-2032878431 {\n    padding-top: 30px;\n  }\n}\n<\/style>\n\t<\/div>\n\t\n\n\t<div id=\"text-963810530\" class=\"text\">\n\t\t\n\n<h2>Env\u00edos desde Europa<\/h2>\n\n\t\t\n<style>\n#text-963810530 {\n  font-size: 1.5rem;\n}\n<\/style>\n\t<\/div>\n\t\n<p><em><strong>R\u00e1pido y fiable<\/strong><\/em><br \/><em><strong>Todos nuestros productos se envasan en discretos embalajes fabricados con materiales reciclados y son totalmente inodoros. Nuestro equipo trabaja con sumo cuidado y garantiza la rapidez del proceso. Las entregas con nuestro socio transportista GLS se realizan siempre de lunes a s\u00e1bado.<\/strong><\/em><\/p>\n<p>El env\u00edo dentro de Alemania cuesta 10,54<br \/>Los pedidos con un valor de compra igual o superior a 60 euros pueden seleccionarse gratuitamente en combinaci\u00f3n con un c\u00f3digo de vale v\u00e1lido para el env\u00edo.<\/p>\n<p><span class=\"HwtZe\" lang=\"fr\">\u00a0<\/span><\/p>\n\n\t\t<\/div>\n\t\t\t\t\n<style>\n#col-1891248032 > .col-inner {\n  padding: 0px 0px 0px 0;\n}\n@media (min-width:850px) {\n  #col-1891248032 > .col-inner {\n    padding: 0px 0px 0px 10%;\n  }\n}\n<\/style>\n\t<\/div>\n\n\t\n\n<\/div>\n\n\t\t<\/div>\n\n\t\t\n<style>\n#section_1111640618 {\n  padding-top: 30px;\n  padding-bottom: 30px;\n}\n<\/style>\n\t<\/section>","protected":false},"excerpt":{"rendered":"","protected":false},"author":1,"featured_media":0,"parent":0,"menu_order":0,"comment_status":"closed","ping_status":"closed","template":"page-blank.php","meta":{"footnotes":""},"class_list":["post-9574","page","type-page","status-publish","hentry"],"_links":{"self":[{"href":"https:\/\/www.efleawatch.com\/es\/wp-json\/wp\/v2\/pages\/9574","targetHints":{"allow":["GET"]}}],"collection":[{"href":"https:\/\/www.efleawatch.com\/es\/wp-json\/wp\/v2\/pages"}],"about":[{"href":"https:\/\/www.efleawatch.com\/es\/wp-json\/wp\/v2\/types\/page"}],"author":[{"embeddable":true,"href":"https:\/\/www.efleawatch.com\/es\/wp-json\/wp\/v2\/users\/1"}],"replies":[{"embeddable":true,"href":"https:\/\/www.efleawatch.com\/es\/wp-json\/wp\/v2\/comments?post=9574"}],"version-history":[{"count":0,"href":"https:\/\/www.efleawatch.com\/es\/wp-json\/wp\/v2\/pages\/9574\/revisions"}],"wp:attachment":[{"href":"https:\/\/www.efleawatch.com\/es\/wp-json\/wp\/v2\/media?parent=9574"}],"curies":[{"name":"wp","href":"https:\/\/api.w.org\/{rel}","templated":true}]}}