{"id":9583,"date":"2023-06-16T16:06:45","date_gmt":"2023-06-16T16:06:45","guid":{"rendered":"http:\/\/www.efleawatch.com\/?page_id=9583"},"modified":"2023-07-27T11:37:45","modified_gmt":"2023-07-27T11:37:45","slug":"condiciones-generales-de-venta","status":"publish","type":"page","link":"https:\/\/www.efleawatch.com\/es\/conditions-generales-de-ventes\/","title":{"rendered":"Condiciones generales de venta"},"content":{"rendered":"<div id=\"page-header-1938618846\" class=\"page-header-wrapper\">\n  <div class=\"page-title dark featured-title\">\n\n        <div class=\"page-title-bg\">\n      <div class=\"title-bg fill bg-fill\"\n        data-parallax-container=\".page-title\"\n        data-parallax-background\n data-parallax=\"-\">\n      <\/div>\n      <div class=\"title-overlay fill\"><\/div>\n    <\/div>\n    \n    <div class=\"page-title-inner container align-center flex-row medium-flex-wrap\" >\n              <div class=\"title-wrapper flex-col text-left medium-text-center\">\n          <h1 class=\"entry-title mb-0\">\n            Condiciones de uso          <\/h1>\n        <\/div>\n                    <div class=\"title-content flex-col flex-right text-right medium-text-center\">\n        <div class=\"title-breadcrumbs pb-half pt-half\"><nav class=\"woocommerce-breadcrumb breadcrumbs uppercase\" data-no-translation=\"\" data-trp-gettext=\"\">Inicio<\/nav><\/div>      <\/div>\n    <\/div>\n\n     \n<style>\n#page-header-1938618846 .featured-title {\n  background-color: #25292b;\n}\n<\/style>\n  <\/div>\n    <\/div>\n  \n\n\t<section class=\"section\" id=\"section_2098012908\">\n\t\t<div class=\"bg section-bg fill bg-fill  bg-loaded\" >\n\n\t\t\t\n\t\t\t\n\t\t\t\n\n\t\t<\/div>\n\n\t\t\n\n\t\t<div class=\"section-content relative\">\n\t\t\t\n\n\t<div id=\"gap-960633822\" class=\"gap-element clearfix\" style=\"display:block; height:auto;\">\n\t\t\n<style>\n#gap-960633822 {\n  padding-top: 30px;\n}\n<\/style>\n\t<\/div>\n\t\n\n<div class=\"row row-small align-middle\"  id=\"row-526373578\">\n\n\n\t<div id=\"col-163189375\" class=\"col medium-12 small-12 large-11\"  >\n\t\t\t\t<div class=\"col-inner\"  >\n\t\t\t\n\t\t\t\n\n<p><b>CONDICIONES GENERALES<\/b><b><br \/><\/b><b><br \/><\/b>Estas condiciones rigen el uso de este sitio. <i>efleawatch.com<\/i>.<br \/><br \/><\/p>\n<p>Este sitio es propiedad y est\u00e1 gestionado por International OLT inc. <br \/>Al utilizar este sitio, usted indica que ha le\u00eddo y comprendido las condiciones de uso y que se compromete a cumplirlas en todo momento.<br \/><br \/><b>Propiedad intelectual<\/b><b><br \/><\/b><b><br \/><\/b>Todo el contenido publicado y disponible en este sitio es propiedad de International OLT inc. y sus creadores. Esto incluye, entre otros, im\u00e1genes, textos, logotipos, documentos, archivos descargables y todo lo que contribuya a la composici\u00f3n de este sitio.<\/p>\n<p><b>Restricciones de edad<\/b><b><br \/><\/b><b><br \/><\/b>La edad m\u00ednima para utilizar este sitio es de 18 a\u00f1os. Los usuarios aceptan que, al utilizar nuestro sitio, son mayores de 18 a\u00f1os. No aceptamos ninguna responsabilidad legal por falsedad en la declaraci\u00f3n de la edad.<\/p>\n<p><b>Cuentas<\/b><b><br \/><\/b><b><br \/><\/b>Al crear una cuenta en nuestro sitio, usted acepta lo siguiente:<\/p>\n<ol>\n<li aria-level=\"1\">que usted es el \u00fanico responsable de su cuenta y de la seguridad y confidencialidad de la misma, incluida cualquier contrase\u00f1a o informaci\u00f3n sensible asociada a su cuenta, y<\/li>\n<li aria-level=\"1\">que toda la informaci\u00f3n personal que nos proporciona a trav\u00e9s de su cuenta es actual, exacta y verdadera y que actualizar\u00e1 su informaci\u00f3n personal si cambia.<\/li>\n<\/ol>\n<p>Nos reservamos el derecho a suspender o cancelar su cuenta si utiliza nuestro sitio ilegalmente o infringe la pol\u00edtica de uso aceptable.<\/p>\n<p><b>Limitaci\u00f3n de responsabilidad<\/b><b><br \/><\/b><b><br \/><\/b> International OLT Inc. o uno de sus empleados ser\u00e1 responsable de cualquier problema derivado de este sitio. Sin embargo, International OLT Inc. y sus empleados no ser\u00e1n responsables de ning\u00fan problema derivado de un uso indebido de este sitio.<\/p>\n<p><b>Compensaci\u00f3n<\/b><b><br \/><\/b><b><br \/><\/b>Como usuario, por la presente indemniza a International OLT Inc. de y contra cualquier responsabilidad, coste, causa de acci\u00f3n, da\u00f1os o gastos derivados de su uso de este sitio o de su incumplimiento de cualquiera de las disposiciones aqu\u00ed establecidas.<\/p>\n<p><b>Legislaci\u00f3n aplicable<\/b><b><br \/><\/b><b><br \/><\/b>Este documento est\u00e1 sujeto a las leyes aplicables de Canad\u00e1 y pretende cumplir con sus normas y reglamentos necesarios.<br \/><br \/>Para los residentes en la UE, el RGPD es la ley aplicable que rige este documento. En caso de incoherencia entre una disposici\u00f3n del presente documento y el RGPD, prevalecer\u00e1n las normas del RGPD.<\/p>\n<p><b>Divisibilidad<\/b><b><br \/><\/b><b><br \/><\/b>Si en alg\u00fan momento alguna de las disposiciones establecidas en el presente documento resultara incompatible o inv\u00e1lida en virtud de la legislaci\u00f3n aplicable, dichas disposiciones se considerar\u00e1n nulas y sin efecto y se eliminar\u00e1n del presente documento. Todas las dem\u00e1s disposiciones no se ver\u00e1n afectadas por dichas leyes y el resto del presente documento seguir\u00e1 consider\u00e1ndose v\u00e1lido.<\/p>\n<p><b>Cambios<\/b><b><br \/><\/b><b><br \/><\/b>Estos t\u00e9rminos y condiciones pueden ser modificados de vez en cuando para mantener el cumplimiento de la ley y para reflejar cualquier cambio en la forma en que operamos nuestro sitio y la forma en que esperamos que los usuarios se comporten en nuestro sitio. Recomendamos a nuestros usuarios que comprueben estas condiciones de vez en cuando para asegurarse de que est\u00e1n al tanto de cualquier actualizaci\u00f3n. En caso necesario, notificaremos a los usuarios por correo electr\u00f3nico los cambios en estas condiciones o publicaremos un aviso en nuestro sitio.<\/p>\n<p><b>P\u00f3ngase en contacto con<\/b><b><br \/><\/b><b><br \/><\/b>P\u00f3ngase en contacto con nosotros si tiene alguna pregunta o duda. Nuestros datos de contacto son los siguientes<\/p>\n<p><br \/><br \/><\/p>\n\n\t\t<\/div>\n\t\t\t\t\n<style>\n#col-163189375 > .col-inner {\n  padding: 0px 0px 0px 0;\n}\n@media (min-width:850px) {\n  #col-163189375 > .col-inner {\n    padding: 0px 0px 0px 10%;\n  }\n}\n<\/style>\n\t<\/div>\n\n\t\n\n<\/div>\n\n\t\t<\/div>\n\n\t\t\n<style>\n#section_2098012908 {\n  padding-top: 30px;\n  padding-bottom: 30px;\n}\n<\/style>\n\t<\/section>","protected":false},"excerpt":{"rendered":"","protected":false},"author":1,"featured_media":0,"parent":0,"menu_order":0,"comment_status":"closed","ping_status":"closed","template":"page-blank.php","meta":{"footnotes":""},"class_list":["post-9583","page","type-page","status-publish","hentry"],"_links":{"self":[{"href":"https:\/\/www.efleawatch.com\/es\/wp-json\/wp\/v2\/pages\/9583","targetHints":{"allow":["GET"]}}],"collection":[{"href":"https:\/\/www.efleawatch.com\/es\/wp-json\/wp\/v2\/pages"}],"about":[{"href":"https:\/\/www.efleawatch.com\/es\/wp-json\/wp\/v2\/types\/page"}],"author":[{"embeddable":true,"href":"https:\/\/www.efleawatch.com\/es\/wp-json\/wp\/v2\/users\/1"}],"replies":[{"embeddable":true,"href":"https:\/\/www.efleawatch.com\/es\/wp-json\/wp\/v2\/comments?post=9583"}],"version-history":[{"count":0,"href":"https:\/\/www.efleawatch.com\/es\/wp-json\/wp\/v2\/pages\/9583\/revisions"}],"wp:attachment":[{"href":"https:\/\/www.efleawatch.com\/es\/wp-json\/wp\/v2\/media?parent=9583"}],"curies":[{"name":"wp","href":"https:\/\/api.w.org\/{rel}","templated":true}]}}