{"id":9589,"date":"2023-06-16T16:12:50","date_gmt":"2023-06-16T16:12:50","guid":{"rendered":"http:\/\/www.efleawatch.com\/?page_id=9589"},"modified":"2023-08-25T10:22:57","modified_gmt":"2023-08-25T10:22:57","slug":"politica-de-privacidad","status":"publish","type":"page","link":"https:\/\/www.efleawatch.com\/es\/politique-de-confidentialite\/","title":{"rendered":"Pol\u00edtica de privacidad"},"content":{"rendered":"<div id=\"page-header-1813467137\" class=\"page-header-wrapper\">\n  <div class=\"page-title dark featured-title\">\n\n        <div class=\"page-title-bg\">\n      <div class=\"title-bg fill bg-fill\"\n        data-parallax-container=\".page-title\"\n        data-parallax-background\n data-parallax=\"-\">\n      <\/div>\n      <div class=\"title-overlay fill\"><\/div>\n    <\/div>\n    \n    <div class=\"page-title-inner container align-center flex-row medium-flex-wrap\" >\n              <div class=\"title-wrapper flex-col text-left medium-text-center\">\n          <h1 class=\"entry-title mb-0\">\n            Pol\u00edtica de privacidad          <\/h1>\n        <\/div>\n                    <div class=\"title-content flex-col flex-right text-right medium-text-center\">\n        <div class=\"title-breadcrumbs pb-half pt-half\"><nav class=\"woocommerce-breadcrumb breadcrumbs uppercase\" data-no-translation=\"\" data-trp-gettext=\"\">Inicio<\/nav><\/div>      <\/div>\n    <\/div>\n\n     \n<style>\n#page-header-1813467137 .featured-title {\n  background-color: rgb(37, 41, 43);\n}\n<\/style>\n  <\/div>\n    <\/div>\n  \n\n\t<section class=\"section\" id=\"section_64803427\">\n\t\t<div class=\"bg section-bg fill bg-fill  bg-loaded\" >\n\n\t\t\t\n\t\t\t\n\t\t\t\n\n\t\t<\/div>\n\n\t\t\n\n\t\t<div class=\"section-content relative\">\n\t\t\t\n\n\t<div id=\"gap-433977038\" class=\"gap-element clearfix\" style=\"display:block; height:auto;\">\n\t\t\n<style>\n#gap-433977038 {\n  padding-top: 30px;\n}\n<\/style>\n\t<\/div>\n\t\n\n<div class=\"row row-small align-middle\"  id=\"row-1524994939\">\n\n\n\t<div id=\"col-501306163\" class=\"col medium-12 small-12 large-11\"  >\n\t\t\t\t<div class=\"col-inner\"  >\n\t\t\t\n\t\t\t\n\n<p><b>POL\u00cdTICA DE PRIVACIDAD<\/b><b><br \/><\/b><b><br \/><\/b><b><br \/><\/b><b>efleawatch.com<\/b><b><br \/><\/b>OLT Internacional inc<\/p>\n<p>Tipo de sitio: comercio electr\u00f3nico<\/p>\n<p><b>Objetivo de esta pol\u00edtica de privacidad <\/b><b><br \/><\/b><b><br \/><\/b>El prop\u00f3sito de esta pol\u00edtica de privacidad es informar a los usuarios de nuestro sitio sobre los datos personales que recopilaremos y la siguiente informaci\u00f3n, en su caso:<\/p>\n<ol>\n<li aria-level=\"1\">Los datos personales que recogemos<\/li>\n<li aria-level=\"1\">Utilizaci\u00f3n de los datos recogidos<\/li>\n<li aria-level=\"1\">Qui\u00e9n tiene acceso a los datos recogidos<\/li>\n<li aria-level=\"1\">Derechos de los usuarios<\/li>\n<li aria-level=\"1\">Pol\u00edtica de cookies del sitio<\/li>\n<\/ol>\n<p>Esta pol\u00edtica de confidencialidad funciona en paralelo con las condiciones generales de uso de nuestro sitio.<\/p>\n<p><b>Legislaci\u00f3n aplicable<\/b><\/p>\n<p>Esta pol\u00edtica cumple la legislaci\u00f3n establecida en la <i>ley de protecci\u00f3n de datos personales y documentos electr\u00f3nicos<\/i> (LPRPDE).<\/p>\n<p>Para los residentes en pa\u00edses de la UE, el <i>Reglamento general de protecci\u00f3n de datos<\/i> (RGDP) rige todas las pol\u00edticas de protecci\u00f3n de datos, independientemente de d\u00f3nde se encuentre el sitio. Esta pol\u00edtica de privacidad pretende cumplir con el GDPR. Si hay alguna incoherencia entre esta pol\u00edtica y el GDPR, se aplicar\u00e1 el GDPR.<\/p>\n<p>Para los residentes en el Estado de California, esta pol\u00edtica de privacidad est\u00e1 destinada a cumplir con la <i>Ley de Privacidad del Consumidor de California (CCPA)<\/i>. Si existen incoherencias entre este documento y el <i>CCPA<\/i>, se aplicar\u00e1 la legislaci\u00f3n estatal. Si detectamos alguna incoherencia, modificaremos nuestra pol\u00edtica para ajustarla a la legislaci\u00f3n pertinente.<\/p>\n<p><b>Consentimiento<\/b><b><br \/><\/b><b><br \/><\/b>Los usuarios aceptan que, al utilizar nuestro sitio, dan su consentimiento a :<\/p>\n<ol>\n<li aria-level=\"1\">las condiciones establecidas en la presente pol\u00edtica de privacidad, y<\/li>\n<li aria-level=\"1\">la recogida, uso y almacenamiento de los datos enumerados en esta pol\u00edtica.<\/li>\n<\/ol>\n<p><b>Datos personales que recopilamos<\/b><\/p>\n<p><b>Datos recogidos autom\u00e1ticamente<\/b><\/p>\n<p>Cuando visita y utiliza nuestro sitio, podemos recoger y almacenar autom\u00e1ticamente la siguiente informaci\u00f3n:<\/p>\n<ol>\n<li aria-level=\"1\">Direcci\u00f3n IP<\/li>\n<li aria-level=\"1\">Ubicaci\u00f3n<\/li>\n<\/ol>\n<p><b>Datos recogidos de forma no autom\u00e1tica<\/b><\/p>\n<p>No recogemos datos adicionales cuando el usuario realiza determinadas funciones en nuestro sitio.<\/p>\n<p>Tenga en cuenta que s\u00f3lo recopilamos los datos que nos ayudan a lograr el prop\u00f3sito establecido en esta pol\u00edtica de privacidad. No recopilaremos ning\u00fan dato adicional sin informarle previamente.<\/p>\n<p><b>C\u00f3mo utilizamos los datos personales<\/b><b><br \/><\/b><b><br \/><\/b>Los datos personales recogidos en nuestro sitio s\u00f3lo se utilizar\u00e1n para los fines especificados en esta pol\u00edtica o como se indica en las p\u00e1ginas correspondientes de nuestro sitio. No utilizaremos sus datos m\u00e1s all\u00e1 de lo que revelemos.<\/p>\n<p>Los datos que recopilamos autom\u00e1ticamente se utilizan para los siguientes fines:<\/p>\n<ol>\n<li aria-level=\"1\">__________<\/li>\n<\/ol>\n<p><b>Con qui\u00e9n compartimos los datos personales<\/b><\/p>\n<p><b>Empleados<\/b><b><br \/><\/b>Podemos revelar a cualquier miembro de nuestra organizaci\u00f3n los datos de usuario que razonablemente necesite para cumplir los fines establecidos en esta pol\u00edtica.<\/p>\n<p><b>Terceros<\/b><b><br \/><\/b>Podemos compartir los datos de los usuarios con los siguientes terceros:<\/p>\n<p>Podemos compartir los datos de los usuarios con terceros para los siguientes fines:<\/p>\n<p>Los terceros no podr\u00e1n acceder a los datos de los usuarios m\u00e1s all\u00e1 de lo razonablemente necesario para alcanzar el objetivo fijado.<\/p>\n<p><b>Otra informaci\u00f3n<\/b><b><br \/><\/b>Nos comprometemos a no vender ni compartir sus datos con terceros, salvo en los siguientes casos:<\/p>\n<ol>\n<li aria-level=\"1\">si lo exige la ley<\/li>\n<li aria-level=\"1\">si es necesario para cualquier procedimiento judicial<\/li>\n<li aria-level=\"1\">demostrar o proteger nuestros derechos legales<\/li>\n<li aria-level=\"1\">a los compradores o posibles compradores de esta empresa en caso de que intentemos venderla<\/li>\n<\/ol>\n<p>Si sigue los hiperv\u00ednculos de nuestro sitio a otro sitio, tenga en cuenta que no somos responsables ni tenemos control sobre sus pol\u00edticas y pr\u00e1cticas de privacidad.<\/p>\n<p><b>Cu\u00e1nto tiempo conservamos los datos personales<\/b><b><br \/><\/b><b><br \/><\/b>No conservamos los datos de los usuarios m\u00e1s all\u00e1 de lo necesario para alcanzar los fines para los que se recogieron.<\/p>\n<p><b>C\u00f3mo protegemos sus datos personales<\/b><b><br \/><\/b><b><br \/><\/b>Para proteger su seguridad, utilizamos el protocolo de seguridad de la capa de transporte para transmitir informaci\u00f3n personal en nuestro sistema.<\/p>\n<p>Todos los datos almacenados en nuestro sistema est\u00e1n bien protegidos y s\u00f3lo pueden acceder a ellos nuestros empleados. Nuestros empleados est\u00e1n sujetos a estrictos acuerdos de confidencialidad y el incumplimiento de este acuerdo supondr\u00eda el despido del empleado.<\/p>\n<p>Aunque tomamos todas las precauciones razonables para garantizar la seguridad de los datos de nuestros usuarios y su protecci\u00f3n, siempre existe el riesgo de sufrir da\u00f1os. Internet en su conjunto puede, en ocasiones, ser inseguro y, por lo tanto, no podemos garantizar la seguridad de los datos de los usuarios m\u00e1s all\u00e1 de lo razonablemente pr\u00e1ctico.<\/p>\n<p><b>Transferencias internacionales de datos<\/b><\/p>\n<p>Los datos de los usuarios pueden consultarse, tratarse o recopilarse en los siguientes pa\u00edses:<\/p>\n<p>Europa<br \/>\u00c1frica<br \/>Norteam\u00e9rica<br \/>Asia<\/p>\n<p><b>Menores<\/b><\/p>\n<p>Para los residentes en la UE, el RGPD especifica que las personas menores de 15 a\u00f1os se consideran menores a efectos de la recogida de datos. Los menores deben contar con el consentimiento de un representante legal para que sus datos puedan ser recogidos, tratados y utilizados.<\/p>\n<p><b>Sus derechos como usuario<\/b><\/p>\n<p>Como usuario, tiene derecho a acceder a todos sus datos personales que hayamos recopilado. Adem\u00e1s, tiene derecho a actualizar o corregir cualquier dato personal que obre en nuestro poder, siempre que sea aceptable con arreglo a la ley.<\/p>\n<p>Puede optar por retirar o modificar su consentimiento para la recogida y uso de datos en cualquier momento, siempre que sea legalmente aceptable y nos lo haya comunicado en un plazo razonable.<\/p>\n<p><b>C\u00f3mo modificar, suprimir o impugnar los datos recogidos<\/b><b><br \/><\/b><b><br \/><\/b>Si desea que su informaci\u00f3n sea eliminada o modificada de alguna manera, p\u00f3ngase en contacto con nuestro Responsable de Privacidad aqu\u00ed :<\/p>\n<p>Pierre Bouillon<br \/>211 Brien Blvd. Brien, suite 441 Repentigny, Qu\u00e9bec, Canad\u00e1, J6A 0A4<br \/>pierre@onelifeteam.ca<br \/>(514) 316-7617<\/p>\n<p><b>Pol\u00edtica de cookies<\/b><b><br \/><\/b><b><br \/><\/b>Una cookie es un peque\u00f1o archivo que el sitio web almacena en el disco duro del usuario. Su finalidad es recopilar datos sobre los h\u00e1bitos de navegaci\u00f3n del usuario.<\/p>\n<p>En nuestro sitio utilizamos los siguientes tipos de cookies:<\/p>\n<ol>\n<li aria-level=\"1\"><b>Cookies funcionales<\/b><b><br \/><\/b>Las utilizamos para recordar las selecciones que realiza en nuestro sitio, de modo que puedan guardarse para futuras visitas.<\/li>\n<li aria-level=\"1\"><b>Cookies anal\u00edticas<\/b><b><br \/><\/b>Esto nos permite mejorar el dise\u00f1o y la funcionalidad de nuestro sitio mediante la recopilaci\u00f3n de datos sobre el contenido al que accede y con el que interact\u00faa mientras lo utiliza.<\/li>\n<\/ol>\n<p>Puede elegir que se le notifique cada vez que se env\u00ede una cookie. Tambi\u00e9n puede optar por desactivar por completo las cookies en su navegador de Internet, pero esto puede reducir la calidad de su experiencia de usuario.<\/p>\n<p><b>Cookies de terceros<\/b><b><br \/><\/b><b><br \/><\/b>Podemos utilizar cookies de terceros en nuestro sitio para los siguientes fines:<\/p>\n<ol>\n<li aria-level=\"1\">__________<\/li>\n<\/ol>\n<p><b>Cambios<\/b><\/p>\n<p>Esta Pol\u00edtica de Privacidad puede ser modificada de vez en cuando para mantener el cumplimiento de la ley y para reflejar cualquier cambio en nuestro proceso de recogida de datos. Recomendamos a nuestros usuarios que consulten nuestra pol\u00edtica de vez en cuando para asegurarse de que est\u00e1n al corriente de cualquier actualizaci\u00f3n. En caso necesario, podemos notificar a los usuarios por correo electr\u00f3nico los cambios introducidos en esta pol\u00edtica.<\/p>\n<p><b>P\u00f3ngase en contacto con<\/b><\/p>\n<p>Si tiene alguna pregunta, no dude en ponerse en contacto con nosotros utilizando los siguientes datos de contacto:<br \/>(514) 569-4552<br \/>pierre@onelifetam.ca<\/p>\n<p>Direcci\u00f3n postal:\u00a0<br \/>1804 Boul. Le Corbusier Suite #273<br \/>Laval, Quebec, Canad\u00e1 <br \/>H7S 2N3<\/p>\n\n\t\t<\/div>\n\t\t\t\t\n<style>\n#col-501306163 > .col-inner {\n  padding: 0px 0px 0px 0;\n}\n@media (min-width:850px) {\n  #col-501306163 > .col-inner {\n    padding: 0px 0px 0px 10%;\n  }\n}\n<\/style>\n\t<\/div>\n\n\t\n\n<\/div>\n\n\t\t<\/div>\n\n\t\t\n<style>\n#section_64803427 {\n  padding-top: 30px;\n  padding-bottom: 30px;\n}\n<\/style>\n\t<\/section>","protected":false},"excerpt":{"rendered":"","protected":false},"author":1,"featured_media":0,"parent":0,"menu_order":0,"comment_status":"closed","ping_status":"closed","template":"page-blank.php","meta":{"footnotes":""},"class_list":["post-9589","page","type-page","status-publish","hentry"],"_links":{"self":[{"href":"https:\/\/www.efleawatch.com\/es\/wp-json\/wp\/v2\/pages\/9589","targetHints":{"allow":["GET"]}}],"collection":[{"href":"https:\/\/www.efleawatch.com\/es\/wp-json\/wp\/v2\/pages"}],"about":[{"href":"https:\/\/www.efleawatch.com\/es\/wp-json\/wp\/v2\/types\/page"}],"author":[{"embeddable":true,"href":"https:\/\/www.efleawatch.com\/es\/wp-json\/wp\/v2\/users\/1"}],"replies":[{"embeddable":true,"href":"https:\/\/www.efleawatch.com\/es\/wp-json\/wp\/v2\/comments?post=9589"}],"version-history":[{"count":0,"href":"https:\/\/www.efleawatch.com\/es\/wp-json\/wp\/v2\/pages\/9589\/revisions"}],"wp:attachment":[{"href":"https:\/\/www.efleawatch.com\/es\/wp-json\/wp\/v2\/media?parent=9589"}],"curies":[{"name":"wp","href":"https:\/\/api.w.org\/{rel}","templated":true}]}}