{"id":10627,"date":"2023-07-25T09:57:24","date_gmt":"2023-07-25T09:57:24","guid":{"rendered":"http:\/\/www.efleawatch.com\/?page_id=10627"},"modified":"2023-07-25T15:55:37","modified_gmt":"2023-07-25T15:55:37","slug":"o-plano-de-protecao-ecareprotection","status":"publish","type":"page","link":"https:\/\/www.efleawatch.com\/pt\/le-plan-ecareprotection\/","title":{"rendered":"Prote\u00e7\u00e3o ECare"},"content":{"rendered":"<div id=\"page-header-1059624958\" class=\"page-header-wrapper\">\n  <div class=\"page-title dark featured-title\">\n\n    \n    <div class=\"page-title-inner container align-center flex-row medium-flex-wrap\" >\n              <div class=\"title-wrapper flex-col text-left medium-text-center\">\n          <h1 class=\"entry-title mb-0\">\n            O Plano de Prote\u00e7\u00e3o ECare          <\/h1>\n        <\/div>\n                    <div class=\"title-content flex-col flex-right text-right medium-text-center\">\n        <div class=\"title-breadcrumbs pb-half pt-half\"><nav class=\"woocommerce-breadcrumb breadcrumbs uppercase\" data-no-translation=\"\" data-trp-gettext=\"\">In\u00edcio<\/nav><\/div>      <\/div>\n    <\/div>\n\n       <\/div>\n    <\/div>\n  \n\n<div class=\"row\"  id=\"row-272117621\">\n\n\n\t<div id=\"col-1788776743\" class=\"col small-12 large-12\"  >\n\t\t\t\t<div class=\"col-inner\"  >\n\t\t\t\n\t\t\t\n\n\t<div id=\"gap-1652810722\" class=\"gap-element clearfix\" style=\"display:block; height:auto;\">\n\t\t\n<style>\n#gap-1652810722 {\n  padding-top: 50px;\n}\n<\/style>\n\t<\/div>\n\t\n\n<h4><strong>Aplicabilidade dos direitos dos consumidores no que respeita a este plano<\/strong><\/h4>\n<p>PARA CLIENTES QUE RESIDAM EM JURISDI\u00c7\u00d5ES SUJEITAS A LEIS OU REGULAMENTOS DE PROTEC\u00c7\u00c3O DO CONSUMIDOR, OS BENEF\u00cdCIOS DOS PLANOS ACIMA REFERIDOS S\u00c3O ADICIONAIS A QUAISQUER DIREITOS E RECURSOS DISPON\u00cdVEIS AO ABRIGO DE TAIS LEIS E REGULAMENTOS. NADA NESTE PLANO AFECTA OS DIREITOS DOS CONSUMIDORES AO ABRIGO DA LEGISLA\u00c7\u00c3O APLIC\u00c1VEL, INCLUINDO O DIREITO DOS CONSUMIDORES A RECURSOS AO ABRIGO DE UMA GARANTIA LEGAL E A DANOS EM CASO DE INCUMPRIMENTO TOTAL OU PARCIAL OU DESEMPENHO INADEQUADO PELA APPLE DAS SUAS OBRIGA\u00c7\u00d5ES CONTRATUAIS.<\/p>\n<h3>1. O plano<\/h3>\n<p>O presente contrato rege os servi\u00e7os de repara\u00e7\u00e3o de hardware e de assist\u00eancia t\u00e9cnica oferecidos pela eflea ao abrigo do plano acima mencionado (coletivamente, o \"Plano\") para o seu produto da marca eflea e respectivos acess\u00f3rios da marca eflea inclu\u00eddos na embalagem original (o \"Hardware Abrangido\") indicados no seu documento de prova de cobertura (a \"Confirma\u00e7\u00e3o do Plano\"). As condi\u00e7\u00f5es do plano s\u00e3o as mesmas, quer seja pago numa base \u00fanica (\"plano de pagamento \u00fanico\") ou numa base mensal (\"plano de pagamento mensal\"), salvo indica\u00e7\u00e3o em contr\u00e1rio. O seu Plano pode ser pago por si ou por um terceiro que financie ou pague o seu Plano (um \"Fornecedor de Pagamento do Plano\").<\/p>\n<h3>2. In\u00edcio e fim da cobertura<\/h3>\n<p>A cobertura come\u00e7a quando adquire o plano e termina na data indicada na sua confirma\u00e7\u00e3o do plano (o \"Per\u00edodo de Cobertura\"). Para obter a Confirma\u00e7\u00e3o do Plano, registe o seu equipamento coberto e o N\u00famero de Registo do Plano (\"N\u00famero de Contrato do Plano\") no eflea. Se a op\u00e7\u00e3o de registo autom\u00e1tico estiver dispon\u00edvel, poder\u00e1 receber uma confirma\u00e7\u00e3o do plano em separado. Se a op\u00e7\u00e3o de registo autom\u00e1tico for oferecida e n\u00e3o receber uma confirma\u00e7\u00e3o do plano em separado, a sua fatura original substituir\u00e1 a confirma\u00e7\u00e3o do plano. As condi\u00e7\u00f5es do plano, a fatura original do plano e a confirma\u00e7\u00e3o do plano fazem parte do seu contrato de servi\u00e7o. O pre\u00e7o do plano \u00e9 indicado na fatura original fornecida pela eflea, pelo vendedor a quem adquiriu o seu plano (um \"revendedor\") ou pelo seu fornecedor de pagamentos do plano. A cobertura para repara\u00e7\u00e3o de equipamento e assist\u00eancia t\u00e9cnica ao abrigo deste plano \u00e9 adicional \u00e0 cobertura fornecida ao abrigo da garantia do fabricante do equipamento e da assist\u00eancia t\u00e9cnica gratuita.<\/p>\n\n\t\t<\/div>\n\t\t\t\t\t<\/div>\n\n\t\n\n<\/div>","protected":false},"excerpt":{"rendered":"","protected":false},"author":1,"featured_media":0,"parent":0,"menu_order":0,"comment_status":"closed","ping_status":"closed","template":"page-blank.php","meta":{"footnotes":""},"class_list":["post-10627","page","type-page","status-publish","hentry"],"_links":{"self":[{"href":"https:\/\/www.efleawatch.com\/pt\/wp-json\/wp\/v2\/pages\/10627","targetHints":{"allow":["GET"]}}],"collection":[{"href":"https:\/\/www.efleawatch.com\/pt\/wp-json\/wp\/v2\/pages"}],"about":[{"href":"https:\/\/www.efleawatch.com\/pt\/wp-json\/wp\/v2\/types\/page"}],"author":[{"embeddable":true,"href":"https:\/\/www.efleawatch.com\/pt\/wp-json\/wp\/v2\/users\/1"}],"replies":[{"embeddable":true,"href":"https:\/\/www.efleawatch.com\/pt\/wp-json\/wp\/v2\/comments?post=10627"}],"version-history":[{"count":0,"href":"https:\/\/www.efleawatch.com\/pt\/wp-json\/wp\/v2\/pages\/10627\/revisions"}],"wp:attachment":[{"href":"https:\/\/www.efleawatch.com\/pt\/wp-json\/wp\/v2\/media?parent=10627"}],"curies":[{"name":"wp","href":"https:\/\/api.w.org\/{rel}","templated":true}]}}