{"id":11327,"date":"2024-11-09T09:12:56","date_gmt":"2024-11-09T09:12:56","guid":{"rendered":"https:\/\/www.efleawatch.com\/?page_id=11327"},"modified":"2025-12-17T15:49:03","modified_gmt":"2025-12-17T15:49:03","slug":"instalacao-para-o-seu-relogio-eflea","status":"publish","type":"page","link":"https:\/\/www.efleawatch.com\/pt\/installation-pour-votre-montre-eflea\/","title":{"rendered":"installation pour votre montre Eflea"},"content":{"rendered":"<section class=\"section dark\" id=\"section_519431620\">\n\t\t<div class=\"bg section-bg fill bg-fill\" >\n\n\t\t\t\n\t\t\t<button class=\"scroll-for-more z-5 icon absolute bottom h-center\" aria-label=\"Scroll for more\"><i class=\"icon-angle-down\" style=\"font-size:42px;\" ><\/i><\/button>\n\t\t\t\n\n\t\t<\/div>\n\n\t\t\n\n\t\t<div class=\"section-content relative\">\n\t\t\t\n\n<div class=\"row row-full-width align-right\"  id=\"row-1182813485\">\n\n\n\t<div id=\"col-1161800534\" class=\"col medium-7 small-12 large-7\"  >\n\t\t\t\t<div class=\"col-inner text-center\"  >\n\t\t\t\n\t\t\t\n\n\t<div id=\"text-2677935580\" class=\"text\">\n\t\t\n\n<h2>Bem-vindo \u00e0 nossa ferramenta de instala\u00e7\u00e3o para o seu rel\u00f3gio Eflea!<\/p>\n<\/h2>\n\t\t\n<style>\n#text-2677935580 {\n  font-size: 1.5rem;\n}\n<\/style>\n\t<\/div>\n\t\n\t<div id=\"gap-268214561\" class=\"gap-element clearfix\" style=\"display:block; height:auto;\">\n\t\t\n<style>\n#gap-268214561 {\n  padding-top: 30px;\n}\n<\/style>\n\t<\/div>\n\t\n\n\n\t\t<\/div>\n\t\t\t\t\t<\/div>\n\n\t\n\n<\/div>\n\n\t\t<\/div>\n\n\t\t\n<style>\n#section_519431620 {\n  padding-top: 30px;\n  padding-bottom: 30px;\n  min-height: 400px;\n}\n#section_519431620 .section-bg.bg-loaded {\n  background-image: url(https:\/\/www.efleawatch.com\/wp-content\/uploads\/2024\/11\/montre-Eflea.jpg);\n}\n#section_519431620 .section-bg {\n  background-position: 43% 45%;\n}\n<\/style>\n\t<\/section>\n\t\n<div class=\"row row-full-width align-center\"  id=\"row-1379269736\">\n\n\n\t<div id=\"col-337611871\" class=\"col medium-7 small-12 large-7\"  >\n\t\t\t\t<div class=\"col-inner\"  >\n\t\t\t\n\t\t\t\n\n\t<div class=\"img has-hover x md-x lg-x y md-y lg-y\" id=\"image_327943600\">\n\t\t\t\t\t\t\t\t<div class=\"img-inner dark\" >\n\t\t\t<img loading=\"lazy\" decoding=\"async\" width=\"1920\" height=\"1080\" src=\"https:\/\/www.efleawatch.com\/wp-content\/uploads\/2024\/11\/video-2.gif\" class=\"attachment-original size-original\" alt=\"\" \/>\t\t\t\t\t\t\n\t\t\t\t\t<\/div>\n\t\t\t\t\t\t\t\t\n<style>\n#image_327943600 {\n  width: 100%;\n}\n<\/style>\n\t<\/div>\n\t\n\n\n\t\t<\/div>\n\t\t\t\t\t<\/div>\n\n\t\n\n<\/div>\n\t<section class=\"section\" id=\"section_1012329099\">\n\t\t<div class=\"bg section-bg fill bg-fill  bg-loaded\" >\n\n\t\t\t\n\t\t\t\n\t\t\t\n\n\t\t<\/div>\n\n\t\t\n\n\t\t<div class=\"section-content relative\">\n\t\t\t\n\n<div class=\"row align-middle\"  id=\"row-729120317\">\n\n\n\t<div id=\"col-909482179\" class=\"col medium-5 small-12 large-5\"  >\n\t\t\t\t<div class=\"col-inner text-center\"  >\n\t\t\t\n\t\t\t\n\n\t<div class=\"img has-hover x md-x lg-x y md-y lg-y\" id=\"image_1589222321\">\n\t\t\t\t\t\t\t\t<div class=\"img-inner dark\" >\n\t\t\t<img loading=\"lazy\" decoding=\"async\" width=\"800\" height=\"800\" src=\"https:\/\/www.efleawatch.com\/wp-content\/uploads\/2024\/07\/montre-connectee-app-pharmacie.png\" class=\"attachment-large size-large\" alt=\"\" srcset=\"https:\/\/www.efleawatch.com\/wp-content\/uploads\/2024\/07\/montre-connectee-app-pharmacie.png 800w, https:\/\/www.efleawatch.com\/wp-content\/uploads\/2024\/07\/montre-connectee-app-pharmacie-400x400.png 400w, https:\/\/www.efleawatch.com\/wp-content\/uploads\/2024\/07\/montre-connectee-app-pharmacie-280x280.png 280w, https:\/\/www.efleawatch.com\/wp-content\/uploads\/2024\/07\/montre-connectee-app-pharmacie-768x768.png 768w, https:\/\/www.efleawatch.com\/wp-content\/uploads\/2024\/07\/montre-connectee-app-pharmacie-12x12.png 12w, https:\/\/www.efleawatch.com\/wp-content\/uploads\/2024\/07\/montre-connectee-app-pharmacie-300x300.png 300w, https:\/\/www.efleawatch.com\/wp-content\/uploads\/2024\/07\/montre-connectee-app-pharmacie-600x600.png 600w, https:\/\/www.efleawatch.com\/wp-content\/uploads\/2024\/07\/montre-connectee-app-pharmacie-100x100.png 100w\" sizes=\"auto, (max-width: 800px) 100vw, 800px\" \/>\t\t\t\t\t\t\n\t\t\t\t\t<\/div>\n\t\t\t\t\t\t\t\t\n<style>\n#image_1589222321 {\n  width: 100%;\n}\n<\/style>\n\t<\/div>\n\t\n\n\n\t\t<\/div>\n\t\t\t\t\t<\/div>\n\n\t\n\n\t<div id=\"col-1928093066\" class=\"col medium-7 small-12 large-7\"  >\n\t\t\t\t<div class=\"col-inner text-left\"  >\n\t\t\t\n\t\t\t\n\n\t<div id=\"text-2139178778\" class=\"text\">\n\t\t\n\n<h2>Passo 1: Descarregar a aplica\u00e7\u00e3o Ewatch<br \/>\n<\/h2>\n\t\t\n<style>\n#text-2139178778 {\n  font-size: 1.4rem;\n}\n<\/style>\n\t<\/div>\n\t\n\t<div id=\"text-8490574\" class=\"text\">\n\t\t\n\n<p>Comece por descarregar a aplica\u00e7\u00e3o Ewatch a partir da App Store ou do Google Play. Para facilitar o descarregamento, pode utilizar o c\u00f3digo QR do seu rel\u00f3gio. Pode ser encontrado na sec\u00e7\u00e3o \"C\u00f3digo QR\". Tamb\u00e9m pode descarregar a aplica\u00e7\u00e3o diretamente a partir desta p\u00e1gina, utilizando o c\u00f3digo QR na parte inferior.<\/p>\n\t\t\n<style>\n#text-8490574 {\n  font-size: 1.2rem;\n}\n<\/style>\n\t<\/div>\n\t\n\n\t\t<\/div>\n\t\t\t\t\t<\/div>\n\n\t\n\n<\/div>\n\n\t\t<\/div>\n\n\t\t\n<style>\n#section_1012329099 {\n  padding-top: 60px;\n  padding-bottom: 60px;\n  background-color: rgb(250, 250, 250);\n}\n<\/style>\n\t<\/section>\n\t\n\t<section class=\"section\" id=\"section_1608114150\">\n\t\t<div class=\"bg section-bg fill bg-fill  bg-loaded\" >\n\n\t\t\t\n\t\t\t\n\t\t\t\n\n\t\t<\/div>\n\n\t\t\n\n\t\t<div class=\"section-content relative\">\n\t\t\t\n\n<div class=\"row align-middle\"  id=\"row-75166948\">\n\n\n\t<div id=\"col-1802742646\" class=\"col medium-4 small-12 large-4\"  >\n\t\t\t\t<div class=\"col-inner text-center\"  >\n\t\t\t\n\t\t\t\n\n\t<div class=\"img has-hover x md-x lg-x y md-y lg-y\" id=\"image_1334667174\">\n\t\t\t\t\t\t\t\t<div class=\"img-inner dark\" >\n\t\t\t<img loading=\"lazy\" decoding=\"async\" width=\"699\" height=\"800\" src=\"https:\/\/www.efleawatch.com\/wp-content\/uploads\/2024\/07\/Watch-face-1-1-699x800.jpg\" class=\"attachment-large size-large\" alt=\"\" srcset=\"https:\/\/www.efleawatch.com\/wp-content\/uploads\/2024\/07\/Watch-face-1-1-699x800.jpg 699w, https:\/\/www.efleawatch.com\/wp-content\/uploads\/2024\/07\/Watch-face-1-1-349x400.jpg 349w, https:\/\/www.efleawatch.com\/wp-content\/uploads\/2024\/07\/Watch-face-1-1-768x879.jpg 768w, https:\/\/www.efleawatch.com\/wp-content\/uploads\/2024\/07\/Watch-face-1-1-10x12.jpg 10w, https:\/\/www.efleawatch.com\/wp-content\/uploads\/2024\/07\/Watch-face-1-1-600x687.jpg 600w, https:\/\/www.efleawatch.com\/wp-content\/uploads\/2024\/07\/Watch-face-1-1.jpg 800w\" sizes=\"auto, (max-width: 699px) 100vw, 699px\" \/>\t\t\t\t\t\t\n\t\t\t\t\t<\/div>\n\t\t\t\t\t\t\t\t\n<style>\n#image_1334667174 {\n  width: 100%;\n}\n<\/style>\n\t<\/div>\n\t\n\n\n\t\t<\/div>\n\t\t\t\t\t<\/div>\n\n\t\n\n\t<div id=\"col-63142953\" class=\"col medium-8 small-12 large-8\"  >\n\t\t\t\t<div class=\"col-inner text-left\"  >\n\t\t\t\n\t\t\t\n\n\t<div id=\"text-860553187\" class=\"text\">\n\t\t\n\n<h2>Passo 2: Criar a sua conta<\/p>\n<\/h2>\n\t\t\n<style>\n#text-860553187 {\n  font-size: 1.4rem;\n}\n<\/style>\n\t<\/div>\n\t\n\t<div id=\"text-2176580538\" class=\"text\">\n\t\t\n\n<p>Depois de ter instalado a aplica\u00e7\u00e3o, siga as instru\u00e7\u00f5es no ecr\u00e3 para criar a sua conta de utilizador. Isto permitir-lhe-\u00e1 emparelhar o seu rel\u00f3gio Eflea com a aplica\u00e7\u00e3o.<\/p>\n\t\t\n<style>\n#text-2176580538 {\n  font-size: 1.2rem;\n}\n<\/style>\n\t<\/div>\n\t\n\t<div id=\"text-1294684730\" class=\"text\">\n\t\t\n\n<h3>Adicionar contactos<br \/>\n<\/h3>\n\t\t\n<style>\n#text-1294684730 {\n  font-size: 1.4rem;\n  color: rgb(0,0,0);\n}\n#text-1294684730 > * {\n  color: rgb(0,0,0);\n}\n<\/style>\n\t<\/div>\n\t\n\t<div id=\"text-1510709756\" class=\"text\">\n\t\t\n\n<p>Para adicionar membros da fam\u00edlia ou amigos para manter o contacto atrav\u00e9s do rel\u00f3gio, \u00e9 necess\u00e1rio utilizar a aplica\u00e7\u00e3o Ewatch. Todas as defini\u00e7\u00f5es do seu rel\u00f3gio podem ser configuradas diretamente na aplica\u00e7\u00e3o.<\/p>\n\t\t\n<style>\n#text-1510709756 {\n  font-size: 1.2rem;\n}\n<\/style>\n\t<\/div>\n\t\n\n\t\t<\/div>\n\t\t\t\t\t<\/div>\n\n\t\n\n<\/div>\n<div class=\"row\"  id=\"row-482367227\">\n\n\n\t<div id=\"col-63435177\" class=\"col medium-6 small-12 large-6\"  >\n\t\t\t\t<div class=\"col-inner text-center\"  >\n\t\t\t\n\t\t\t\n\n<a href=\"https:\/\/www.efleawatch.com\/wp-content\/uploads\/2024\/11\/PDF-FR-BACK.pdf.pdf\" target=\"_blank\" class=\"button secondary is-large expand\" rel=\"noopener\"  >\n    <span>Descarregar o manual do utilizador em franc\u00eas<\/span>\n  <\/a>\n\n\n<a href=\"https:\/\/www.efleawatch.com\/wp-content\/uploads\/2025\/12\/The-user-manual-in-esp.pdf\" target=\"_blank\" class=\"button secondary is-large expand\" rel=\"noopener\"  >\n    <span>Descarregar o manual do utilizador em espanhol<\/span>\n  <\/a>\n\n\n\n\t\t<\/div>\n\t\t\t\t\t<\/div>\n\n\t\n\n\t<div id=\"col-298172319\" class=\"col medium-6 small-12 large-6\"  >\n\t\t\t\t<div class=\"col-inner text-center\"  >\n\t\t\t\n\t\t\t\n\n<a href=\"https:\/\/www.efleawatch.com\/wp-content\/uploads\/2024\/11\/The-user-manual-in-pdf.pdf\" target=\"_blank\" class=\"button secondary is-large expand\" rel=\"noopener\"  >\n    <span>Descarregar o manual do utilizador<\/span>\n  <\/a>\n\n\n<a href=\"https:\/\/www.efleawatch.com\/wp-content\/uploads\/2025\/12\/The-user-manual-in-POR.pdf\" target=\"_blank\" class=\"button secondary is-large expand\" rel=\"noopener\"  >\n    <span>Descarregar o manual do utilizador em portugu\u00eas<\/span>\n  <\/a>\n\n\n\n\t\t<\/div>\n\t\t\t\t\t<\/div>\n\n\t\n\n<\/div>\n\n\t\t<\/div>\n\n\t\t\n<style>\n#section_1608114150 {\n  padding-top: 60px;\n  padding-bottom: 60px;\n  background-color: rgb(255, 255, 255);\n}\n<\/style>\n\t<\/section>\n\t\n\t<section class=\"section\" id=\"section_1264176797\">\n\t\t<div class=\"bg section-bg fill bg-fill  bg-loaded\" >\n\n\t\t\t\n\t\t\t\n\t\t\t\n\n\t\t<\/div>\n\n\t\t\n\n\t\t<div class=\"section-content relative\">\n\t\t\t\n\n<div class=\"row\"  id=\"row-1381609967\">\n\n\n\t<div id=\"col-382013026\" class=\"col small-12 large-12\"  >\n\t\t\t\t<div class=\"col-inner text-center\"  >\n\t\t\t\n\t\t\t\n\n\t<div id=\"text-2868453069\" class=\"text\">\n\t\t\n\n<h3>Algumas dicas pr\u00e1ticas:<br \/>\n<\/h3>\n\t\t\n<style>\n#text-2868453069 {\n  font-size: 1.4rem;\n}\n<\/style>\n\t<\/div>\n\t\n\n\t\t<\/div>\n\t\t\t\t\t<\/div>\n\n\t\n\n<\/div>\n<div class=\"row align-equal row-solid\"  id=\"row-474405379\">\n\n\n\t<div id=\"col-450333260\" class=\"col medium-6 small-12 large-6\"  >\n\t\t\t\t<div class=\"col-inner\"  >\n\t\t\t\n\t\t\t\n\n<h3>Ligar e desligar o rel\u00f3gio <\/h3>\n<p><span style=\"font-size: 90%;\"> Para ligar o seu rel\u00f3gio Eflea, prima o bot\u00e3o no canto inferior direito durante 3 segundos. Para o desligar, prima novamente o mesmo bot\u00e3o durante 3 segundos.<\/span><\/p>\n\n\t\t<\/div>\n\t\t\t\t\t<\/div>\n\n\t\n\n\t<div id=\"col-1992230835\" class=\"col medium-6 small-12 large-6\"  >\n\t\t\t\t<div class=\"col-inner\"  >\n\t\t\t\n\t\t\t\n\n<h3>Alterar o visual<\/h3>\n<p><span style=\"font-size: 90%;\">  Para alterar o aspeto do seu rel\u00f3gio, utilize o bot\u00e3o vermelho no canto superior esquerdo. Rode-o para percorrer os visuais e, em seguida, prima para confirmar a sua escolha. Para voltar \u00e0 p\u00e1gina principal, prima o bot\u00e3o inferior esquerdo.<\/span><\/p>\n\n\t\t<\/div>\n\t\t\t\t\t<\/div>\n\n\t\n\n\t<div id=\"col-541279871\" class=\"col medium-6 small-12 large-6\"  >\n\t\t\t\t<div class=\"col-inner\"  >\n\t\t\t\n\t\t\t\n\n<h3>O cart\u00e3o SIM<\/h3>\n<p><span style=\"font-size: 90%;\">O cart\u00e3o SIM est\u00e1 localizado no lado esquerdo do seu rel\u00f3gio.<br \/>\n<\/span><\/p>\n\n\t\t<\/div>\n\t\t\t\t\t<\/div>\n\n\t\n\n\t<div id=\"col-889578198\" class=\"col medium-6 small-12 large-6\"  >\n\t\t\t\t<div class=\"col-inner\"  >\n\t\t\t\n\t\t\t\n\n<h3>Ver navega\u00e7\u00e3o<\/h3>\n<p><span style=\"font-size: 90%;\"> Para navegar, deslize o dedo pelo ecr\u00e3 para a esquerda ou para a direita para explorar as diferentes op\u00e7\u00f5es.<\/span><\/p>\n\n\t\t<\/div>\n\t\t\t\t\t<\/div>\n\n\t\n\n\t<div id=\"col-18268760\" class=\"col medium-6 small-12 large-6\"  >\n\t\t\t\t<div class=\"col-inner\"  >\n\t\t\t\n\t\t\t\n\n<h3>Aceder aos par\u00e2metros <\/h3>\n<p><span style=\"font-size: 90%;\">  A partir da p\u00e1gina principal, deslize o dedo para cima e para baixo para visualizar informa\u00e7\u00f5es sobre a rede celular e a Internet. Tamb\u00e9m pode ajustar o brilho e o volume do seu rel\u00f3gio.<br \/>\n<\/span><\/p>\n\n\t\t<\/div>\n\t\t\t\t\t<\/div>\n\n\t\n\n\t<div id=\"col-1841573810\" class=\"col medium-6 small-12 large-6\"  >\n\t\t\t\t<div class=\"col-inner\"  >\n\t\t\t\n\t\t\t\n\n<h3>Dete\u00e7\u00e3o de quedas<\/h3>\n<p><span style=\"font-size: 90%;\"> Para ativar a fun\u00e7\u00e3o de dete\u00e7\u00e3o de quedas, \u00e9 essencial activ\u00e1-la na aplica\u00e7\u00e3o do seu telem\u00f3vel. Pode definir o n\u00edvel de sensibilidade de 1 a 8, sendo 1 o mais sens\u00edvel e 8 o menos sens\u00edvel.<br \/>\n<\/span><\/p>\n\n\t\t<\/div>\n\t\t\t\t\t<\/div>\n\n\t\n\n\t<div id=\"col-1881254808\" class=\"col small-12 large-12\"  >\n\t\t\t\t<div class=\"col-inner\"  >\n\t\t\t\n\t\t\t\n\n<p><strong>Recomendamos que consulte o nosso manual do utilizador para obter informa\u00e7\u00f5es sobre as normas de utiliza\u00e7\u00e3o e outros aspectos importantes do seu rel\u00f3gio Eflea.<\/strong><\/p>\n\n\t\t<\/div>\n\t\t\t\t\t<\/div>\n\n\t\n\n\n<style>\n#row-474405379 > .col > .col-inner {\n  padding: 30px 30px 30px 30px;\n}\n<\/style>\n<\/div>\n\n\t\t<\/div>\n\n\t\t\n<style>\n#section_1264176797 {\n  padding-top: 60px;\n  padding-bottom: 60px;\n  background-color: rgb(250, 250, 250);\n}\n<\/style>\n\t<\/section>\n\t\n\t<section class=\"section\" id=\"section_1234283447\">\n\t\t<div class=\"bg section-bg fill bg-fill  bg-loaded\" >\n\n\t\t\t\n\t\t\t\n\t\t\t\n\n\t\t<\/div>\n\n\t\t\n\n\t\t<div class=\"section-content relative\">\n\t\t\t\n\n<div class=\"row align-center\"  id=\"row-221675103\">\n\n\n\t<div id=\"col-1390581145\" class=\"col medium-9 small-12 large-9\"  >\n\t\t\t\t<div class=\"col-inner text-center dark\" style=\"background-color:#273647;\" >\n\t\t\t\n\t\t\t\n\n<h3> Assist\u00eancia<br \/><\/h3>\n<p> Se tiver alguma d\u00favida sobre o nosso produto, n\u00e3o hesite em contactar os nossos agentes, que est\u00e3o dispon\u00edveis no nosso s\u00edtio Web. Estamos aqui para o ajudar!<\/p>\n\n\t\t<\/div>\n\t\t\t\t\n<style>\n#col-1390581145 > .col-inner {\n  padding: 40px 40px 40px 40px;\n  margin: 40px 0px 0px 0px;\n  border-radius: 20px;\n}\n<\/style>\n\t<\/div>\n\n\t\n\n<\/div>\n\n\t\t<\/div>\n\n\t\t\n<style>\n#section_1234283447 {\n  padding-top: 20px;\n  padding-bottom: 20px;\n}\n<\/style>\n\t<\/section>","protected":false},"excerpt":{"rendered":"","protected":false},"author":1,"featured_media":0,"parent":0,"menu_order":0,"comment_status":"closed","ping_status":"closed","template":"page-blank.php","meta":{"footnotes":""},"class_list":["post-11327","page","type-page","status-publish","hentry"],"_links":{"self":[{"href":"https:\/\/www.efleawatch.com\/pt\/wp-json\/wp\/v2\/pages\/11327","targetHints":{"allow":["GET"]}}],"collection":[{"href":"https:\/\/www.efleawatch.com\/pt\/wp-json\/wp\/v2\/pages"}],"about":[{"href":"https:\/\/www.efleawatch.com\/pt\/wp-json\/wp\/v2\/types\/page"}],"author":[{"embeddable":true,"href":"https:\/\/www.efleawatch.com\/pt\/wp-json\/wp\/v2\/users\/1"}],"replies":[{"embeddable":true,"href":"https:\/\/www.efleawatch.com\/pt\/wp-json\/wp\/v2\/comments?post=11327"}],"version-history":[{"count":39,"href":"https:\/\/www.efleawatch.com\/pt\/wp-json\/wp\/v2\/pages\/11327\/revisions"}],"predecessor-version":[{"id":11444,"href":"https:\/\/www.efleawatch.com\/pt\/wp-json\/wp\/v2\/pages\/11327\/revisions\/11444"}],"wp:attachment":[{"href":"https:\/\/www.efleawatch.com\/pt\/wp-json\/wp\/v2\/media?parent=11327"}],"curies":[{"name":"wp","href":"https:\/\/api.w.org\/{rel}","templated":true}]}}