{"id":79,"date":"2022-06-11T20:13:42","date_gmt":"2022-06-11T20:13:42","guid":{"rendered":"http:\/\/localhost:8888\/test\/?page_id=545"},"modified":"2024-05-16T11:46:06","modified_gmt":"2024-05-16T11:46:06","slug":"faq","status":"publish","type":"page","link":"https:\/\/www.efleawatch.com\/pt\/faq\/","title":{"rendered":"FAQ"},"content":{"rendered":"<div id=\"page-header-737261801\" class=\"page-header-wrapper\">\n  <div class=\"page-title dark featured-title\">\n\n        <div class=\"page-title-bg\">\n      <div class=\"title-bg fill bg-fill\"\n        data-parallax-container=\".page-title\"\n        data-parallax-background\n data-parallax=\"-\">\n      <\/div>\n      <div class=\"title-overlay fill\"><\/div>\n    <\/div>\n    \n    <div class=\"page-title-inner container align-center flex-row medium-flex-wrap\" >\n              <div class=\"title-wrapper flex-col text-left medium-text-center\">\n          <h1 class=\"entry-title mb-0\">\n            FAQ          <\/h1>\n        <\/div>\n                    <div class=\"title-content flex-col flex-right text-right medium-text-center\">\n        <div class=\"title-breadcrumbs pb-half pt-half\"><nav class=\"woocommerce-breadcrumb breadcrumbs uppercase\" data-no-translation=\"\" data-trp-gettext=\"\">In\u00edcio<\/nav><\/div>      <\/div>\n    <\/div>\n\n     \n<style>\n#page-header-737261801 .featured-title {\n  background-color: #404b25;\n}\n<\/style>\n  <\/div>\n    <\/div>\n  \n\n\t<section class=\"section\" id=\"section_1361962296\">\n\t\t<div class=\"bg section-bg fill bg-fill  bg-loaded\" >\n\n\t\t\t\n\t\t\t\n\t\t\t\n\n\t\t<\/div>\n\n\t\t\n\n\t\t<div class=\"section-content relative\">\n\t\t\t\n\n<div class=\"row\"  id=\"row-1677742807\">\n\n\n\t<div id=\"col-1383151251\" class=\"col small-12 large-12\"  >\n\t\t\t\t<div class=\"col-inner text-center\"  >\n\t\t\t\n\t\t\t\n\n<h2>FAQ eflea Watch <\/h2>\n\n\t\t<\/div>\n\t\t\t\t\t<\/div>\n\n\t\n\n<\/div>\n<div class=\"row align-equal row-solid\"  id=\"row-1677676315\">\n\n\n\t<div id=\"col-488927908\" class=\"col medium-6 small-12 large-6\"  >\n\t\t\t\t<div class=\"col-inner\"  >\n\t\t\t\n\t\t\t\n\n<h3>Tenho de assinar um contrato?<\/h3>\n<p>N\u00c3O, n\u00e3o existe qualquer contrato com o rel\u00f3gio eflea, nem controlo de cr\u00e9dito.<\/p>\n\n\n\t\t<\/div>\n\t\t\t\t\t<\/div>\n\n\t\n\n\t<div id=\"col-1958172344\" class=\"col medium-6 small-12 large-6\"  >\n\t\t\t\t<div class=\"col-inner\"  >\n\t\t\t\n\t\t\t\n\n<h3>Posso interromper o servi\u00e7o?<\/h3>\n<p>SIM, pode interromper e retomar o servi\u00e7o em qualquer altura, gratuitamente.<\/p>\n\n\t\t<\/div>\n\t\t\t\t\t<\/div>\n\n\t\n\n\t<div id=\"col-1109954327\" class=\"col medium-6 small-12 large-6\"  >\n\t\t\t\t<div class=\"col-inner\"  >\n\t\t\t\n\t\t\t\n\n<h3>Que rede celular utiliza o telem\u00f3vel do rel\u00f3gio eflea?<\/h3>\n<p>O eflea watch utiliza a grande maioria das redes celulares da sua regi\u00e3o, utiliza a melhor rede dispon\u00edvel na \u00e1rea local. Se mudar de \u00e1rea, o eflea watch migrar\u00e1 para a melhor rede dispon\u00edvel nessa \u00e1rea.<\/p>\n\n\t\t<\/div>\n\t\t\t\t\t<\/div>\n\n\t\n\n\t<div id=\"col-111813324\" class=\"col medium-6 small-12 large-6\"  >\n\t\t\t\t<div class=\"col-inner\"  >\n\t\t\t\n\t\t\t\n\n<h3>O rel\u00f3gio eflea \u00e9 resistente \u00e0 \u00e1gua?<\/h3>\n<p>SIM, o rel\u00f3gio eflea \u00e9 resistente \u00e0 \u00e1gua, tem certifica\u00e7\u00e3o IP67.<\/p>\n\n\n\t\t<\/div>\n\t\t\t\t\t<\/div>\n\n\t\n\n\t<div id=\"col-519638355\" class=\"col medium-6 small-12 large-6\"  >\n\t\t\t\t<div class=\"col-inner\"  >\n\t\t\t\n\t\t\t\n\n<h3>Como \u00e9 que a minha fam\u00edlia e os meus amigos comunicam comigo? <\/h3>\n<p>Os membros da sua rede devem descarregar a aplica\u00e7\u00e3o eflea Connect, dispon\u00edvel na Apple Store (Apple).<br \/>\n e Google Play (Android).<\/p>\n\n\t\t<\/div>\n\t\t\t\t\t<\/div>\n\n\t\n\n\t<div id=\"col-467382639\" class=\"col medium-6 small-12 large-6\"  >\n\t\t\t\t<div class=\"col-inner\"  >\n\t\t\t\n\t\t\t\n\n<h3>Posso enviar informa\u00e7\u00f5es a partir do meu rel\u00f3gio?<\/h3>\n<p>SIM, uma vez que os membros da sua rede tenham sido ligados pela aplica\u00e7\u00e3o eflea Connect, pode partilhar informa\u00e7\u00f5es \u00e0 dist\u00e2ncia (ritmo card\u00edaco, n\u00famero de passos, temperatura e muito mais).<\/p>\n\n\t\t<\/div>\n\t\t\t\t\t<\/div>\n\n\t\n\n\t<div id=\"col-1970560444\" class=\"col medium-6 small-12 large-6\"  >\n\t\t\t\t<div class=\"col-inner\"  >\n\t\t\t\n\t\t\t\n\n<h3>Posso falar com membros da minha rede?<\/h3>\n<p>SIM, o rel\u00f3gio permite-lhe falar, enviar mensagens de voz e fazer videochamadas com membros da sua rede.<\/p>\n\n\t\t<\/div>\n\t\t\t\t\t<\/div>\n\n\t\n\n\t<div id=\"col-443641213\" class=\"col medium-6 small-12 large-6\"  >\n\t\t\t\t<div class=\"col-inner\"  >\n\t\t\t\n\t\t\t\n\n<h3>Posso comunicar com a minha rede fora do pa\u00eds? <\/h3>\n<p>SIM, o rel\u00f3gio eflea permite-lhe viajar para mais de 150 pa\u00edses em todo o mundo sem custos adicionais.<\/p>\n\n\t\t<\/div>\n\t\t\t\t\t<\/div>\n\n\t\n\n\t<div id=\"col-2100038875\" class=\"col medium-6 small-12 large-6\"  >\n\t\t\t\t<div class=\"col-inner\"  >\n\t\t\t\n\t\t\t\n\n<h3>Quanto tempo dura a pilha do rel\u00f3gio eflea? <\/h3>\n<p>O rel\u00f3gio eflea tem uma dura\u00e7\u00e3o de bateria superior a 2 dias (consoante a utiliza\u00e7\u00e3o). <\/p>\n\n\t\t<\/div>\n\t\t\t\t\t<\/div>\n\n\t\n\n\t<div id=\"col-341596368\" class=\"col medium-6 small-12 large-6\"  >\n\t\t\t\t<div class=\"col-inner\"  >\n\t\t\t\n\t\t\t\n\n<h3>O eflea watch \u00e9 seguro para as minhas informa\u00e7\u00f5es pessoais? <\/h3>\n<p>SIM, o rel\u00f3gio eflea \u00e9 o mais seguro do sector e utiliza as mais recentes tecnologias de encripta\u00e7\u00e3o do sector (Blockchain). Como o seu eflea watch n\u00e3o utiliza um n\u00famero local, n\u00e3o recebe qualquer comunica\u00e7\u00e3o externa da sua rede.<\/p>\n\n\t\t<\/div>\n\t\t\t\t\t<\/div>\n\n\t\n\n\t<div id=\"col-1564994139\" class=\"col medium-6 small-12 large-6\"  >\n\t\t\t\t<div class=\"col-inner\"  >\n\t\t\t\n\t\t\t\n\n<h3>O rel\u00f3gio eflea tem garantia?<\/h3>\n<p>SIM, o rel\u00f3gio eflea \u00e9 fornecido com uma garantia de 12 meses para pe\u00e7as e m\u00e3o de obra. Os danos f\u00edsicos n\u00e3o est\u00e3o cobertos.<\/p>\n\n\t\t<\/div>\n\t\t\t\t\t<\/div>\n\n\t\n\n\t<div id=\"col-910450894\" class=\"col medium-6 small-12 large-6\"  >\n\t\t\t\t<div class=\"col-inner\"  >\n\t\t\t\n\t\t\t\n\n<h3>Posso beneficiar de uma cobertura contra danos f\u00edsicos?<\/h3>\n<p>SIM eflea oferece uma garantia adicional contra a rutura f\u00edsica, ECare oferece uma garantia de 3 anos (<em><strong><a href=\"http:\/\/www.efleawatch.com\/pt\/o-plano-de-protecao-ecareprotection\/\">ver detalhes ECare<\/a><\/strong><\/em>).<\/p>\n\n\t\t<\/div>\n\t\t\t\t\t<\/div>\n\n\t\n\n\n<style>\n#row-1677676315 > .col > .col-inner {\n  padding: 30px 30px 30px 30px;\n}\n<\/style>\n<\/div>\n\n\t\t<\/div>\n\n\t\t\n<style>\n#section_1361962296 {\n  padding-top: 60px;\n  padding-bottom: 60px;\n  background-color: rgb(255,255,255);\n}\n<\/style>\n\t<\/section>","protected":false},"excerpt":{"rendered":"","protected":false},"author":1,"featured_media":0,"parent":0,"menu_order":0,"comment_status":"closed","ping_status":"closed","template":"page-blank.php","meta":{"footnotes":""},"class_list":["post-79","page","type-page","status-publish","hentry"],"_links":{"self":[{"href":"https:\/\/www.efleawatch.com\/pt\/wp-json\/wp\/v2\/pages\/79","targetHints":{"allow":["GET"]}}],"collection":[{"href":"https:\/\/www.efleawatch.com\/pt\/wp-json\/wp\/v2\/pages"}],"about":[{"href":"https:\/\/www.efleawatch.com\/pt\/wp-json\/wp\/v2\/types\/page"}],"author":[{"embeddable":true,"href":"https:\/\/www.efleawatch.com\/pt\/wp-json\/wp\/v2\/users\/1"}],"replies":[{"embeddable":true,"href":"https:\/\/www.efleawatch.com\/pt\/wp-json\/wp\/v2\/comments?post=79"}],"version-history":[{"count":1,"href":"https:\/\/www.efleawatch.com\/pt\/wp-json\/wp\/v2\/pages\/79\/revisions"}],"predecessor-version":[{"id":11189,"href":"https:\/\/www.efleawatch.com\/pt\/wp-json\/wp\/v2\/pages\/79\/revisions\/11189"}],"wp:attachment":[{"href":"https:\/\/www.efleawatch.com\/pt\/wp-json\/wp\/v2\/media?parent=79"}],"curies":[{"name":"wp","href":"https:\/\/api.w.org\/{rel}","templated":true}]}}