{"id":84,"date":"2022-05-11T19:06:15","date_gmt":"2022-05-11T19:06:15","guid":{"rendered":"http:\/\/localhost:8888\/test\/?page_id=520"},"modified":"2025-12-17T08:38:47","modified_gmt":"2025-12-17T08:38:47","slug":"a-propos","status":"publish","type":"page","link":"https:\/\/www.efleawatch.com\/pt\/a-propos\/","title":{"rendered":"Sobre n\u00f3s"},"content":{"rendered":"<div class=\"banner has-hover has-parallax\" id=\"banner-1929076744\">\n          <div class=\"banner-inner fill\">\n        <div class=\"banner-bg fill\" data-parallax=\"-3\" data-parallax-container=\".banner\" data-parallax-background>\n            <div class=\"bg fill bg-fill\"><\/div>\n                        <div class=\"overlay\"><\/div>            \n                    <\/div>\n\t\t\n        <div class=\"banner-layers container\">\n            <div class=\"fill banner-link\"><\/div>            \n\n   <div id=\"text-box-1062769598\" class=\"text-box banner-layer x90 md-x80 lg-x80 y70 md-y70 lg-y70 res-text\">\n                                <div class=\"text-box-content text dark\">\n              \n              <div class=\"text-inner text-right\">\n                  \n\n<h1 class=\"lead\">O rel\u00f3gio eflea<\/h1>\n\n              <\/div>\n           <\/div>\n                            \n<style>\n#text-box-1062769598 {\n  width: 100%;\n}\n#text-box-1062769598 .text-box-content {\n  font-size: 100%;\n}\n@media (min-width:550px) {\n  #text-box-1062769598 {\n    width: 64%;\n  }\n}\n<\/style>\n    <\/div>\n \n\n        <\/div>\n      <\/div>\n\n            \n<style>\n#banner-1929076744 {\n  padding-top: 407px;\n}\n#banner-1929076744 .bg.bg-loaded {\n  background-image: url(https:\/\/www.efleawatch.com\/wp-content\/uploads\/2024\/07\/7.jpg);\n}\n#banner-1929076744 .overlay {\n  background-color: rgba(0, 0, 0, 0.49);\n}\n#banner-1929076744 .bg {\n  background-position: 30% 35%;\n}\n<\/style>\n  <\/div>\n\n\n\t<section class=\"section\" id=\"section_343648118\">\n\t\t<div class=\"bg section-bg fill bg-fill  bg-loaded\" >\n\n\t\t\t\n\t\t\t\n\t\t\t\n\n\t\t<\/div>\n\n\t\t\n\n\t\t<div class=\"section-content relative\">\n\t\t\t\n\n\t<div id=\"gap-2015595237\" class=\"gap-element clearfix\" style=\"display:block; height:auto;\">\n\t\t\n<style>\n#gap-2015595237 {\n  padding-top: 30px;\n}\n<\/style>\n\t<\/div>\n\t\n\n<div class=\"row row-large align-middle\" style=\"max-width:1300px\" id=\"row-1328447090\">\n\n\n\t<div id=\"col-1085885877\" class=\"col medium-12 small-12 large-6\"  >\n\t\t\t\t<div class=\"col-inner\"  >\n\t\t\t\n\t\t\t\n\n\t<div class=\"img has-hover x md-x lg-x y md-y lg-y\" id=\"image_47254719\">\n\t\t\t\t\t\t\t\t<div class=\"img-inner dark\" >\n\t\t\t<img loading=\"lazy\" decoding=\"async\" width=\"600\" height=\"800\" src=\"https:\/\/www.efleawatch.com\/wp-content\/uploads\/2024\/07\/Watch-1-600x800.jpg\" class=\"attachment-large size-large\" alt=\"\" srcset=\"https:\/\/www.efleawatch.com\/wp-content\/uploads\/2024\/07\/Watch-1-600x800.jpg 600w, https:\/\/www.efleawatch.com\/wp-content\/uploads\/2024\/07\/Watch-1-300x400.jpg 300w, https:\/\/www.efleawatch.com\/wp-content\/uploads\/2024\/07\/Watch-1-768x1024.jpg 768w, https:\/\/www.efleawatch.com\/wp-content\/uploads\/2024\/07\/Watch-1-1152x1536.jpg 1152w, https:\/\/www.efleawatch.com\/wp-content\/uploads\/2024\/07\/Watch-1-9x12.jpg 9w, https:\/\/www.efleawatch.com\/wp-content\/uploads\/2024\/07\/Watch-1.jpg 1512w\" sizes=\"auto, (max-width: 600px) 100vw, 600px\" \/>\t\t\t\t\t\t\n\t\t\t\t\t<\/div>\n\t\t\t\t\t\t\t\t\n<style>\n#image_47254719 {\n  width: 100%;\n}\n<\/style>\n\t<\/div>\n\t\n\n\n\t\t<\/div>\n\t\t\t\t\t<\/div>\n\n\t\n\n\t<div id=\"col-1591290842\" class=\"col medium-10 small-12 large-6\"  >\n\t\t\t\t<div class=\"col-inner\"  >\n\t\t\t\n\t\t\t\n\n\t<div id=\"gap-605300759\" class=\"gap-element clearfix\" style=\"display:block; height:auto;\">\n\t\t\n<style>\n#gap-605300759 {\n  padding-top: 30px;\n}\n<\/style>\n\t<\/div>\n\t\n\n\t<div id=\"text-1968399503\" class=\"text\">\n\t\t\n\n<h2>A nossa hist\u00f3ria<\/h2>\n\t\t\n<style>\n#text-1968399503 {\n  font-size: 1.75rem;\n}\n<\/style>\n\t<\/div>\n\t\n<div class=\"is-divider divider clearfix\" style=\"max-width:100px;height:4px;background-color:rgb(45, 45, 45);\"><\/div>\n\n<p>H\u00e1 mais de 10 anos que desenvolvemos servi\u00e7os de seguran\u00e7a utilizando as mais recentes tecnologias em conetividade baseada em redes IoT. Juntamente com os nossos parceiros, orgulhamo-nos de oferecer as nossas solu\u00e7\u00f5es em toda a Am\u00e9rica do Norte e Europa.<\/p>\n<p>O rel\u00f3gio eflea \u00e9 a refer\u00eancia em tecnologia de seguran\u00e7a e oferece a melhor rela\u00e7\u00e3o qualidade\/pre\u00e7o do sector.<\/p>\n<a href=\"https:\/\/www.efleawatch.com\/pt\/contacto\/\" class=\"button primary is-outline is-small\"  style=\"border-radius:10px;padding:5px 30px 5px 30px;\">\n    <span>Contactar-nos<\/span>\n  <\/a>\n\n\n\n\t\t<\/div>\n\t\t\t\t\n<style>\n#col-1591290842 > .col-inner {\n  padding: 0px 0px 0px 0;\n}\n@media (min-width:550px) {\n  #col-1591290842 > .col-inner {\n    padding: 0px 0px 0px 30px;\n  }\n}\n<\/style>\n\t<\/div>\n\n\t\n\n<\/div>\n\t<div id=\"gap-1048590774\" class=\"gap-element clearfix\" style=\"display:block; height:auto;\">\n\t\t\n<style>\n#gap-1048590774 {\n  padding-top: 40px;\n}\n@media (min-width:550px) {\n  #gap-1048590774 {\n    padding-top: 80px;\n  }\n}\n<\/style>\n\t<\/div>\n\t\n\n<div class=\"row row-solid\" style=\"max-width:1300px\" id=\"row-1730052508\">\n\n\n\t<div id=\"col-1357200724\" class=\"col medium-6 small-12 large-3\"  >\n\t\t\t\t<div class=\"col-inner\"  >\n\t\t\t\n\t\t\t\n\n\t<div id=\"text-2435748248\" class=\"text\">\n\t\t\n\n<h2><span class=\"count-up\">16<\/span><\/h2>\n\t\t\n<style>\n#text-2435748248 {\n  font-size: 2.5rem;\n  text-align: center;\n}\n<\/style>\n\t<\/div>\n\t\n\t<div id=\"text-1764362744\" class=\"text\">\n\t\t\n\n<p>Pre\u00e7os comerciais<\/p>\n\t\t\n<style>\n#text-1764362744 {\n  text-align: center;\n}\n<\/style>\n\t<\/div>\n\t\n\n\t\t<\/div>\n\t\t\t\t\t<\/div>\n\n\t\n\n\t<div id=\"col-2030205833\" class=\"col medium-6 small-12 large-3\"  >\n\t\t\t\t<div class=\"col-inner\"  >\n\t\t\t\n\t\t\t\n\n\t<div id=\"text-2874403155\" class=\"text\">\n\t\t\n\n<h2><span class=\"count-up\">12<\/span><\/h2>\n\t\t\n<style>\n#text-2874403155 {\n  font-size: 2.5rem;\n  text-align: center;\n}\n<\/style>\n\t<\/div>\n\t\n\t<div id=\"text-2011421489\" class=\"text\">\n\t\t\n\n<p>Membros da equipa<\/p>\n\t\t\n<style>\n#text-2011421489 {\n  text-align: center;\n}\n<\/style>\n\t<\/div>\n\t\n\n\t\t<\/div>\n\t\t\t\t\t<\/div>\n\n\t\n\n\t<div id=\"col-1304168519\" class=\"col medium-6 small-12 large-3\"  >\n\t\t\t\t<div class=\"col-inner\"  >\n\t\t\t\n\t\t\t\n\n\t<div id=\"text-2384280773\" class=\"text\">\n\t\t\n\n<h2><span class=\"count-up\">64<\/span><\/h2>\n\t\t\n<style>\n#text-2384280773 {\n  font-size: 2.5rem;\n  text-align: center;\n}\n<\/style>\n\t<\/div>\n\t\n\t<div id=\"text-3125067106\" class=\"text\">\n\t\t\n\n<p>Localiza\u00e7\u00f5es em todo o mundo<\/p>\n\t\t\n<style>\n#text-3125067106 {\n  text-align: center;\n}\n<\/style>\n\t<\/div>\n\t\n\n\t\t<\/div>\n\t\t\t\t\t<\/div>\n\n\t\n\n\t<div id=\"col-1271719006\" class=\"col medium-6 small-12 large-3\"  >\n\t\t\t\t<div class=\"col-inner\"  >\n\t\t\t\n\t\t\t\n\n\t<div id=\"text-1830148720\" class=\"text\">\n\t\t\n\n<h2><span class=\"count-up\">45<\/span><\/h2>\n\t\t\n<style>\n#text-1830148720 {\n  font-size: 2.5rem;\n  text-align: center;\n}\n<\/style>\n\t<\/div>\n\t\n\t<div id=\"text-3219891380\" class=\"text\">\n\t\t\n\n<p>Pr\u00e9mios empresariais<\/p>\n\t\t\n<style>\n#text-3219891380 {\n  text-align: center;\n}\n<\/style>\n\t<\/div>\n\t\n\n\t\t<\/div>\n\t\t\t\t\t<\/div>\n\n\t\n\n<\/div>\n\n\t\t<\/div>\n\n\t\t\n<style>\n#section_343648118 {\n  padding-top: 50px;\n  padding-bottom: 50px;\n}\n@media (min-width:550px) {\n  #section_343648118 {\n    padding-top: 10px;\n    padding-bottom: 10px;\n  }\n}\n<\/style>\n\t<\/section>\n\t\n\t<section class=\"section\" id=\"section_639549071\">\n\t\t<div class=\"bg section-bg fill bg-fill  bg-loaded\" >\n\n\t\t\t\n\t\t\t\n\t\t\t\n\n\t\t<\/div>\n\n\t\t\n\n\t\t<div class=\"section-content relative\">\n\t\t\t\n\n<div class=\"row align-center\" style=\"max-width:1300px\" id=\"row-1793972172\">\n\n\n\t<div id=\"col-532307681\" class=\"col medium-8 small-12 large-6\"  >\n\t\t\t\t<div class=\"col-inner\"  >\n\t\t\t\n\t\t\t\n\n\t<div id=\"gap-1676015955\" class=\"gap-element clearfix\" style=\"display:block; height:auto;\">\n\t\t\n<style>\n#gap-1676015955 {\n  padding-top: 55px;\n}\n@media (min-width:550px) {\n  #gap-1676015955 {\n    padding-top: 100px;\n  }\n}\n<\/style>\n\t<\/div>\n\t\n\n\t<div id=\"text-1400824935\" class=\"text\">\n\t\t\n\n<h2>Os nossos servi\u00e7os para si<\/p>\n<\/h2>\n\t\t\n<style>\n#text-1400824935 {\n  font-size: 1.75rem;\n  text-align: center;\n  color: rgb(0,0,0);\n}\n#text-1400824935 > * {\n  color: rgb(0,0,0);\n}\n<\/style>\n\t<\/div>\n\t\n<div class=\"text-center\"><div class=\"is-divider divider clearfix\" style=\"max-width:100px;height:4px;background-color:rgb(46, 180, 91);\"><\/div><\/div>\n\n\t<div id=\"gap-1574241883\" class=\"gap-element clearfix\" style=\"display:block; height:auto;\">\n\t\t\n<style>\n#gap-1574241883 {\n  padding-top: 40px;\n}\n@media (min-width:550px) {\n  #gap-1574241883 {\n    padding-top: 150px;\n  }\n}\n@media (min-width:850px) {\n  #gap-1574241883 {\n    padding-top: 101px;\n  }\n}\n<\/style>\n\t<\/div>\n\t\n\n\n\t\t<\/div>\n\t\t\t\t\t<\/div>\n\n\t\n\n<\/div>\n<div class=\"row\" style=\"max-width:1300px\" id=\"row-1777971051\">\n\n\n\t<div id=\"col-1247246049\" class=\"col small-12 large-12\"  >\n\t\t\t\t<div class=\"col-inner\"  >\n\t\t\t\n\t\t\t\n\n\n  <div class=\"banner has-hover\" id=\"banner-2065427354\">\n          <div class=\"banner-inner fill\">\n        <div class=\"banner-bg fill\" >\n            <div class=\"bg fill bg-fill\"><\/div>\n                                    \n                    <\/div>\n\t\t\n        <div class=\"banner-layers container\">\n            <div class=\"fill banner-link\"><\/div>            \n\n\n        <\/div>\n      <\/div>\n\n            \n<style>\n#banner-2065427354 {\n  padding-top: 55%;\n  background-color: rgb(224, 224, 224);\n}\n@media (min-width:550px) {\n  #banner-2065427354 {\n    padding-top: 350px;\n  }\n}\n@media (min-width:850px) {\n  #banner-2065427354 {\n    padding-top: 550px;\n  }\n}\n<\/style>\n  <\/div>\n\n\n\n\t\t<\/div>\n\t\t\t\t\t<\/div>\n\n\t\n\n<\/div>\n<div class=\"row align-center\" style=\"max-width:1300px\" id=\"row-1384805194\">\n\n\n\t<div id=\"col-673918667\" class=\"col medium-11 small-11 large-9\"  >\n\t\t\t\t<div class=\"col-inner\"  >\n\t\t\t\n\t\t\t\n\n\n\n<div style=\"padding:56.26% 0 0 0;position:relative;\" id=\"videofr\">\n  <iframe src=\"https:\/\/player.vimeo.com\/video\/852164001?h=852164001&#038;color=2eb45b&#038;title=0&#038;byline=0&#038;portrait=0\"\n    style=\"position:absolute;top:0;left:0;width:100%;height:100%;\" frameborder=\"0\"\n    allow=\"autoplay; fullscreen; picture-in-picture\" allowfullscreen>\n  <\/iframe>\n<\/div>\n\n<div style=\"padding:56.26% 0 0 0;position:relative;\" id=\"videoen\" class=\"displaynon\">\n  <iframe src=\"https:\/\/player.vimeo.com\/video\/866806543?h=49147ea944&#038;color=2eb45b&#038;title=0&#038;byline=0&#038;portrait=0\"\n    style=\"position:absolute;top:0;left:0;width:100%;height:100%;\" frameborder=\"0\"\n    allow=\"autoplay; fullscreen; picture-in-picture\" allowfullscreen>\n  <\/iframe>\n<\/div>\n\n<div style=\"padding:56.26% 0 0 0;position:relative;\" id=\"videosp\" class=\"displaynon\">\n  <iframe src=\"https:\/\/player.vimeo.com\/video\/1138868586?h=49147ea944&#038;color=2eb45b&#038;title=0&#038;byline=0&#038;portrait=0\"\n    style=\"position:absolute;top:0;left:0;width:100%;height:100%;\" frameborder=\"0\"\n    allow=\"autoplay; fullscreen; picture-in-picture\" allowfullscreen>\n  <\/iframe>\n<\/div>\n\n<div style=\"padding:56.26% 0 0 0;position:relative;\" id=\"videopor\" class=\"displaynon\">\n  <iframe src=\"https:\/\/player.vimeo.com\/video\/1138873224?h=49147ea944&#038;color=2eb45b&#038;title=0&#038;byline=0&#038;portrait=0\"\n    style=\"position:absolute;top:0;left:0;width:100%;height:100%;\" frameborder=\"0\"\n    allow=\"autoplay; fullscreen; picture-in-picture\" allowfullscreen>\n  <\/iframe>\n<\/div>\n\n<script src=\"https:\/\/player.vimeo.com\/api\/player.js\"><\/script>\n\n\n\t\t<\/div>\n\t\t\t\t\n<style>\n#col-673918667 > .col-inner {\n  margin: -270px 0px 0px 0px;\n}\n@media (min-width:550px) {\n  #col-673918667 > .col-inner {\n    margin: -550px 0px 0px 0px;\n  }\n}\n@media (min-width:850px) {\n  #col-673918667 > .col-inner {\n    margin: -690px 0px 0px 0px;\n  }\n}\n<\/style>\n\t<\/div>\n\n\t\n\n<\/div>\n\n\t\t<\/div>\n\n\t\t\n<style>\n#section_639549071 {\n  padding-top: 0px;\n  padding-bottom: 0px;\n  background-color: rgb(247, 234, 200);\n}\n<\/style>\n\t<\/section>\n\t\n\t<section class=\"section\" id=\"section_1504253070\">\n\t\t<div class=\"bg section-bg fill bg-fill  bg-loaded\" >\n\n\t\t\t\n\t\t\t\n\t\t\t\n\n\t\t<\/div>\n\n\t\t\n\n\t\t<div class=\"section-content relative\">\n\t\t\t\n\n\t<div id=\"text-1060899406\" class=\"text\">\n\t\t\n\n<h2>Conhe\u00e7a a nossa equipa<\/h2>\n\t\t\n<style>\n#text-1060899406 {\n  font-size: 1.75rem;\n  text-align: center;\n}\n<\/style>\n\t<\/div>\n\t\n<div class=\"row\"  id=\"row-2123338624\">\n\n\n\t<div id=\"col-1435194076\" class=\"col small-12 large-12\"  >\n\t\t\t\t<div class=\"col-inner\"  >\n\t\t\t\n\t\t\t\n\n<div class=\"row row-collapse align-middle\"  id=\"row-1978101387\">\n\n\n\t<div id=\"col-655646047\" class=\"col medium-5 small-12 large-4\"  >\n\t\t\t\t<div class=\"col-inner\"  >\n\t\t\t\n\t\t\t\n\n\n  <div class=\"banner has-hover\" id=\"banner-1663795713\">\n          <div class=\"banner-inner fill\">\n        <div class=\"banner-bg fill\" >\n            <div class=\"bg fill bg-fill\"><\/div>\n                                    \n                    <\/div>\n\t\t\n        <div class=\"banner-layers container\">\n            <div class=\"fill banner-link\"><\/div>            \n\n\n        <\/div>\n      <\/div>\n\n            \n<style>\n#banner-1663795713 {\n  padding-top: 400px;\n  background-color: rgb(244, 244, 244);\n}\n#banner-1663795713 .bg.bg-loaded {\n  background-image: url(https:\/\/www.efleawatch.com\/wp-content\/uploads\/2023\/09\/IMG_1306-600x800.jpeg);\n}\n@media (min-width:550px) {\n  #banner-1663795713 {\n    padding-top: 500px;\n  }\n}\n<\/style>\n  <\/div>\n\n\n\n\t\t<\/div>\n\t\t\t\t\t<\/div>\n\n\t\n\n\t<div id=\"col-974297361\" class=\"col team-sorted-info medium-7 small-12 large-8\"  >\n\t\t\t\t<div class=\"col-inner\"  >\n\t\t\t\n\t\t\t\n\n<h2>Pierre Bouillon<br \/>\n<\/h2>\n<h6>DIRECTOR GERAL<\/h6>\n\t<div id=\"gap-1823449880\" class=\"gap-element clearfix\" style=\"display:block; height:auto;\">\n\t\t\n<style>\n#gap-1823449880 {\n  padding-top: 20px;\n}\n<\/style>\n\t<\/div>\n\t\n\n<p>Apaixonados pela investiga\u00e7\u00e3o e desenvolvimento de novas tecnologias, inici\u00e1mos em 2018 o nosso trabalho para criar o eflea. O rel\u00f3gio eflea tornou-se, desde ent\u00e3o, a refer\u00eancia para os servi\u00e7os de seguran\u00e7a.<\/p>\n<p>Com mais de 30 anos de experi\u00eancia em vendas e no desenvolvimento de novas tecnologias nos sectores dos seguros e da sa\u00fade, deix\u00e1mos a nossa marca em 2002 ao implementar a primeira rede de rastreio de retinopatia no Canad\u00e1.<\/p>\n<div class=\"is-divider divider clearfix\" style=\"margin-top:1.2em;margin-bottom:1.2em;max-width:100%;height:2px;background-color:rgba(0, 0, 0, 0.09);\"><\/div>\n\n<div class=\"row row-small\"  id=\"row-274784817\">\n\n\n\t<div id=\"col-1547048797\" class=\"col medium-12 small-12 large-7\"  >\n\t\t\t\t<div class=\"col-inner\"  >\n\t\t\t\n\t\t\t\n\n<div class=\"social-icons follow-icons full-width text-left\" style=\"font-size:90%\"><a href=\"#\" target=\"_blank\" data-label=\"Facebook\" class=\"icon plain facebook tooltip\" title=\"Follow on Facebook\" aria-label=\"Follow on Facebook\" rel=\"noopener nofollow\" ><i class=\"icon-facebook\" ><\/i><\/a><a href=\"#\" target=\"_blank\" data-label=\"Instagram\" class=\"icon plain instagram tooltip\" title=\"Follow on Instagram\" aria-label=\"Follow on Instagram\" rel=\"noopener nofollow\" ><i class=\"icon-instagram\" ><\/i><\/a><a href=\"#\" data-label=\"LinkedIn\" target=\"_blank\" class=\"icon plain linkedin tooltip\" title=\"Follow on LinkedIn\" aria-label=\"Follow on LinkedIn\" rel=\"noopener nofollow\" ><i class=\"icon-linkedin\" ><\/i><\/a><\/div>\n\n\n\t\t<\/div>\n\t\t\t\t\t<\/div>\n\n\t\n\n\t<div id=\"col-144027397\" class=\"col medium-12 small-12 large-5\"  >\n\t\t\t\t<div class=\"col-inner\"  >\n\t\t\t\n\t\t\t\n\n\n\t\t<\/div>\n\t\t\t\t\t<\/div>\n\n\t\n\n<\/div>\n\n\t\t<\/div>\n\t\t\t\t\n<style>\n#col-974297361 > .col-inner {\n  padding: 40px 40px 40px 40px;\n}\n<\/style>\n\t<\/div>\n\n\t\n\n<\/div>\n\n\t\t<\/div>\n\t\t\t\t\n<style>\n#col-1435194076 > .col-inner {\n  margin: 10px 0px 10px 0px;\n}\n<\/style>\n\t<\/div>\n\n\t\n\n\n<style>\n#row-2123338624 > .col > .col-inner {\n  background-color: rgb(255,255,255);\n}\n<\/style>\n<\/div>\n<div class=\"row\"  id=\"row-525152189\">\n\n\n\t<div id=\"col-192144054\" class=\"col small-12 large-12\"  >\n\t\t\t\t<div class=\"col-inner\"  >\n\t\t\t\n\t\t\t\n\n<div class=\"row row-collapse align-middle\"  id=\"row-1072204138\">\n\n\n\t<div id=\"col-1975776119\" class=\"col team-sorted-info medium-7 small-12 large-8\"  >\n\t\t\t\t<div class=\"col-inner\"  >\n\t\t\t\n\t\t\t\n\n<h2>Jos\u00e9e Quirion<br \/>\n<\/h2>\n\t<div id=\"gap-637542809\" class=\"gap-element clearfix\" style=\"display:block; height:auto;\">\n\t\t\n<style>\n#gap-637542809 {\n  padding-top: 20px;\n}\n<\/style>\n\t<\/div>\n\t\n\n<p>Especializada em rela\u00e7\u00f5es B-to-B e B-to-C h\u00e1 mais de 15 anos, \u00e9 uma profissional experiente no estabelecimento de liga\u00e7\u00f5es e comunica\u00e7\u00f5es com veterin\u00e1rios, farmac\u00eauticos e lares de idosos.<\/p>\n<div class=\"is-divider divider clearfix\" style=\"margin-top:1.2em;margin-bottom:1.2em;max-width:100%;height:2px;background-color:rgba(0, 0, 0, 0.09);\"><\/div>\n\n<div class=\"row row-small\"  id=\"row-267026577\">\n\n\n\t<div id=\"col-1560646076\" class=\"col medium-12 small-12 large-7\"  >\n\t\t\t\t<div class=\"col-inner\"  >\n\t\t\t\n\t\t\t\n\n<div class=\"social-icons follow-icons full-width text-left\" style=\"font-size:90%\"><a href=\"#\" target=\"_blank\" data-label=\"Facebook\" class=\"icon plain facebook tooltip\" title=\"Follow on Facebook\" aria-label=\"Follow on Facebook\" rel=\"noopener nofollow\" ><i class=\"icon-facebook\" ><\/i><\/a><a href=\"#\" target=\"_blank\" data-label=\"Instagram\" class=\"icon plain instagram tooltip\" title=\"Follow on Instagram\" aria-label=\"Follow on Instagram\" rel=\"noopener nofollow\" ><i class=\"icon-instagram\" ><\/i><\/a><a href=\"#\" data-label=\"LinkedIn\" target=\"_blank\" class=\"icon plain linkedin tooltip\" title=\"Follow on LinkedIn\" aria-label=\"Follow on LinkedIn\" rel=\"noopener nofollow\" ><i class=\"icon-linkedin\" ><\/i><\/a><\/div>\n\n\n\t\t<\/div>\n\t\t\t\t\t<\/div>\n\n\t\n\n\t<div id=\"col-695685301\" class=\"col medium-12 small-12 large-5\"  >\n\t\t\t\t<div class=\"col-inner\"  >\n\t\t\t\n\t\t\t\n\n\n\t\t<\/div>\n\t\t\t\t\t<\/div>\n\n\t\n\n<\/div>\n\n\t\t<\/div>\n\t\t\t\t\n<style>\n#col-1975776119 > .col-inner {\n  padding: 40px 40px 40px 40px;\n}\n<\/style>\n\t<\/div>\n\n\t\n\n\t<div id=\"col-586662965\" class=\"col medium-5 small-12 large-4 small-col-first\"  >\n\t\t\t\t<div class=\"col-inner\"  >\n\t\t\t\n\t\t\t\n\n\n  <div class=\"banner has-hover\" id=\"banner-852268170\">\n          <div class=\"banner-inner fill\">\n        <div class=\"banner-bg fill\" >\n            <div class=\"bg fill bg-fill\"><\/div>\n                                    \n                    <\/div>\n\t\t\n        <div class=\"banner-layers container\">\n            <div class=\"fill banner-link\"><\/div>            \n\n\n        <\/div>\n      <\/div>\n\n            \n<style>\n#banner-852268170 {\n  padding-top: 400px;\n  background-color: rgb(244, 244, 244);\n}\n#banner-852268170 .bg.bg-loaded {\n  background-image: url(https:\/\/www.efleawatch.com\/wp-content\/uploads\/2023\/09\/IMG_1301-600x800.jpeg);\n}\n@media (min-width:550px) {\n  #banner-852268170 {\n    padding-top: 500px;\n  }\n}\n<\/style>\n  <\/div>\n\n\n\n\t\t<\/div>\n\t\t\t\t\t<\/div>\n\n\t\n\n<\/div>\n\n\t\t<\/div>\n\t\t\t\t\n<style>\n#col-192144054 > .col-inner {\n  margin: 10px 0px 10px 0px;\n}\n<\/style>\n\t<\/div>\n\n\t\n\n\n<style>\n#row-525152189 > .col > .col-inner {\n  background-color: rgb(255,255,255);\n}\n<\/style>\n<\/div>\n<div class=\"row\"  id=\"row-611954602\">\n\n\n\t<div id=\"col-115367566\" class=\"col small-12 large-12\"  >\n\t\t\t\t<div class=\"col-inner\"  >\n\t\t\t\n\t\t\t\n\n<div class=\"row row-collapse align-middle\"  id=\"row-1269626407\">\n\n\n\t<div id=\"col-1123887012\" class=\"col medium-5 small-12 large-4\"  >\n\t\t\t\t<div class=\"col-inner\"  >\n\t\t\t\n\t\t\t\n\n\n\t\t<\/div>\n\t\t\t\t\t<\/div>\n\n\t\n\n\t<div id=\"col-105406535\" class=\"col team-sorted-info medium-7 small-12 large-8\"  >\n\t\t\t\t<div class=\"col-inner\"  >\n\t\t\t\n\t\t\t\n\n<h2>Pierre Petitclerc<br \/>\n<\/h6>\n\t<div id=\"gap-1536687287\" class=\"gap-element clearfix\" style=\"display:block; height:auto;\">\n\t\t\n<style>\n#gap-1536687287 {\n  padding-top: 20px;\n}\n<\/style>\n\t<\/div>\n\t\n\n<p>Com mais de 30 anos de experi\u00eancia em vendas, ocupou v\u00e1rios cargos, incluindo representante farmac\u00eautico s\u00e9nior, formador\/coach, gestor de desenvolvimento estrat\u00e9gico, gestor de grandes contas e optimiza as vendas utilizando modelos digitais.<\/p>\n<div class=\"is-divider divider clearfix\" style=\"margin-top:1.2em;margin-bottom:1.2em;max-width:100%;height:2px;background-color:rgba(0, 0, 0, 0.09);\"><\/div>\n\n<div class=\"row row-small\"  id=\"row-1571153145\">\n\n\n\t<div id=\"col-1658661824\" class=\"col medium-12 small-12 large-7\"  >\n\t\t\t\t<div class=\"col-inner\"  >\n\t\t\t\n\t\t\t\n\n<div class=\"social-icons follow-icons full-width text-left\" style=\"font-size:90%\"><a href=\"#\" target=\"_blank\" data-label=\"Facebook\" class=\"icon plain facebook tooltip\" title=\"Follow on Facebook\" aria-label=\"Follow on Facebook\" rel=\"noopener nofollow\" ><i class=\"icon-facebook\" ><\/i><\/a><a href=\"#\" target=\"_blank\" data-label=\"Instagram\" class=\"icon plain instagram tooltip\" title=\"Follow on Instagram\" aria-label=\"Follow on Instagram\" rel=\"noopener nofollow\" ><i class=\"icon-instagram\" ><\/i><\/a><a href=\"#\" data-label=\"LinkedIn\" target=\"_blank\" class=\"icon plain linkedin tooltip\" title=\"Follow on LinkedIn\" aria-label=\"Follow on LinkedIn\" rel=\"noopener nofollow\" ><i class=\"icon-linkedin\" ><\/i><\/a><\/div>\n\n\n\t\t<\/div>\n\t\t\t\t\t<\/div>\n\n\t\n\n<\/div>\n\n\t\t<\/div>\n\t\t\t\t\n<style>\n#col-105406535 > .col-inner {\n  padding: 40px 40px 40px 40px;\n}\n<\/style>\n\t<\/div>\n\n\t\n\n<\/div>\n\n\t\t<\/div>\n\t\t\t\t\n<style>\n#col-115367566 > .col-inner {\n  margin: 10px 0px 10px 0px;\n}\n<\/style>\n\t<\/div>\n\n\t\n\n\n<style>\n#row-611954602 > .col > .col-inner {\n  background-color: rgb(255,255,255);\n}\n<\/style>\n<\/div>\n\n\t\t<\/div>\n\n\t\t\n<style>\n#section_1504253070 {\n  padding-top: 60px;\n  padding-bottom: 60px;\n  background-color: rgb(228, 228, 228);\n}\n<\/style>\n\t<\/section>\n\t\n\t<section class=\"section has-parallax\" id=\"section_1754010828\">\n\t\t<div class=\"bg section-bg fill bg-fill\" data-parallax-container=\".section\" data-parallax-background data-parallax=\"-3\">\n\n\t\t\t\n\t\t\t<div class=\"section-bg-overlay absolute fill\"><\/div>\n\t\t\t\n\n\t\t<\/div>\n\n\t\t\n\n\t\t<div class=\"section-content relative\">\n\t\t\t\n\n<div class=\"row align-right\" style=\"max-width:1300px\" id=\"row-1536293854\">\n\n\n\t<div id=\"col-50792147\" class=\"col medium-8 small-12 large-6\"  >\n\t\t\t\t<div class=\"col-inner text-center\"  >\n\t\t\t\n\t\t\t\n\n\t<div id=\"gap-172610094\" class=\"gap-element clearfix\" style=\"display:block; height:auto;\">\n\t\t\n<style>\n#gap-172610094 {\n  padding-top: 100px;\n}\n@media (min-width:550px) {\n  #gap-172610094 {\n    padding-top: 30px;\n  }\n}\n<\/style>\n\t<\/div>\n\t\n\n\t<div id=\"text-3093980369\" class=\"text\">\n\t\t\n\n<h3>Gra\u00e7as ao rel\u00f3gio eflea, estar\u00e1 seguro onde quer que esteja!<\/h3>\n\t\t\n<style>\n#text-3093980369 {\n  font-size: 1.2rem;\n  text-align: center;\n  color: rgb(255, 255, 255);\n}\n#text-3093980369 > * {\n  color: rgb(255, 255, 255);\n}\n@media (min-width:550px) {\n  #text-3093980369 {\n    font-size: 1.75rem;\n  }\n}\n<\/style>\n\t<\/div>\n\t\n<a href=\"https:\/\/www.efleawatch.com\/pt\/produto\/assistir\/\" class=\"button primary\"  style=\"border-radius:10px;padding:5px 30px 5px 30px;\">\n    <span>Atuar agora<\/span>\n  <\/a>\n\n\n\n\t\t<\/div>\n\t\t\t\t\t<\/div>\n\n\t\n\n<\/div>\n\n\t\t<\/div>\n\n\t\t\n<style>\n#section_1754010828 {\n  padding-top: 50px;\n  padding-bottom: 50px;\n  background-color: #2eb45b;\n}\n#section_1754010828 .section-bg-overlay {\n  background-color: rgba(0,0,0,.5);\n}\n#section_1754010828 .section-bg.bg-loaded {\n  background-image: url(https:\/\/www.efleawatch.com\/wp-content\/uploads\/2024\/07\/4.jpg);\n}\n#section_1754010828 .section-bg {\n  background-position: 81% 56%;\n}\n<\/style>\n\t<\/section>","protected":false},"excerpt":{"rendered":"","protected":false},"author":1,"featured_media":18,"parent":0,"menu_order":0,"comment_status":"closed","ping_status":"closed","template":"page-blank.php","meta":{"footnotes":""},"class_list":["post-84","page","type-page","status-publish","has-post-thumbnail","hentry"],"_links":{"self":[{"href":"https:\/\/www.efleawatch.com\/pt\/wp-json\/wp\/v2\/pages\/84","targetHints":{"allow":["GET"]}}],"collection":[{"href":"https:\/\/www.efleawatch.com\/pt\/wp-json\/wp\/v2\/pages"}],"about":[{"href":"https:\/\/www.efleawatch.com\/pt\/wp-json\/wp\/v2\/types\/page"}],"author":[{"embeddable":true,"href":"https:\/\/www.efleawatch.com\/pt\/wp-json\/wp\/v2\/users\/1"}],"replies":[{"embeddable":true,"href":"https:\/\/www.efleawatch.com\/pt\/wp-json\/wp\/v2\/comments?post=84"}],"version-history":[{"count":9,"href":"https:\/\/www.efleawatch.com\/pt\/wp-json\/wp\/v2\/pages\/84\/revisions"}],"predecessor-version":[{"id":11431,"href":"https:\/\/www.efleawatch.com\/pt\/wp-json\/wp\/v2\/pages\/84\/revisions\/11431"}],"wp:featuredmedia":[{"embeddable":true,"href":"https:\/\/www.efleawatch.com\/pt\/wp-json\/wp\/v2\/media\/18"}],"wp:attachment":[{"href":"https:\/\/www.efleawatch.com\/pt\/wp-json\/wp\/v2\/media?parent=84"}],"curies":[{"name":"wp","href":"https:\/\/api.w.org\/{rel}","templated":true}]}}