{"id":9574,"date":"2023-06-16T13:01:28","date_gmt":"2023-06-16T13:01:28","guid":{"rendered":"http:\/\/www.efleawatch.com\/?page_id=9574"},"modified":"2023-07-05T10:15:39","modified_gmt":"2023-07-05T10:15:39","slug":"expedition","status":"publish","type":"page","link":"https:\/\/www.efleawatch.com\/pt\/expedition\/","title":{"rendered":"Exp\u00e9dition"},"content":{"rendered":"<div id=\"page-header-1407765124\" class=\"page-header-wrapper\">\n  <div class=\"page-title dark featured-title\">\n\n        <div class=\"page-title-bg\">\n      <div class=\"title-bg fill bg-fill\"\n        data-parallax-container=\".page-title\"\n        data-parallax-background\n data-parallax=\"-\">\n      <\/div>\n      <div class=\"title-overlay fill\"><\/div>\n    <\/div>\n    \n    <div class=\"page-title-inner container align-center flex-row medium-flex-wrap\" >\n              <div class=\"title-wrapper flex-col text-left medium-text-center\">\n          <h1 class=\"entry-title mb-0\">\n            Exp\u00e9dition          <\/h1>\n        <\/div>\n                    <div class=\"title-content flex-col flex-right text-right medium-text-center\">\n        <div class=\"title-breadcrumbs pb-half pt-half\"><nav class=\"woocommerce-breadcrumb breadcrumbs uppercase\" data-no-translation=\"\" data-trp-gettext=\"\">In\u00edcio<\/nav><\/div>      <\/div>\n    <\/div>\n\n     \n<style>\n#page-header-1407765124 .title-bg {\n  background-image: 8799;\n}\n<\/style>\n  <\/div>\n    <\/div>\n  \n\n\t<section class=\"section\" id=\"section_369942251\">\n\t\t<div class=\"bg section-bg fill bg-fill  bg-loaded\" >\n\n\t\t\t\n\t\t\t\n\t\t\t\n\n\t\t<\/div>\n\n\t\t\n\n\t\t<div class=\"section-content relative\">\n\t\t\t\n\n\t<div id=\"gap-1562923940\" class=\"gap-element clearfix\" style=\"display:block; height:auto;\">\n\t\t\n<style>\n#gap-1562923940 {\n  padding-top: 30px;\n}\n<\/style>\n\t<\/div>\n\t\n\n<div class=\"row row-small align-middle\"  id=\"row-1332706250\">\n\n\n\t<div id=\"col-241094264\" class=\"col medium-6 small-12 large-3\"  >\n\t\t\t\t<div class=\"col-inner\"  >\n\t\t\t\n\t\t\t\n\n\n  <div class=\"banner has-hover\" id=\"banner-2083158468\">\n          <div class=\"banner-inner fill\">\n        <div class=\"banner-bg fill\" >\n            <div class=\"bg fill bg-fill\"><\/div>\n                                    \n                    <\/div>\n\t\t\n        <div class=\"banner-layers container\">\n            <div class=\"fill banner-link\"><\/div>            \n\n\n        <\/div>\n      <\/div>\n\n            \n<style>\n#banner-2083158468 {\n  padding-top: 99.99%;\n  background-color: rgb(255, 255, 255);\n}\n#banner-2083158468 .bg.bg-loaded {\n  background-image: 9282;\n}\n#banner-2083158468 .bg {\n  background-position: 42% 21%;\n}\n@media (min-width:550px) {\n  #banner-2083158468 {\n    padding-top: 400px;\n  }\n}\n@media (min-width:850px) {\n  #banner-2083158468 {\n    padding-top: 300px;\n  }\n}\n<\/style>\n  <\/div>\n\n\n\n\t\t<\/div>\n\t\t\t\t\t<\/div>\n\n\t\n\n\t<div id=\"col-287822193\" class=\"col medium-6 small-12 large-3\"  >\n\t\t\t\t<div class=\"col-inner\"  >\n\t\t\t\n\t\t\t\n\n\n  <div class=\"banner has-hover\" id=\"banner-1407346441\">\n          <div class=\"banner-inner fill\">\n        <div class=\"banner-bg fill\" >\n            <div class=\"bg fill bg-fill\"><\/div>\n                                    \n                    <\/div>\n\t\t\n        <div class=\"banner-layers container\">\n            <div class=\"fill banner-link\"><\/div>            \n\n\n        <\/div>\n      <\/div>\n\n            \n<style>\n#banner-1407346441 {\n  padding-top: 99.99%;\n  background-color: rgb(255, 255, 255);\n}\n#banner-1407346441 .bg.bg-loaded {\n  background-image: 8686;\n}\n#banner-1407346441 .bg {\n  background-position: 73% 83%;\n}\n@media (min-width:550px) {\n  #banner-1407346441 {\n    padding-top: 400px;\n  }\n}\n@media (min-width:850px) {\n  #banner-1407346441 {\n    padding-top: 420px;\n  }\n}\n<\/style>\n  <\/div>\n\n\n\n\t\t<\/div>\n\t\t\t\t\t<\/div>\n\n\t\n\n\t<div id=\"col-844577831\" class=\"col medium-12 small-12 large-6\"  >\n\t\t\t\t<div class=\"col-inner\"  >\n\t\t\t\n\t\t\t\n\n\t<div id=\"gap-1427759739\" class=\"gap-element clearfix\" style=\"display:block; height:auto;\">\n\t\t\n<style>\n#gap-1427759739 {\n  padding-top: 15px;\n}\n@media (min-width:850px) {\n  #gap-1427759739 {\n    padding-top: 30px;\n  }\n}\n<\/style>\n\t<\/div>\n\t\n\n\t<div id=\"text-32034878\" class=\"text\">\n\t\t\n\n<h2>Exp\u00e9dition depuis l&rsquo;Europe<\/h2>\n\n\t\t\n<style>\n#text-32034878 {\n  font-size: 1.5rem;\n}\n<\/style>\n\t<\/div>\n\t\n<p><em><strong>Rapide et fiable<\/strong><\/em><br \/><em><strong>Tous nos produits sont emball\u00e9s dans des emballages discrets fabriqu\u00e9s \u00e0 partir de mat\u00e9riaux recycl\u00e9s et sont totalement inodores. Notre \u00e9quipe travaille avec le plus grand soin et veille \u00e0 ce que le traitement soit effectu\u00e9 rapidement. Les livraisons avec notre partenaire d&rsquo;exp\u00e9dition GLS sont toujours effectu\u00e9es du lundi au samedi.<\/strong><\/em><\/p>\n<p>Les frais de livraison en Allemagne sont de 10,54 \u20ac<br \/>Les commandes d&rsquo;une valeur d&rsquo;achat de 60 \u20ac ou plus peuvent \u00eatre s\u00e9lectionn\u00e9es gratuitement en combinaison avec un code de bon d&rsquo;achat valable pour l&rsquo;exp\u00e9dition !<\/p>\n<p><span class=\"HwtZe\" lang=\"fr\">\u00a0<\/span><\/p>\n\n\t\t<\/div>\n\t\t\t\t\n<style>\n#col-844577831 > .col-inner {\n  padding: 0px 0px 0px 0;\n}\n@media (min-width:850px) {\n  #col-844577831 > .col-inner {\n    padding: 0px 0px 0px 10%;\n  }\n}\n<\/style>\n\t<\/div>\n\n\t\n\n<\/div>\n\n\t\t<\/div>\n\n\t\t\n<style>\n#section_369942251 {\n  padding-top: 30px;\n  padding-bottom: 30px;\n}\n<\/style>\n\t<\/section>","protected":false},"excerpt":{"rendered":"","protected":false},"author":1,"featured_media":0,"parent":0,"menu_order":0,"comment_status":"closed","ping_status":"closed","template":"page-blank.php","meta":{"footnotes":""},"class_list":["post-9574","page","type-page","status-publish","hentry"],"_links":{"self":[{"href":"https:\/\/www.efleawatch.com\/pt\/wp-json\/wp\/v2\/pages\/9574","targetHints":{"allow":["GET"]}}],"collection":[{"href":"https:\/\/www.efleawatch.com\/pt\/wp-json\/wp\/v2\/pages"}],"about":[{"href":"https:\/\/www.efleawatch.com\/pt\/wp-json\/wp\/v2\/types\/page"}],"author":[{"embeddable":true,"href":"https:\/\/www.efleawatch.com\/pt\/wp-json\/wp\/v2\/users\/1"}],"replies":[{"embeddable":true,"href":"https:\/\/www.efleawatch.com\/pt\/wp-json\/wp\/v2\/comments?post=9574"}],"version-history":[{"count":0,"href":"https:\/\/www.efleawatch.com\/pt\/wp-json\/wp\/v2\/pages\/9574\/revisions"}],"wp:attachment":[{"href":"https:\/\/www.efleawatch.com\/pt\/wp-json\/wp\/v2\/media?parent=9574"}],"curies":[{"name":"wp","href":"https:\/\/api.w.org\/{rel}","templated":true}]}}