{"id":9583,"date":"2023-06-16T16:06:45","date_gmt":"2023-06-16T16:06:45","guid":{"rendered":"http:\/\/www.efleawatch.com\/?page_id=9583"},"modified":"2023-07-27T11:37:45","modified_gmt":"2023-07-27T11:37:45","slug":"condicoes-gerais-de-venda","status":"publish","type":"page","link":"https:\/\/www.efleawatch.com\/pt\/conditions-generales-de-ventes\/","title":{"rendered":"Condi\u00e7\u00f5es gerais de venda"},"content":{"rendered":"<div id=\"page-header-785831354\" class=\"page-header-wrapper\">\n  <div class=\"page-title dark featured-title\">\n\n        <div class=\"page-title-bg\">\n      <div class=\"title-bg fill bg-fill\"\n        data-parallax-container=\".page-title\"\n        data-parallax-background\n data-parallax=\"-\">\n      <\/div>\n      <div class=\"title-overlay fill\"><\/div>\n    <\/div>\n    \n    <div class=\"page-title-inner container align-center flex-row medium-flex-wrap\" >\n              <div class=\"title-wrapper flex-col text-left medium-text-center\">\n          <h1 class=\"entry-title mb-0\">\n            Termos e condi\u00e7\u00f5es de utiliza\u00e7\u00e3o          <\/h1>\n        <\/div>\n                    <div class=\"title-content flex-col flex-right text-right medium-text-center\">\n        <div class=\"title-breadcrumbs pb-half pt-half\"><nav class=\"woocommerce-breadcrumb breadcrumbs uppercase\" data-no-translation=\"\" data-trp-gettext=\"\">In\u00edcio<\/nav><\/div>      <\/div>\n    <\/div>\n\n     \n<style>\n#page-header-785831354 .featured-title {\n  background-color: #25292b;\n}\n<\/style>\n  <\/div>\n    <\/div>\n  \n\n\t<section class=\"section\" id=\"section_556532462\">\n\t\t<div class=\"bg section-bg fill bg-fill  bg-loaded\" >\n\n\t\t\t\n\t\t\t\n\t\t\t\n\n\t\t<\/div>\n\n\t\t\n\n\t\t<div class=\"section-content relative\">\n\t\t\t\n\n\t<div id=\"gap-1573177177\" class=\"gap-element clearfix\" style=\"display:block; height:auto;\">\n\t\t\n<style>\n#gap-1573177177 {\n  padding-top: 30px;\n}\n<\/style>\n\t<\/div>\n\t\n\n<div class=\"row row-small align-middle\"  id=\"row-511532933\">\n\n\n\t<div id=\"col-1326015721\" class=\"col medium-12 small-12 large-11\"  >\n\t\t\t\t<div class=\"col-inner\"  >\n\t\t\t\n\t\t\t\n\n<p><b>TERMOS E CONDI\u00c7\u00d5ES GERAIS<\/b><b><br \/><\/b><b><br \/><\/b>Estes termos e condi\u00e7\u00f5es regem a utiliza\u00e7\u00e3o deste s\u00edtio. <i>efleawatch.com<\/i>.<br \/><br \/><\/p>\n<p>Este s\u00edtio \u00e9 propriedade e gerido pela International OLT inc. <br \/>Ao utilizar este s\u00edtio, o utilizador indica que leu e compreendeu as condi\u00e7\u00f5es de utiliza\u00e7\u00e3o e que concorda em respeit\u00e1-las a todo o momento.<br \/><br \/><b>Propriedade intelectual<\/b><b><br \/><\/b><b><br \/><\/b>Todos os conte\u00fados publicados e disponibilizados neste s\u00edtio s\u00e3o propriedade da International OLT inc. e dos seus criadores. Isto inclui, mas n\u00e3o se limita a, imagens, textos, log\u00f3tipos, documentos, ficheiros descarreg\u00e1veis e tudo o que contribui para a composi\u00e7\u00e3o deste s\u00edtio.<\/p>\n<p><b>Restri\u00e7\u00f5es de idade<\/b><b><br \/><\/b><b><br \/><\/b>A idade m\u00ednima para utilizar este s\u00edtio \u00e9 18 anos. Os utilizadores concordam que, ao utilizarem o nosso s\u00edtio, t\u00eam mais de 18 anos de idade. N\u00e3o aceitamos qualquer responsabilidade legal por falsas declara\u00e7\u00f5es de idade.<\/p>\n<p><b>Contas<\/b><b><br \/><\/b><b><br \/><\/b>Ao criar uma conta no nosso s\u00edtio, o utilizador aceita o seguinte:<\/p>\n<ol>\n<li aria-level=\"1\">o utilizador \u00e9 o \u00fanico respons\u00e1vel pela sua conta e pela seguran\u00e7a e confidencialidade da sua conta, incluindo quaisquer palavras-passe ou informa\u00e7\u00f5es sens\u00edveis associadas \u00e0 mesma, e<\/li>\n<li aria-level=\"1\">que todas as informa\u00e7\u00f5es pessoais que nos fornece atrav\u00e9s da sua conta s\u00e3o actuais, exactas e verdadeiras e que actualizar\u00e1 as suas informa\u00e7\u00f5es pessoais se estas forem alteradas.<\/li>\n<\/ol>\n<p>Reservamo-nos o direito de suspender ou encerrar a conta do utilizador se este utilizar o nosso s\u00edtio ilegalmente ou violar a pol\u00edtica de utiliza\u00e7\u00e3o aceit\u00e1vel.<\/p>\n<p><b>Limita\u00e7\u00e3o da responsabilidade<\/b><b><br \/><\/b><b><br \/><\/b> A International OLT Inc. ou um dos seus funcion\u00e1rios ser\u00e1 respons\u00e1vel por qualquer problema decorrente deste s\u00edtio. No entanto, a International OLT Inc. e os seus funcion\u00e1rios n\u00e3o ser\u00e3o responsabilizados por quaisquer problemas decorrentes de uma utiliza\u00e7\u00e3o incorrecta deste s\u00edtio.<\/p>\n<p><b>Compensa\u00e7\u00e3o<\/b><b><br \/><\/b><b><br \/><\/b>Enquanto utilizador, o utilizador indemniza a International OLT Inc. de e contra toda e qualquer responsabilidade, custos, causas de a\u00e7\u00e3o, danos ou despesas decorrentes da utiliza\u00e7\u00e3o deste s\u00edtio ou da viola\u00e7\u00e3o de qualquer uma das disposi\u00e7\u00f5es aqui estabelecidas.<\/p>\n<p><b>Legisla\u00e7\u00e3o aplic\u00e1vel<\/b><b><br \/><\/b><b><br \/><\/b>Este documento est\u00e1 sujeito \u00e0 legisla\u00e7\u00e3o aplic\u00e1vel do Canad\u00e1 e destina-se a cumprir as regras e regulamentos necess\u00e1rios.<br \/><br \/>Para os residentes na UE, o RGPD \u00e9 a lei aplic\u00e1vel que rege este documento. Em caso de incoer\u00eancia entre uma disposi\u00e7\u00e3o do presente documento e o RGPD, prevalecem as regras do RGPD.<\/p>\n<p><b>Divisibilidade<\/b><b><br \/><\/b><b><br \/><\/b>Se, em qualquer altura, alguma das disposi\u00e7\u00f5es estabelecidas no presente documento for considerada inconsistente ou inv\u00e1lida ao abrigo da legisla\u00e7\u00e3o aplic\u00e1vel, essas disposi\u00e7\u00f5es ser\u00e3o consideradas nulas e sem efeito e ser\u00e3o retiradas do presente documento. Todas as outras disposi\u00e7\u00f5es n\u00e3o ser\u00e3o afectadas por essas leis e o resto do presente documento continuar\u00e1 a ser considerado v\u00e1lido.<\/p>\n<p><b>Altera\u00e7\u00f5es<\/b><b><br \/><\/b><b><br \/><\/b>Estes termos e condi\u00e7\u00f5es podem ser alterados periodicamente para manter a conformidade com a lei e para refletir quaisquer altera\u00e7\u00f5es \u00e0 forma como operamos o nosso s\u00edtio e \u00e0 forma como esperamos que os utilizadores se comportem no nosso s\u00edtio. Recomendamos que os nossos utilizadores consultem periodicamente estes termos e condi\u00e7\u00f5es para se certificarem de que t\u00eam conhecimento de quaisquer actualiza\u00e7\u00f5es. Se necess\u00e1rio, notificaremos os utilizadores por correio eletr\u00f3nico das altera\u00e7\u00f5es a estes termos e condi\u00e7\u00f5es ou colocaremos um aviso no nosso s\u00edtio.<\/p>\n<p><b>Contacto<\/b><b><br \/><\/b><b><br \/><\/b>Contacte-nos se tiver alguma d\u00favida ou preocupa\u00e7\u00e3o. Os nossos dados de contacto s\u00e3o os seguintes<\/p>\n<p><br \/><br \/><\/p>\n\n\t\t<\/div>\n\t\t\t\t\n<style>\n#col-1326015721 > .col-inner {\n  padding: 0px 0px 0px 0;\n}\n@media (min-width:850px) {\n  #col-1326015721 > .col-inner {\n    padding: 0px 0px 0px 10%;\n  }\n}\n<\/style>\n\t<\/div>\n\n\t\n\n<\/div>\n\n\t\t<\/div>\n\n\t\t\n<style>\n#section_556532462 {\n  padding-top: 30px;\n  padding-bottom: 30px;\n}\n<\/style>\n\t<\/section>","protected":false},"excerpt":{"rendered":"","protected":false},"author":1,"featured_media":0,"parent":0,"menu_order":0,"comment_status":"closed","ping_status":"closed","template":"page-blank.php","meta":{"footnotes":""},"class_list":["post-9583","page","type-page","status-publish","hentry"],"_links":{"self":[{"href":"https:\/\/www.efleawatch.com\/pt\/wp-json\/wp\/v2\/pages\/9583","targetHints":{"allow":["GET"]}}],"collection":[{"href":"https:\/\/www.efleawatch.com\/pt\/wp-json\/wp\/v2\/pages"}],"about":[{"href":"https:\/\/www.efleawatch.com\/pt\/wp-json\/wp\/v2\/types\/page"}],"author":[{"embeddable":true,"href":"https:\/\/www.efleawatch.com\/pt\/wp-json\/wp\/v2\/users\/1"}],"replies":[{"embeddable":true,"href":"https:\/\/www.efleawatch.com\/pt\/wp-json\/wp\/v2\/comments?post=9583"}],"version-history":[{"count":0,"href":"https:\/\/www.efleawatch.com\/pt\/wp-json\/wp\/v2\/pages\/9583\/revisions"}],"wp:attachment":[{"href":"https:\/\/www.efleawatch.com\/pt\/wp-json\/wp\/v2\/media?parent=9583"}],"curies":[{"name":"wp","href":"https:\/\/api.w.org\/{rel}","templated":true}]}}