{"id":9589,"date":"2023-06-16T16:12:50","date_gmt":"2023-06-16T16:12:50","guid":{"rendered":"http:\/\/www.efleawatch.com\/?page_id=9589"},"modified":"2023-08-25T10:22:57","modified_gmt":"2023-08-25T10:22:57","slug":"politica-de-privacidade","status":"publish","type":"page","link":"https:\/\/www.efleawatch.com\/pt\/politique-de-confidentialite\/","title":{"rendered":"Pol\u00edtica de privacidade"},"content":{"rendered":"<div id=\"page-header-1561282436\" class=\"page-header-wrapper\">\n  <div class=\"page-title dark featured-title\">\n\n        <div class=\"page-title-bg\">\n      <div class=\"title-bg fill bg-fill\"\n        data-parallax-container=\".page-title\"\n        data-parallax-background\n data-parallax=\"-\">\n      <\/div>\n      <div class=\"title-overlay fill\"><\/div>\n    <\/div>\n    \n    <div class=\"page-title-inner container align-center flex-row medium-flex-wrap\" >\n              <div class=\"title-wrapper flex-col text-left medium-text-center\">\n          <h1 class=\"entry-title mb-0\">\n            Pol\u00edtica de privacidade          <\/h1>\n        <\/div>\n                    <div class=\"title-content flex-col flex-right text-right medium-text-center\">\n        <div class=\"title-breadcrumbs pb-half pt-half\"><nav class=\"woocommerce-breadcrumb breadcrumbs uppercase\" data-no-translation=\"\" data-trp-gettext=\"\">In\u00edcio<\/nav><\/div>      <\/div>\n    <\/div>\n\n     \n<style>\n#page-header-1561282436 .featured-title {\n  background-color: rgb(37, 41, 43);\n}\n<\/style>\n  <\/div>\n    <\/div>\n  \n\n\t<section class=\"section\" id=\"section_2081334823\">\n\t\t<div class=\"bg section-bg fill bg-fill  bg-loaded\" >\n\n\t\t\t\n\t\t\t\n\t\t\t\n\n\t\t<\/div>\n\n\t\t\n\n\t\t<div class=\"section-content relative\">\n\t\t\t\n\n\t<div id=\"gap-1800586621\" class=\"gap-element clearfix\" style=\"display:block; height:auto;\">\n\t\t\n<style>\n#gap-1800586621 {\n  padding-top: 30px;\n}\n<\/style>\n\t<\/div>\n\t\n\n<div class=\"row row-small align-middle\"  id=\"row-1137697826\">\n\n\n\t<div id=\"col-2605354\" class=\"col medium-12 small-12 large-11\"  >\n\t\t\t\t<div class=\"col-inner\"  >\n\t\t\t\n\t\t\t\n\n<p><b>POL\u00cdTICA DE PRIVACIDADE<\/b><b><br \/><\/b><b><br \/><\/b><b><br \/><\/b><b>efleawatch.com<\/b><b><br \/><\/b>OLT International inc<\/p>\n<p>Tipo de s\u00edtio: com\u00e9rcio eletr\u00f3nico<\/p>\n<p><b>O objetivo da presente pol\u00edtica de privacidade <\/b><b><br \/><\/b><b><br \/><\/b>O objetivo da presente pol\u00edtica de privacidade \u00e9 informar os utilizadores do nosso s\u00edtio sobre os dados pessoais que recolhemos e as seguintes informa\u00e7\u00f5es, quando aplic\u00e1veis:<\/p>\n<ol>\n<li aria-level=\"1\">Os dados pessoais que recolhemos<\/li>\n<li aria-level=\"1\">Utiliza\u00e7\u00e3o dos dados recolhidos<\/li>\n<li aria-level=\"1\">Quem tem acesso aos dados recolhidos<\/li>\n<li aria-level=\"1\">Direitos dos utilizadores do s\u00edtio<\/li>\n<li aria-level=\"1\">Pol\u00edtica de cookies do s\u00edtio<\/li>\n<\/ol>\n<p>Esta pol\u00edtica de confidencialidade funciona em paralelo com as condi\u00e7\u00f5es gerais de utiliza\u00e7\u00e3o do nosso s\u00edtio.<\/p>\n<p><b>Legisla\u00e7\u00e3o aplic\u00e1vel<\/b><\/p>\n<p>Esta pol\u00edtica est\u00e1 em conformidade com as leis estabelecidas no <i>lei sobre a prote\u00e7\u00e3o das informa\u00e7\u00f5es pessoais e dos documentos electr\u00f3nicos<\/i> (PIPEDA).<\/p>\n<p>Para os residentes dos pa\u00edses da UE, o <i>Regulamento Geral sobre a Prote\u00e7\u00e3o de Dados<\/i> (RGDP) rege todas as pol\u00edticas de prote\u00e7\u00e3o de dados, independentemente do local onde o site est\u00e1 localizado. Esta Pol\u00edtica de Privacidade destina-se a cumprir o RGPD. Se houver alguma inconsist\u00eancia entre esta pol\u00edtica e o RGPD, aplicar-se-\u00e1 o RGPD.<\/p>\n<p>Para os residentes do Estado da Calif\u00f3rnia, esta pol\u00edtica de privacidade destina-se a cumprir a <i>Lei da privacidade do consumidor da Calif\u00f3rnia (CCPA)<\/i>. Se houver alguma incoer\u00eancia entre este documento e o <i>CCPA<\/i>, aplicar-se-\u00e1 a lei estatal. Se encontrarmos quaisquer inconsist\u00eancias, alteraremos a nossa pol\u00edtica para cumprir a lei relevante.<\/p>\n<p><b>Consentimento<\/b><b><br \/><\/b><b><br \/><\/b>Os utilizadores concordam que, ao utilizarem o nosso s\u00edtio, consentem em :<\/p>\n<ol>\n<li aria-level=\"1\">as condi\u00e7\u00f5es definidas na presente pol\u00edtica de prote\u00e7\u00e3o da privacidade, e<\/li>\n<li aria-level=\"1\">a recolha, utiliza\u00e7\u00e3o e conserva\u00e7\u00e3o dos dados enumerados na presente pol\u00edtica.<\/li>\n<\/ol>\n<p><b>Dados pessoais que recolhemos<\/b><\/p>\n<p><b>Dados recolhidos automaticamente<\/b><\/p>\n<p>Quando visita e utiliza o nosso s\u00edtio, podemos recolher e armazenar automaticamente as seguintes informa\u00e7\u00f5es:<\/p>\n<ol>\n<li aria-level=\"1\">Endere\u00e7o IP<\/li>\n<li aria-level=\"1\">Localiza\u00e7\u00e3o<\/li>\n<\/ol>\n<p><b>Dados recolhidos de forma n\u00e3o autom\u00e1tica<\/b><\/p>\n<p>N\u00e3o recolhemos quaisquer dados adicionais quando o utilizador executa determinadas fun\u00e7\u00f5es no nosso s\u00edtio.<\/p>\n<p>Tenha em aten\u00e7\u00e3o que apenas recolhemos dados que nos ajudem a atingir o objetivo definido na presente pol\u00edtica de privacidade. N\u00e3o recolheremos quaisquer dados adicionais sem o informar previamente.<\/p>\n<p><b>Como utilizamos os dados pessoais<\/b><b><br \/><\/b><b><br \/><\/b>Os dados pessoais recolhidos no nosso s\u00edtio s\u00f3 ser\u00e3o utilizados para os fins especificados na presente pol\u00edtica ou conforme indicado nas p\u00e1ginas relevantes do nosso s\u00edtio. N\u00e3o utilizaremos os dados do utilizador para al\u00e9m do que foi divulgado.<\/p>\n<p>Os dados que recolhemos automaticamente s\u00e3o utilizados para os seguintes fins:<\/p>\n<ol>\n<li aria-level=\"1\">__________<\/li>\n<\/ol>\n<p><b>Com quem partilhamos os dados pessoais<\/b><\/p>\n<p><b>Empregados<\/b><b><br \/><\/b>Podemos divulgar a qualquer membro da nossa organiza\u00e7\u00e3o os dados do utilizador que razoavelmente necessitem para cumprir os objectivos definidos na presente pol\u00edtica.<\/p>\n<p><b>Terceiros<\/b><b><br \/><\/b>Podemos partilhar os dados do utilizador com os seguintes terceiros:<\/p>\n<p>Podemos partilhar os dados do utilizador com terceiros para os seguintes fins:<\/p>\n<p>Os terceiros n\u00e3o poder\u00e3o aceder aos dados dos utilizadores para al\u00e9m do que \u00e9 razoavelmente necess\u00e1rio para atingir o objetivo em quest\u00e3o.<\/p>\n<p><b>Outras divulga\u00e7\u00f5es<\/b><b><br \/><\/b>Comprometemo-nos a n\u00e3o vender ou partilhar os seus dados com terceiros, exceto nos seguintes casos:<\/p>\n<ol>\n<li aria-level=\"1\">se exigido por lei<\/li>\n<li aria-level=\"1\">se necess\u00e1rio para qualquer a\u00e7\u00e3o judicial<\/li>\n<li aria-level=\"1\">para provar ou proteger os nossos direitos legais<\/li>\n<li aria-level=\"1\">aos compradores ou potenciais compradores desta empresa no caso de tentarmos vender a empresa<\/li>\n<\/ol>\n<p>Se seguir hiperliga\u00e7\u00f5es do nosso site para outro site, tenha em aten\u00e7\u00e3o que n\u00e3o somos respons\u00e1veis nem temos qualquer controlo sobre as pol\u00edticas e pr\u00e1ticas de privacidade desse site.<\/p>\n<p><b>Durante quanto tempo conservamos os dados pessoais<\/b><b><br \/><\/b><b><br \/><\/b>N\u00e3o conservamos os dados do utilizador para al\u00e9m do necess\u00e1rio para atingir os objectivos para os quais foram recolhidos.<\/p>\n<p><b>Como protegemos os seus dados pessoais<\/b><b><br \/><\/b><b><br \/><\/b>Para proteger a sua seguran\u00e7a, utilizamos o protocolo de seguran\u00e7a da camada de transporte para transmitir informa\u00e7\u00f5es pessoais no nosso sistema.<\/p>\n<p>Todos os dados armazenados no nosso sistema est\u00e3o bem protegidos e s\u00f3 s\u00e3o acess\u00edveis aos nossos funcion\u00e1rios. Os nossos funcion\u00e1rios est\u00e3o vinculados por acordos de confidencialidade rigorosos e uma viola\u00e7\u00e3o deste acordo resultaria no despedimento do funcion\u00e1rio.<\/p>\n<p>Embora tomemos todas as precau\u00e7\u00f5es razo\u00e1veis para garantir que os dados dos nossos utilizadores est\u00e3o seguros e que os utilizadores est\u00e3o protegidos, existe sempre um risco de danos. A Internet como um todo pode, por vezes, ser insegura e, por isso, n\u00e3o podemos garantir a seguran\u00e7a dos dados do utilizador para al\u00e9m do que \u00e9 razoavelmente pr\u00e1tico.<\/p>\n<p><b>Transfer\u00eancias internacionais de dados<\/b><\/p>\n<p>Os dados do utilizador podem ser consultados, tratados ou recolhidos nos seguintes pa\u00edses:<\/p>\n<p>Europa<br \/>\u00c1frica<br \/>Am\u00e9rica do Norte<br \/>\u00c1sia<\/p>\n<p><b>Menores<\/b><\/p>\n<p>Para os residentes na UE, o RGPD especifica que as pessoas com menos de 15 anos s\u00e3o consideradas menores para efeitos de recolha de dados. Os menores devem ter o consentimento de um representante legal para que os seus dados sejam recolhidos, processados e utilizados.<\/p>\n<p><b>Os seus direitos como utilizador<\/b><\/p>\n<p>Enquanto utilizador, tem o direito de aceder a todos os seus dados pessoais que recolhemos. Al\u00e9m disso, tem o direito de atualizar ou corrigir quaisquer dados pessoais na nossa posse, desde que tal seja aceit\u00e1vel nos termos da lei.<\/p>\n<p>O utilizador pode optar por retirar ou alterar o seu consentimento para a recolha e utiliza\u00e7\u00e3o de dados em qualquer altura, desde que seja legalmente aceit\u00e1vel faz\u00ea-lo e que nos tenha informado dentro de um per\u00edodo de tempo razo\u00e1vel.<\/p>\n<p><b>Como modificar, apagar ou contestar os dados recolhidos<\/b><b><br \/><\/b><b><br \/><\/b>Se desejar que as suas informa\u00e7\u00f5es sejam eliminadas ou alteradas de alguma forma, contacte o nosso respons\u00e1vel pela privacidade aqui :<\/p>\n<p>Pierre Bouillon<br \/>211 Brien Blvd. Brien, suite 441 Repentigny, Qu\u00e9bec, Canad\u00e1, J6A 0A4<br \/>pierre@onelifeteam.ca<br \/>(514) 316-7617<\/p>\n<p><b>Pol\u00edtica de cookies<\/b><b><br \/><\/b><b><br \/><\/b>Um cookie \u00e9 um pequeno ficheiro armazenado no disco r\u00edgido de um utilizador pelo s\u00edtio Web. O seu objetivo \u00e9 recolher dados sobre os h\u00e1bitos de navega\u00e7\u00e3o do utilizador.<\/p>\n<p>Utilizamos os seguintes tipos de cookies no nosso s\u00edtio:<\/p>\n<ol>\n<li aria-level=\"1\"><b>Cookies funcionais<\/b><b><br \/><\/b>Utilizamo-las para recordar quaisquer selec\u00e7\u00f5es que fa\u00e7a no nosso site, para que possam ser guardadas para futuras visitas.<\/li>\n<li aria-level=\"1\"><b>Cookies anal\u00edticos<\/b><b><br \/><\/b>Isto permite-nos melhorar a conce\u00e7\u00e3o e a funcionalidade do nosso s\u00edtio, recolhendo dados sobre o conte\u00fado a que o utilizador acede e com o qual interage enquanto utiliza o nosso s\u00edtio.<\/li>\n<\/ol>\n<p>O utilizador pode optar por ser notificado sempre que um cookie \u00e9 enviado. Tamb\u00e9m pode optar por desativar totalmente os cookies no seu navegador da Internet, mas isso pode reduzir a qualidade da sua experi\u00eancia de utilizador.<\/p>\n<p><b>Cookies de terceiros<\/b><b><br \/><\/b><b><br \/><\/b>Podemos utilizar cookies de terceiros no nosso s\u00edtio para os seguintes fins:<\/p>\n<ol>\n<li aria-level=\"1\">__________<\/li>\n<\/ol>\n<p><b>Altera\u00e7\u00f5es<\/b><\/p>\n<p>Esta Pol\u00edtica de Privacidade pode ser alterada periodicamente para manter a conformidade com a lei e para refletir quaisquer altera\u00e7\u00f5es ao nosso processo de recolha de dados. Recomendamos que os nossos utilizadores consultem periodicamente a nossa pol\u00edtica para se certificarem de que t\u00eam conhecimento de quaisquer actualiza\u00e7\u00f5es. Se necess\u00e1rio, poderemos notificar os utilizadores por correio eletr\u00f3nico das altera\u00e7\u00f5es a esta pol\u00edtica.<\/p>\n<p><b>Contacto<\/b><\/p>\n<p>Se tiver alguma d\u00favida, n\u00e3o hesite em contactar-nos atrav\u00e9s dos seguintes contactos:<br \/>(514) 569-4552<br \/>pierre@onelifetam.ca<\/p>\n<p>Endere\u00e7o postal:\u00a0<br \/>1804 Boul. Le Corbusier Suite #273<br \/>Laval, Quebeque, Canad\u00e1 <br \/>H7S 2N3<\/p>\n\n\t\t<\/div>\n\t\t\t\t\n<style>\n#col-2605354 > .col-inner {\n  padding: 0px 0px 0px 0;\n}\n@media (min-width:850px) {\n  #col-2605354 > .col-inner {\n    padding: 0px 0px 0px 10%;\n  }\n}\n<\/style>\n\t<\/div>\n\n\t\n\n<\/div>\n\n\t\t<\/div>\n\n\t\t\n<style>\n#section_2081334823 {\n  padding-top: 30px;\n  padding-bottom: 30px;\n}\n<\/style>\n\t<\/section>","protected":false},"excerpt":{"rendered":"","protected":false},"author":1,"featured_media":0,"parent":0,"menu_order":0,"comment_status":"closed","ping_status":"closed","template":"page-blank.php","meta":{"footnotes":""},"class_list":["post-9589","page","type-page","status-publish","hentry"],"_links":{"self":[{"href":"https:\/\/www.efleawatch.com\/pt\/wp-json\/wp\/v2\/pages\/9589","targetHints":{"allow":["GET"]}}],"collection":[{"href":"https:\/\/www.efleawatch.com\/pt\/wp-json\/wp\/v2\/pages"}],"about":[{"href":"https:\/\/www.efleawatch.com\/pt\/wp-json\/wp\/v2\/types\/page"}],"author":[{"embeddable":true,"href":"https:\/\/www.efleawatch.com\/pt\/wp-json\/wp\/v2\/users\/1"}],"replies":[{"embeddable":true,"href":"https:\/\/www.efleawatch.com\/pt\/wp-json\/wp\/v2\/comments?post=9589"}],"version-history":[{"count":0,"href":"https:\/\/www.efleawatch.com\/pt\/wp-json\/wp\/v2\/pages\/9589\/revisions"}],"wp:attachment":[{"href":"https:\/\/www.efleawatch.com\/pt\/wp-json\/wp\/v2\/media?parent=9589"}],"curies":[{"name":"wp","href":"https:\/\/api.w.org\/{rel}","templated":true}]}}