{"id":10540,"date":"2023-07-14T12:47:23","date_gmt":"2023-07-14T12:47:23","guid":{"rendered":"http:\/\/www.efleawatch.com\/?post_type=product&#038;p=10540"},"modified":"2025-02-22T21:49:02","modified_gmt":"2025-02-22T21:49:02","slug":"subscricao-da-eflea","status":"publish","type":"product","link":"https:\/\/www.efleawatch.com\/pt\/product\/abonnement-eflea\/","title":{"rendered":"Assinatura Eflea"},"content":{"rendered":"","protected":false},"excerpt":{"rendered":"<p>O rel\u00f3gio eflea utiliza a tecnologia 4G ou LTE. Gra\u00e7as a esta fun\u00e7\u00e3o, o seu rel\u00f3gio eflea navega em redes celulares 2G, 3G e 4G para uma melhor cobertura de servi\u00e7o.<\/p>","protected":false},"featured_media":10754,"comment_status":"open","ping_status":"closed","template":"","meta":[],"product_brand":[],"product_cat":[68],"product_tag":[],"class_list":{"0":"post-10540","1":"product","2":"type-product","3":"status-publish","4":"has-post-thumbnail","6":"product_cat-eflea","8":"first","9":"instock","10":"virtual","11":"taxable","12":"purchasable","13":"product-type-simple"},"_links":{"self":[{"href":"https:\/\/www.efleawatch.com\/pt\/wp-json\/wp\/v2\/product\/10540","targetHints":{"allow":["GET"]}}],"collection":[{"href":"https:\/\/www.efleawatch.com\/pt\/wp-json\/wp\/v2\/product"}],"about":[{"href":"https:\/\/www.efleawatch.com\/pt\/wp-json\/wp\/v2\/types\/product"}],"replies":[{"embeddable":true,"href":"https:\/\/www.efleawatch.com\/pt\/wp-json\/wp\/v2\/comments?post=10540"}],"wp:featuredmedia":[{"embeddable":true,"href":"https:\/\/www.efleawatch.com\/pt\/wp-json\/wp\/v2\/media\/10754"}],"wp:attachment":[{"href":"https:\/\/www.efleawatch.com\/pt\/wp-json\/wp\/v2\/media?parent=10540"}],"wp:term":[{"taxonomy":"product_brand","embeddable":true,"href":"https:\/\/www.efleawatch.com\/pt\/wp-json\/wp\/v2\/product_brand?post=10540"},{"taxonomy":"product_cat","embeddable":true,"href":"https:\/\/www.efleawatch.com\/pt\/wp-json\/wp\/v2\/product_cat?post=10540"},{"taxonomy":"product_tag","embeddable":true,"href":"https:\/\/www.efleawatch.com\/pt\/wp-json\/wp\/v2\/product_tag?post=10540"}],"curies":[{"name":"wp","href":"https:\/\/api.w.org\/{rel}","templated":true}]}}