{"id":10780,"date":"2023-08-09T19:32:55","date_gmt":"2023-08-09T19:32:55","guid":{"rendered":"http:\/\/www.efleawatch.com\/?post_type=product&#038;p=10780"},"modified":"2025-11-20T10:44:24","modified_gmt":"2025-11-20T10:44:24","slug":"assistir","status":"publish","type":"product","link":"https:\/\/www.efleawatch.com\/pt\/product\/watch\/","title":{"rendered":"O rel\u00f3gio eflea"},"content":{"rendered":"<p>(Os primeiros dois meses est\u00e3o inclu\u00eddos na compra do rel\u00f3gio)Ferramentas<br \/>\nDespertador<br \/>\nCalculadora<br \/>\nCalend\u00e1rio<br \/>\nM\u00fasica<br \/>\nGravador<br \/>\nCron\u00f3metro<br \/>\nDete\u00e7\u00e3o de estilo de vida sedent\u00e1rio<br \/>\nGoogle Pinying (teclado, escrita \u00e0 m\u00e3o, dicion\u00e1rios e muito mais)<br \/>\nArmazenamento de pastas (\u00e1udio, imagens, v\u00eddeos, documentos PDF e aplica\u00e7\u00f5es Google)<br \/>\nLista telef\u00f3nica<br \/>\nSMS<\/p>","protected":false},"excerpt":{"rendered":"<p><span class=\"subscription-details\">Pre\u00e7o do rel\u00f3gio 245,00$<br \/>\nCom o c\u00f3digo promocional 199,00$<br \/>\n<\/span><\/p>\n<p>A taxa mensal sem c\u00f3digo promocional \u00e9 de 28.00$ por m\u00eas.<br \/>\nCom o C\u00f3digo Promocional 18.00$ por m\u00eas.<br \/>\n(Os primeiros dois meses est\u00e3o inclu\u00eddos na compra do rel\u00f3gio)<\/p>\n<p>&nbsp;<\/p>","protected":false},"featured_media":11285,"comment_status":"open","ping_status":"closed","template":"","meta":[],"product_brand":[],"product_cat":[68],"product_tag":[],"class_list":{"0":"post-10780","1":"product","2":"type-product","3":"status-publish","4":"has-post-thumbnail","6":"product_cat-eflea","8":"first","9":"instock","10":"taxable","11":"shipping-taxable","12":"purchasable","13":"product-type-simple"},"_links":{"self":[{"href":"https:\/\/www.efleawatch.com\/pt\/wp-json\/wp\/v2\/product\/10780","targetHints":{"allow":["GET"]}}],"collection":[{"href":"https:\/\/www.efleawatch.com\/pt\/wp-json\/wp\/v2\/product"}],"about":[{"href":"https:\/\/www.efleawatch.com\/pt\/wp-json\/wp\/v2\/types\/product"}],"replies":[{"embeddable":true,"href":"https:\/\/www.efleawatch.com\/pt\/wp-json\/wp\/v2\/comments?post=10780"}],"wp:featuredmedia":[{"embeddable":true,"href":"https:\/\/www.efleawatch.com\/pt\/wp-json\/wp\/v2\/media\/11285"}],"wp:attachment":[{"href":"https:\/\/www.efleawatch.com\/pt\/wp-json\/wp\/v2\/media?parent=10780"}],"wp:term":[{"taxonomy":"product_brand","embeddable":true,"href":"https:\/\/www.efleawatch.com\/pt\/wp-json\/wp\/v2\/product_brand?post=10780"},{"taxonomy":"product_cat","embeddable":true,"href":"https:\/\/www.efleawatch.com\/pt\/wp-json\/wp\/v2\/product_cat?post=10780"},{"taxonomy":"product_tag","embeddable":true,"href":"https:\/\/www.efleawatch.com\/pt\/wp-json\/wp\/v2\/product_tag?post=10780"}],"curies":[{"name":"wp","href":"https:\/\/api.w.org\/{rel}","templated":true}]}}