{"id":11387,"date":"2024-11-21T14:29:05","date_gmt":"2024-11-21T14:29:05","guid":{"rendered":"https:\/\/www.efleawatch.com\/?post_type=product&#038;p=11387"},"modified":"2024-11-21T14:34:56","modified_gmt":"2024-11-21T14:34:56","slug":"o-relogio-eflea","status":"publish","type":"product","link":"https:\/\/www.efleawatch.com\/pt\/product\/la-montre-eflea\/","title":{"rendered":"O rel\u00f3gio eflea"},"content":{"rendered":"<p>Ferramentas<br \/>\nDespertador<br \/>\nCalculadora<br \/>\nCalend\u00e1rio<br \/>\nM\u00fasica<br \/>\nGravador<br \/>\nCron\u00f3metro<br \/>\nDete\u00e7\u00e3o de estilo de vida sedent\u00e1rio<br \/>\nGoogle Pinying (teclado, escrita \u00e0 m\u00e3o, dicion\u00e1rios e muito mais)<br \/>\nArmazenamento de pastas (\u00e1udio, imagens, v\u00eddeos, documentos PDF e aplica\u00e7\u00f5es Google)<br \/>\nLista telef\u00f3nica<br \/>\nSMS<\/p>","protected":false},"excerpt":{"rendered":"<p><span class=\"subscription-details\">Pre\u00e7o do rel\u00f3gio 245,00$<br \/>\nCom o c\u00f3digo promocional 195,00$<br \/>\n<\/span><\/p>\n<p>A taxa mensal sem c\u00f3digo promocional \u00e9 de 28.00$ por m\u00eas.<br \/>\nCom o C\u00f3digo Promocional 18.00$ por m\u00eas.<br \/>\n<em>(Primeiro m\u00eas inclu\u00eddo na compra do rel\u00f3gio)<\/em><\/p>\n<p>&nbsp;<\/p>","protected":false},"featured_media":11285,"comment_status":"open","ping_status":"closed","template":"","meta":[],"product_brand":[],"product_cat":[68],"product_tag":[],"class_list":{"0":"post-11387","1":"product","2":"type-product","3":"status-publish","4":"has-post-thumbnail","6":"product_cat-eflea","8":"first","9":"instock","10":"sale","11":"taxable","12":"shipping-taxable","13":"purchasable","14":"product-type-simple"},"_links":{"self":[{"href":"https:\/\/www.efleawatch.com\/pt\/wp-json\/wp\/v2\/product\/11387","targetHints":{"allow":["GET"]}}],"collection":[{"href":"https:\/\/www.efleawatch.com\/pt\/wp-json\/wp\/v2\/product"}],"about":[{"href":"https:\/\/www.efleawatch.com\/pt\/wp-json\/wp\/v2\/types\/product"}],"replies":[{"embeddable":true,"href":"https:\/\/www.efleawatch.com\/pt\/wp-json\/wp\/v2\/comments?post=11387"}],"wp:featuredmedia":[{"embeddable":true,"href":"https:\/\/www.efleawatch.com\/pt\/wp-json\/wp\/v2\/media\/11285"}],"wp:attachment":[{"href":"https:\/\/www.efleawatch.com\/pt\/wp-json\/wp\/v2\/media?parent=11387"}],"wp:term":[{"taxonomy":"product_brand","embeddable":true,"href":"https:\/\/www.efleawatch.com\/pt\/wp-json\/wp\/v2\/product_brand?post=11387"},{"taxonomy":"product_cat","embeddable":true,"href":"https:\/\/www.efleawatch.com\/pt\/wp-json\/wp\/v2\/product_cat?post=11387"},{"taxonomy":"product_tag","embeddable":true,"href":"https:\/\/www.efleawatch.com\/pt\/wp-json\/wp\/v2\/product_tag?post=11387"}],"curies":[{"name":"wp","href":"https:\/\/api.w.org\/{rel}","templated":true}]}}